{"id":16765,"date":"2021-07-16T14:34:41","date_gmt":"2021-07-16T12:34:41","guid":{"rendered":"https:\/\/www.studiolongboard.com\/?post_type=product&#038;p=16765"},"modified":"2026-04-14T18:17:59","modified_gmt":"2026-04-14T16:17:59","slug":"orangatang-in-heat-wheels","status":"publish","type":"product","link":"https:\/\/www.studiolongboard.com\/fr\/shop\/longboards\/longboard-wheels\/orangatang-in-heat-wheels\/","title":{"rendered":"Orangatang In Heat Wheels"},"content":{"rendered":"<h2>Orangatang In Heat Wheels<\/h2>\n<p>Orangatang In Heat Wheels sind ideal zum Carven und Pumpen. Aufgrund der hohen Haftung auf f\u00fcr hohe Geschwindigkeiten sehr gut geeignet.<br \/>\nDer Kern sitzt offset und das Rollen Design erm\u00f6glicht es, die volle Energie der Rolle zu nutzen.<\/p>\n<p>Durchmesser: 75mm<br \/>\nBreite: 56mm<br \/>\nContact Patch: 56mm<br \/>\nH\u00e4rten: 77a, 80a, 83a, 86a<br \/>\nLagersitz: Offset<br \/>\nFormula: Happy Thane<br \/>\nKern: high-strength, high-stiffness, heat-resistant urethane<br \/>\nGewicht (1 Rolle): 7.8 oz \/ 220 g<\/p>\n<p>Verkauf im 4er Set.<\/p>","protected":false},"excerpt":{"rendered":"<p>Orangatang In Heat Wheels Orangatang In Heat Wheels sind ideal zum Carven und Pumpen. Aufgrund der hohen Haftung auf f\u00fcr hohe Geschwindigkeiten sehr gut geeignet. Der Kern sitzt offset und das Rollen Design erm\u00f6glicht es, die volle Energie der Rolle zu nutzen. Durchmesser: 75mm Breite: 56mm Contact Patch: 56mm H\u00e4rten: 77a, 80a, 83a, 86a Lagersitz: [&#8230;]\n","protected":false},"featured_media":16766,"comment_status":"closed","ping_status":"closed","template":"","meta":{"jetpack_post_was_ever_published":false,"jetpack_publicize_message":"","jetpack_publicize_feature_enabled":true,"jetpack_social_post_already_shared":true,"jetpack_social_options":{"image_generator_settings":{"template":"highway","default_image_id":0,"font":"","enabled":false},"version":2}},"product_brand":[9348],"product_cat":[317],"product_tag":[328,333,341,8574,8575],"class_list":{"0":"post-16765","1":"product","2":"type-product","3":"status-publish","4":"has-post-thumbnail","6":"product_brand-orangatnag","7":"product_cat-longboard-wheels","8":"product_tag-freeride","9":"product_tag-carving","10":"product_tag-carven","11":"product_tag-pumping","12":"product_tag-pumpen","13":"product_shipping_class-paket","15":"first","16":"onbackorder","17":"taxable","18":"shipping-taxable","19":"purchasable","20":"product-type-variable","21":"has-default-attributes"},"composite_virtual":false,"composite_layout":"","composite_add_to_cart_form_location":"","composite_editable_in_cart":false,"composite_sold_individually_context":"","composite_shop_price_calc":"","composite_components":[],"composite_scenarios":[],"booking_location":null,"booking_location_type":null,"booking_duration":null,"booking_duration_unit":null,"booking_buffer":null,"booking_cost":null,"booking_resources":null,"jetpack_publicize_connections":[],"jetpack_sharing_enabled":true,"_links":{"self":[{"href":"https:\/\/www.studiolongboard.com\/fr\/wp-json\/wp\/v2\/product\/16765","targetHints":{"allow":["GET"]}}],"collection":[{"href":"https:\/\/www.studiolongboard.com\/fr\/wp-json\/wp\/v2\/product"}],"about":[{"href":"https:\/\/www.studiolongboard.com\/fr\/wp-json\/wp\/v2\/types\/product"}],"replies":[{"embeddable":true,"href":"https:\/\/www.studiolongboard.com\/fr\/wp-json\/wp\/v2\/comments?post=16765"}],"wp:featuredmedia":[{"embeddable":true,"href":"https:\/\/www.studiolongboard.com\/fr\/wp-json\/wp\/v2\/media\/16766"}],"wp:attachment":[{"href":"https:\/\/www.studiolongboard.com\/fr\/wp-json\/wp\/v2\/media?parent=16765"}],"wp:term":[{"taxonomy":"product_brand","embeddable":true,"href":"https:\/\/www.studiolongboard.com\/fr\/wp-json\/wp\/v2\/product_brand?post=16765"},{"taxonomy":"product_cat","embeddable":true,"href":"https:\/\/www.studiolongboard.com\/fr\/wp-json\/wp\/v2\/product_cat?post=16765"},{"taxonomy":"product_tag","embeddable":true,"href":"https:\/\/www.studiolongboard.com\/fr\/wp-json\/wp\/v2\/product_tag?post=16765"}],"curies":[{"name":"wp","href":"https:\/\/api.w.org\/{rel}","templated":true}]}}