{"id":16548,"date":"2021-07-01T16:45:32","date_gmt":"2021-07-01T14:45:32","guid":{"rendered":"https:\/\/www.studiolongboard.com\/?post_type=product&#038;p=16548"},"modified":"2025-12-31T14:24:31","modified_gmt":"2025-12-31T13:24:31","slug":"btfl-lilou-freestyle-dancer-komplett","status":"publish","type":"product","link":"https:\/\/www.studiolongboard.com\/fr\/shop\/longboards\/komplett-longboards\/dance-und-freestyle\/btfl-lilou-freestyle-dancer-komplett\/","title":{"rendered":"BTFL LILOU &#8211; Freestyle Dancer komplett"},"content":{"rendered":"<h2>BTFL LILOU &#8211; Freestyle Dancer komplett<\/h2>\n<p>Lilou ist Dancer, Cruiser und Freestyleboard in einem. Mit einer Gesamtl\u00e4nge von 99cm bietet das Deck gen\u00fcgend Platz f\u00fcr ein paar smoothe Dancing Steps. Um das Dancen so leicht wie m\u00f6glich zu machen, ist das Board in der Mitte nicht mit Griptape versehen. Dank der gro\u00dfz\u00fcgigen Kicks lassen sich mit Lilou au\u00dferdem allerhand Freestyletricks machen \u2013 egal ob Manual, Shoveit, No Comply, usw. Die Deckbreite von 23 cm sowie das leichte Concave sorgen f\u00fcr einen stabilen Stand, egal ob beim Cruisen, Dancen oder Tricksen. Die schmale Wheelbase sorgt f\u00fcr ein agiles Lenkverhalten, weshalb sich Lilou auch wunderbar f\u00fcr die Stadt eignet. Das Deck bietet zwei Wheelbaseoptionen, um eine individuelle Anpassung der Kicks zu erm\u00f6glichen. Die Konstruktion ist eine Kombination aus Bambus, kanadischem Ahorn und Fiberglas. Das Deck ist dadurch im Verh\u00e4ltnis etwas schwerer und stiffer, aber auch wesentlich belastbarer als andere BTFL Boards in derselben Gr\u00f6\u00dfe. Aufgrund der hohen Belastbarkeit kann das Board mit einem deutlich h\u00f6heren FahrerInnengewicht genutzt werden. Lilou ist das perfekte Board f\u00fcr alle, die nach einem Allrounder suchen, mit dem es sich sowohl Dancen, Tricksen als auch Cruisen l\u00e4sst.<\/p>\n<p>&nbsp;<\/p>\n<p>Deck Konstruktion: kanadischer Ahorn, Bambus + Fiberglas<br \/>\nDeck Gr\u00f6\u00dfe: 23 x 99 cm<br \/>\nRollen Gr\u00f6\u00dfe + H\u00e4rte: 65 x 45 mm, 80A<br \/>\nBushings: 80A<br \/>\nAchsbreite: 180 mm<br \/>\nWheelbase: 60 cm<br \/>\nKugellager: ABEC 9<br \/>\nLevel: Anf\u00e4nger*in + Fortgeschrittene<br \/>\nFlex: hart<\/p>\n<p>&nbsp;<\/p>","protected":false},"excerpt":{"rendered":"<p>Bei Vorbestellung lieferbar innerhalb einer Woche<\/p>","protected":false},"featured_media":16549,"comment_status":"closed","ping_status":"closed","template":"","meta":{"jetpack_post_was_ever_published":false,"jetpack_publicize_message":"","jetpack_publicize_feature_enabled":true,"jetpack_social_post_already_shared":true,"jetpack_social_options":{"image_generator_settings":{"template":"highway","default_image_id":0,"font":"","enabled":false},"version":2}},"product_brand":[],"product_cat":[310,8627],"product_tag":[],"class_list":{"0":"post-16548","1":"product","2":"type-product","3":"status-publish","4":"has-post-thumbnail","6":"product_cat-komplett-longboards","7":"product_cat-dance-und-freestyle","8":"product_shipping_class-paket","10":"first","11":"instock","12":"taxable","13":"shipping-taxable","14":"purchasable","15":"product-type-simple"},"composite_virtual":false,"composite_layout":"","composite_add_to_cart_form_location":"","composite_editable_in_cart":false,"composite_sold_individually_context":"","composite_shop_price_calc":"","composite_components":[],"composite_scenarios":[],"booking_location":null,"booking_location_type":null,"booking_duration":null,"booking_duration_unit":null,"booking_buffer":null,"booking_cost":null,"booking_resources":null,"jetpack_publicize_connections":[],"jetpack_sharing_enabled":true,"_links":{"self":[{"href":"https:\/\/www.studiolongboard.com\/fr\/wp-json\/wp\/v2\/product\/16548","targetHints":{"allow":["GET"]}}],"collection":[{"href":"https:\/\/www.studiolongboard.com\/fr\/wp-json\/wp\/v2\/product"}],"about":[{"href":"https:\/\/www.studiolongboard.com\/fr\/wp-json\/wp\/v2\/types\/product"}],"replies":[{"embeddable":true,"href":"https:\/\/www.studiolongboard.com\/fr\/wp-json\/wp\/v2\/comments?post=16548"}],"wp:featuredmedia":[{"embeddable":true,"href":"https:\/\/www.studiolongboard.com\/fr\/wp-json\/wp\/v2\/media\/16549"}],"wp:attachment":[{"href":"https:\/\/www.studiolongboard.com\/fr\/wp-json\/wp\/v2\/media?parent=16548"}],"wp:term":[{"taxonomy":"product_brand","embeddable":true,"href":"https:\/\/www.studiolongboard.com\/fr\/wp-json\/wp\/v2\/product_brand?post=16548"},{"taxonomy":"product_cat","embeddable":true,"href":"https:\/\/www.studiolongboard.com\/fr\/wp-json\/wp\/v2\/product_cat?post=16548"},{"taxonomy":"product_tag","embeddable":true,"href":"https:\/\/www.studiolongboard.com\/fr\/wp-json\/wp\/v2\/product_tag?post=16548"}],"curies":[{"name":"wp","href":"https:\/\/api.w.org\/{rel}","templated":true}]}}