{"id":16304,"date":"2021-06-14T12:37:45","date_gmt":"2021-06-14T10:37:45","guid":{"rendered":"https:\/\/www.studiolongboard.com\/?post_type=product&#038;p=16304"},"modified":"2026-03-09T19:49:37","modified_gmt":"2026-03-09T18:49:37","slug":"triple-eight-protektoren-set-3-pack-sunset","status":"publish","type":"product","link":"https:\/\/www.studiolongboard.com\/fr\/shop\/protection\/schuetzer\/triple-eight-protektoren-set-3-pack-sunset\/","title":{"rendered":"Triple Eight Protektoren Set 3-Pack Sunset"},"content":{"rendered":"<h2>Triple Eight Protektoren Set 3-Pack Sunset<\/h2>\n<p>Triple Eight Protektoren Set 3-Pack Sunset besteht aus Knie-, Ellenbogen- und Handgelenksch\u00fctzern &#8211; alles komplett in diesem praktischen 3-Pack!<\/p>\n<p>Die Knie- und Ellenbogen-Pads bestehen aus hochwertigen und strapazierf\u00e4higen Materialien, Polsterung aus EVA-Schaum und gro\u00dffl\u00e4chigen Kappen aus Polycarbonat f\u00fcr hohe Schutzwirkung und minimale Bewegungseinschr\u00e4nkung.<\/p>\n<p>Die Handgelenkschoner bieten optimale Unterst\u00fctzung und sicheren Schutz durch ihre robusten High-Density-Schienen und der sto\u00dfabsorbierenden Formgebung.<\/p>\n<p>&nbsp;<\/p>\n<p>Farbe: Sunset<\/p>\n<p>&nbsp;<\/p>","protected":false},"excerpt":{"rendered":"<p>Triple Eight Protektoren Set 3-Pack Sunset Triple Eight Protektoren Set 3-Pack Sunset besteht aus Knie-, Ellenbogen- und Handgelenksch\u00fctzern &#8211; alles komplett in diesem praktischen 3-Pack! Die Knie- und Ellenbogen-Pads bestehen aus hochwertigen und strapazierf\u00e4higen Materialien, Polsterung aus EVA-Schaum und gro\u00dffl\u00e4chigen Kappen aus Polycarbonat f\u00fcr hohe Schutzwirkung und minimale Bewegungseinschr\u00e4nkung. Die Handgelenkschoner bieten optimale Unterst\u00fctzung und [&#8230;]\n","protected":false},"featured_media":16307,"comment_status":"closed","ping_status":"closed","template":"","meta":{"jetpack_post_was_ever_published":false,"jetpack_publicize_message":"","jetpack_publicize_feature_enabled":true,"jetpack_social_post_already_shared":true,"jetpack_social_options":{"image_generator_settings":{"template":"highway","default_image_id":0,"font":"","enabled":false},"version":2}},"product_brand":[9163],"product_cat":[505,528,687],"product_tag":[6895,6896],"class_list":{"0":"post-16304","1":"product","2":"type-product","3":"status-publish","4":"has-post-thumbnail","6":"product_brand-triple-eight","7":"product_cat-protection","8":"product_cat-schuetzer","9":"product_cat-sale","10":"product_tag-knieschoner","11":"product_tag-ellenbogenschoner","12":"product_shipping_class-paket-m","14":"first","15":"instock","16":"taxable","17":"shipping-taxable","18":"purchasable","19":"product-type-variable"},"composite_virtual":false,"composite_layout":"","composite_add_to_cart_form_location":"","composite_editable_in_cart":false,"composite_sold_individually_context":"","composite_shop_price_calc":"","composite_components":[],"composite_scenarios":[],"booking_location":null,"booking_location_type":null,"booking_duration":null,"booking_duration_unit":null,"booking_buffer":null,"booking_cost":null,"booking_resources":null,"jetpack_publicize_connections":[],"jetpack_sharing_enabled":true,"_links":{"self":[{"href":"https:\/\/www.studiolongboard.com\/fr\/wp-json\/wp\/v2\/product\/16304","targetHints":{"allow":["GET"]}}],"collection":[{"href":"https:\/\/www.studiolongboard.com\/fr\/wp-json\/wp\/v2\/product"}],"about":[{"href":"https:\/\/www.studiolongboard.com\/fr\/wp-json\/wp\/v2\/types\/product"}],"replies":[{"embeddable":true,"href":"https:\/\/www.studiolongboard.com\/fr\/wp-json\/wp\/v2\/comments?post=16304"}],"wp:featuredmedia":[{"embeddable":true,"href":"https:\/\/www.studiolongboard.com\/fr\/wp-json\/wp\/v2\/media\/16307"}],"wp:attachment":[{"href":"https:\/\/www.studiolongboard.com\/fr\/wp-json\/wp\/v2\/media?parent=16304"}],"wp:term":[{"taxonomy":"product_brand","embeddable":true,"href":"https:\/\/www.studiolongboard.com\/fr\/wp-json\/wp\/v2\/product_brand?post=16304"},{"taxonomy":"product_cat","embeddable":true,"href":"https:\/\/www.studiolongboard.com\/fr\/wp-json\/wp\/v2\/product_cat?post=16304"},{"taxonomy":"product_tag","embeddable":true,"href":"https:\/\/www.studiolongboard.com\/fr\/wp-json\/wp\/v2\/product_tag?post=16304"}],"curies":[{"name":"wp","href":"https:\/\/api.w.org\/{rel}","templated":true}]}}