{"id":16170,"date":"2021-06-04T13:20:26","date_gmt":"2021-06-04T11:20:26","guid":{"rendered":"https:\/\/www.studiolongboard.com\/?post_type=product&#038;p=16170"},"modified":"2026-03-09T19:31:18","modified_gmt":"2026-03-09T18:31:18","slug":"pantheon-pranayama-brown-complete","status":"publish","type":"product","link":"https:\/\/www.studiolongboard.com\/fr\/shop\/longboards\/komplett-longboards\/einsteiger-longboards\/pantheon-pranayama-brown-complete\/","title":{"rendered":"PANTHEON Pranayama complet"},"content":{"rendered":"<h2>PANTHEON Pranayama complet<\/h2>\n<p>PANTHEON Pranayama complet<\/p>\n<p>La derni\u00e8re Pantheon Pranayama a \u00e9t\u00e9 refaite pour la long\u00e9vit\u00e9, le flex et la fiabilit\u00e9. La planche a maintenant un noyau en \u00e9rable canadien \u00e0 6 plis, entour\u00e9 d'un c\u00f4t\u00e9 de fibre de verre triaxiale. Le tout est recouvert d'un beau placage en noyer.<\/p>\n<p>Conseils d'installation<\/p>\n<p>The Pranayama is truly optimized on 149mm TKP trucks and your choice of any color and durometer (softness) of either the 85mm Seismic Speed Vents OR the <a href=\"https:\/\/www.studiolongboard.com\/fr\/product-2\/orangatang-caguama-85mm-77a-blue\/\">85mm Orangatang Caguama<\/a> , <a href=\"https:\/\/www.studiolongboard.com\/fr\/product-2\/88-wheels-mcfly-86mm-76a-longboard-wheels\/\">McFly&#8217;s<\/a> or <a href=\"https:\/\/www.studiolongboard.com\/fr\/product-2\/pantheon-karma-92mm-74a-wheels\/\">Karmas<\/a><\/p>\n<p>CON\u00c7U AUTOUR DE CAMIONS DE RUE TRADITIONNELS UNIQUEMENT ! Ne faites pas venir les PANTHEON GUYS apr\u00e8s vous pour avoir mis cela en place de mani\u00e8re erron\u00e9e !<\/p>\n<p>Specs<\/p>\n<p>Length: 79.7 cm \/ 31.375&#8243;<br \/>\nWidth: 23.5 cm \/ 9.25&#8243;<br \/>\nWheelbase: 66 cm \/ 23.5&#8243;<br \/>\nConstruction: 6-ply Maple \/ Fiber glass<br \/>\nGripped : Oui<\/p>\n<p>Goutte : 1,3 pouce crescent<br \/>\nProfile: Slight Mustache Camber\/Rocker<\/p>","protected":false},"excerpt":{"rendered":"<p>PANTHEON Pranayama complete PANTHEON Pranayama complete The latest Pantheon Pranayama is reworked for longevity, flex and reliability. The board now has a 6-ply Canadian maple core, encasing either side in triaxial fiberglass. On top of that is a beautiful walnut veneer. Setup Advice The Pranayama is truly optimized on 149mm TKP trucks and your choice [&#8230;]\n","protected":false},"featured_media":16171,"comment_status":"open","ping_status":"closed","template":"","meta":{"jetpack_post_was_ever_published":false,"jetpack_publicize_message":"","jetpack_publicize_feature_enabled":true,"jetpack_social_post_already_shared":true,"jetpack_social_options":{"image_generator_settings":{"template":"highway","default_image_id":0,"font":"","enabled":false},"version":2}},"product_brand":[9129],"product_cat":[8642,9127,310],"product_tag":[367,5223],"class_list":{"0":"post-16170","1":"product","2":"type-product","3":"status-publish","4":"has-post-thumbnail","6":"product_brand-pantheon","7":"product_cat-einsteiger-longboards","8":"product_cat-ldp-completes","9":"product_cat-komplett-longboards","10":"product_tag-double-drop","11":"product_tag-ldp","12":"product_shipping_class-paket","14":"first","15":"instock","16":"sale","17":"taxable","18":"shipping-taxable","19":"purchasable","20":"product-type-composite"},"composite_virtual":false,"composite_layout":"progressive","composite_add_to_cart_form_location":"default","composite_editable_in_cart":false,"composite_sold_individually_context":"product","composite_shop_price_calc":"defaults","composite_components":[{"id":"1686321444","title":"Pont","description":"","query_type":"product_ids","query_ids":[62663,24153,8140,30118],"default_option_id":8140,"thumbnail_id":"","thumbnail_src":"","quantity_min":1,"quantity_max":1,"priced_individually":true,"shipped_individually":false,"optional":false,"discount":3,"options_style":"dropdowns","pagination_style":"classic","display_prices":"absolute","show_sorting_options":false,"show_filtering_options":false,"attribute_filter_ids":[],"select_action":"view","product_title_visible":true,"product_descr_visible":true,"product_price_visible":true,"product_thumb_visible":true,"subtotal_visible_product":true,"subtotal_visible_cart":true,"subtotal_visible_orders":true},{"id":"1636550139","title":"Trucks \/ Achsen","description":"<p>only TKP trucks<\/p>","query_type":"product_ids","query_ids":[29813,17382,27737,8149,13078],"default_option_id":29813,"thumbnail_id":29814,"thumbnail_src":"https:\/\/www.studiolongboard.com\/wp-content\/uploads\/2024\/05\/pantheon-stylus-149mm-tkp-longboard-truck.jpeg","quantity_min":2,"quantity_max":2,"priced_individually":true,"shipped_individually":false,"optional":false,"discount":3,"options_style":"dropdowns","pagination_style":"classic","display_prices":"absolute","show_sorting_options":false,"show_filtering_options":false,"attribute_filter_ids":[],"select_action":"view","product_title_visible":true,"product_descr_visible":true,"product_price_visible":true,"product_thumb_visible":true,"subtotal_visible_product":true,"subtotal_visible_cart":true,"subtotal_visible_orders":true},{"id":"1636550140","title":"Wheels \/ Rollen","description":"","query_type":"product_ids","query_ids":[18744,25657,22974,6667,9004,8997,7238,7244,7248,9788,12145,14858,16957,18741,62529,62534],"default_option_id":12145,"thumbnail_id":"","thumbnail_src":"","quantity_min":1,"quantity_max":1,"priced_individually":true,"shipped_individually":false,"optional":false,"discount":3,"options_style":"dropdowns","pagination_style":"classic","display_prices":"absolute","show_sorting_options":false,"show_filtering_options":false,"attribute_filter_ids":[],"select_action":"view","product_title_visible":true,"product_descr_visible":true,"product_price_visible":true,"product_thumb_visible":true,"subtotal_visible_product":true,"subtotal_visible_cart":true,"subtotal_visible_orders":true},{"id":"1636550141","title":"Bearings \/ Kugellager","description":"","query_type":"product_ids","query_ids":[11957,6792,6044,15162,8047],"default_option_id":6792,"thumbnail_id":"","thumbnail_src":"","quantity_min":1,"quantity_max":1,"priced_individually":true,"shipped_individually":false,"optional":false,"discount":3,"options_style":"dropdowns","pagination_style":"classic","display_prices":"absolute","show_sorting_options":false,"show_filtering_options":false,"attribute_filter_ids":[],"select_action":"view","product_title_visible":true,"product_descr_visible":true,"product_price_visible":true,"product_thumb_visible":true,"subtotal_visible_product":true,"subtotal_visible_cart":true,"subtotal_visible_orders":true}],"composite_scenarios":[],"booking_location":null,"booking_location_type":null,"booking_duration":null,"booking_duration_unit":null,"booking_buffer":null,"booking_cost":null,"booking_resources":null,"jetpack_publicize_connections":[],"jetpack_sharing_enabled":true,"_links":{"self":[{"href":"https:\/\/www.studiolongboard.com\/fr\/wp-json\/wp\/v2\/product\/16170","targetHints":{"allow":["GET"]}}],"collection":[{"href":"https:\/\/www.studiolongboard.com\/fr\/wp-json\/wp\/v2\/product"}],"about":[{"href":"https:\/\/www.studiolongboard.com\/fr\/wp-json\/wp\/v2\/types\/product"}],"replies":[{"embeddable":true,"href":"https:\/\/www.studiolongboard.com\/fr\/wp-json\/wp\/v2\/comments?post=16170"}],"wp:featuredmedia":[{"embeddable":true,"href":"https:\/\/www.studiolongboard.com\/fr\/wp-json\/wp\/v2\/media\/16171"}],"wp:attachment":[{"href":"https:\/\/www.studiolongboard.com\/fr\/wp-json\/wp\/v2\/media?parent=16170"}],"wp:term":[{"taxonomy":"product_brand","embeddable":true,"href":"https:\/\/www.studiolongboard.com\/fr\/wp-json\/wp\/v2\/product_brand?post=16170"},{"taxonomy":"product_cat","embeddable":true,"href":"https:\/\/www.studiolongboard.com\/fr\/wp-json\/wp\/v2\/product_cat?post=16170"},{"taxonomy":"product_tag","embeddable":true,"href":"https:\/\/www.studiolongboard.com\/fr\/wp-json\/wp\/v2\/product_tag?post=16170"}],"curies":[{"name":"wp","href":"https:\/\/api.w.org\/{rel}","templated":true}]}}