{"id":16158,"date":"2021-06-03T13:15:57","date_gmt":"2021-06-03T11:15:57","guid":{"rendered":"https:\/\/www.studiolongboard.com\/?post_type=product&#038;p=16158"},"modified":"2025-05-31T18:10:11","modified_gmt":"2025-05-31T16:10:11","slug":"btfl-alice-kinderskateboard","status":"publish","type":"product","link":"https:\/\/www.studiolongboard.com\/fr\/shop\/skateboards\/komplett-skateboards\/kinder-skateboards\/btfl-alice-kinderskateboard\/","title":{"rendered":"BTFL Alice Kinderskateboard"},"content":{"rendered":"<h2>BTFL Alice Kinderskateboard<\/h2>\n<p>BTFL Alice Kinderskateboard ist speziell f\u00fcr Kinder konzipiert. Das Deck ist mit einer L\u00e4nge von 71 cm und einer Breite von 19 cm k\u00fcrzer und schmaler als herk\u00f6mmliche Skateboards. Die Lenkgummies haben eine H\u00e4rte von 78A, weshalb Kurven ohne gro\u00dfe Anstrengung gefahren werden k\u00f6nnen. Hier sind alle Komponenten bestens aufeinander abgestimmt, sodass sofortigem Skatespa\u00df nichts im Wege steht. Die BTFL Kinderskateboards sind ideal f\u00fcr Kinder zwischen 6 und 10 Jahren geeignet.<\/p>\n<p>Abmessungen &#8222;19 x 71 cm \/ 7.5&#8243;&#8220; x 28&#8243;<br \/>\n7 Lagen kanadischer Ahorn \/ 7 layers canadian maple<br \/>\n5&#8243; TKP Achsen 78A<br \/>\n52mm, 100A Rollen<br \/>\nABEC 9 Kugellager<\/p>","protected":false},"excerpt":{"rendered":"<p>BTFL Alice Kinderskateboard BTFL Alice Kinderskateboard ist speziell f\u00fcr Kinder konzipiert. Das Deck ist mit einer L\u00e4nge von 71 cm und einer Breite von 19 cm k\u00fcrzer und schmaler als herk\u00f6mmliche Skateboards. Die Lenkgummies haben eine H\u00e4rte von 78A, weshalb Kurven ohne gro\u00dfe Anstrengung gefahren werden k\u00f6nnen. Hier sind alle Komponenten bestens aufeinander abgestimmt, sodass [&#8230;]\n","protected":false},"featured_media":16159,"comment_status":"closed","ping_status":"closed","template":"","meta":{"jetpack_post_was_ever_published":false,"jetpack_publicize_message":"","jetpack_publicize_feature_enabled":true,"jetpack_social_post_already_shared":true,"jetpack_social_options":{"image_generator_settings":{"template":"highway","default_image_id":0,"font":"","enabled":false},"version":2}},"product_brand":[],"product_cat":[9085,312,319],"product_tag":[8455,3646,3647,4354,340,462,766,8454],"class_list":{"0":"post-16158","1":"product","2":"type-product","3":"status-publish","4":"has-post-thumbnail","6":"product_cat-kinder-skateboards","7":"product_cat-skateboards","8":"product_cat-komplett-skateboards","9":"product_tag-filming","10":"product_tag-kids","11":"product_tag-girls","12":"product_tag-kinderskateboard","13":"product_tag-cruisen","14":"product_tag-cruiser","15":"product_tag-cruiser-wheels","16":"product_tag-filmen","17":"product_shipping_class-paket","19":"first","20":"outofstock","21":"taxable","22":"shipping-taxable","23":"purchasable","24":"product-type-simple"},"composite_virtual":false,"composite_layout":"","composite_add_to_cart_form_location":"","composite_editable_in_cart":false,"composite_sold_individually_context":"","composite_shop_price_calc":"","composite_components":[],"composite_scenarios":[],"booking_location":null,"booking_location_type":null,"booking_duration":null,"booking_duration_unit":null,"booking_buffer":null,"booking_cost":null,"booking_resources":null,"jetpack_publicize_connections":[],"jetpack_sharing_enabled":true,"_links":{"self":[{"href":"https:\/\/www.studiolongboard.com\/fr\/wp-json\/wp\/v2\/product\/16158","targetHints":{"allow":["GET"]}}],"collection":[{"href":"https:\/\/www.studiolongboard.com\/fr\/wp-json\/wp\/v2\/product"}],"about":[{"href":"https:\/\/www.studiolongboard.com\/fr\/wp-json\/wp\/v2\/types\/product"}],"replies":[{"embeddable":true,"href":"https:\/\/www.studiolongboard.com\/fr\/wp-json\/wp\/v2\/comments?post=16158"}],"wp:featuredmedia":[{"embeddable":true,"href":"https:\/\/www.studiolongboard.com\/fr\/wp-json\/wp\/v2\/media\/16159"}],"wp:attachment":[{"href":"https:\/\/www.studiolongboard.com\/fr\/wp-json\/wp\/v2\/media?parent=16158"}],"wp:term":[{"taxonomy":"product_brand","embeddable":true,"href":"https:\/\/www.studiolongboard.com\/fr\/wp-json\/wp\/v2\/product_brand?post=16158"},{"taxonomy":"product_cat","embeddable":true,"href":"https:\/\/www.studiolongboard.com\/fr\/wp-json\/wp\/v2\/product_cat?post=16158"},{"taxonomy":"product_tag","embeddable":true,"href":"https:\/\/www.studiolongboard.com\/fr\/wp-json\/wp\/v2\/product_tag?post=16158"}],"curies":[{"name":"wp","href":"https:\/\/api.w.org\/{rel}","templated":true}]}}