{"id":15724,"date":"2021-05-07T15:53:05","date_gmt":"2021-05-07T13:53:05","guid":{"rendered":"https:\/\/www.studiolongboard.com\/?post_type=product&#038;p=15724"},"modified":"2022-10-14T15:45:52","modified_gmt":"2022-10-14T13:45:52","slug":"independent-109-stage-11-t-hanger","status":"publish","type":"product","link":"https:\/\/www.studiolongboard.com\/fr\/shop\/skateboards\/trucks\/independent-109-stage-11-t-hanger\/","title":{"rendered":"Independent 109 Stage 11 T-Hanger"},"content":{"rendered":"<h2>Independent 109 Stage 11 T-Hanger<\/h2>\n<p>PRODUKTINFOS<br \/>\nMa\u00dfe:<br \/>\nAchsstiftbreite 6.9&#8243;<br \/>\nH\u00e4ngerbreite 109mm<br \/>\nH\u00f6he 55mm<br \/>\nGewicht ca. 315g<\/p>\n<p>H\u00f6he: High<br \/>\nEmpfohlene Deckbreite in Inch: 7.0, 7.25, Unter 7.0<\/p>","protected":false},"excerpt":{"rendered":"<p>Independent 109 Stage 11 T-Hanger PRODUKTINFOS Ma\u00dfe: Achsstiftbreite 6.9&#8243; H\u00e4ngerbreite 109mm H\u00f6he 55mm Gewicht ca. 315g H\u00f6he: High Empfohlene Deckbreite in Inch: 7.0, 7.25, Unter 7.0<\/p>","protected":false},"featured_media":15725,"comment_status":"open","ping_status":"closed","template":"","meta":{"jetpack_post_was_ever_published":false,"jetpack_publicize_message":"","jetpack_publicize_feature_enabled":true,"jetpack_social_post_already_shared":true,"jetpack_social_options":{"image_generator_settings":{"template":"highway","default_image_id":0,"font":"","enabled":false},"version":2}},"product_brand":[],"product_cat":[312,315],"product_tag":[8501,8502],"class_list":{"0":"post-15724","1":"product","2":"type-product","3":"status-publish","4":"has-post-thumbnail","6":"product_cat-skateboards","7":"product_cat-trucks","8":"product_tag-stage-11","9":"product_tag-109mm","10":"product_shipping_class-paket","12":"first","13":"instock","14":"taxable","15":"shipping-taxable","16":"purchasable","17":"product-type-simple"},"composite_virtual":false,"composite_layout":"","composite_add_to_cart_form_location":"","composite_editable_in_cart":false,"composite_sold_individually_context":"","composite_shop_price_calc":"","composite_components":[],"composite_scenarios":[],"booking_location":null,"booking_location_type":null,"booking_duration":null,"booking_duration_unit":null,"booking_buffer":null,"booking_cost":null,"booking_resources":null,"jetpack_publicize_connections":[],"jetpack_sharing_enabled":true,"_links":{"self":[{"href":"https:\/\/www.studiolongboard.com\/fr\/wp-json\/wp\/v2\/product\/15724","targetHints":{"allow":["GET"]}}],"collection":[{"href":"https:\/\/www.studiolongboard.com\/fr\/wp-json\/wp\/v2\/product"}],"about":[{"href":"https:\/\/www.studiolongboard.com\/fr\/wp-json\/wp\/v2\/types\/product"}],"replies":[{"embeddable":true,"href":"https:\/\/www.studiolongboard.com\/fr\/wp-json\/wp\/v2\/comments?post=15724"}],"wp:featuredmedia":[{"embeddable":true,"href":"https:\/\/www.studiolongboard.com\/fr\/wp-json\/wp\/v2\/media\/15725"}],"wp:attachment":[{"href":"https:\/\/www.studiolongboard.com\/fr\/wp-json\/wp\/v2\/media?parent=15724"}],"wp:term":[{"taxonomy":"product_brand","embeddable":true,"href":"https:\/\/www.studiolongboard.com\/fr\/wp-json\/wp\/v2\/product_brand?post=15724"},{"taxonomy":"product_cat","embeddable":true,"href":"https:\/\/www.studiolongboard.com\/fr\/wp-json\/wp\/v2\/product_cat?post=15724"},{"taxonomy":"product_tag","embeddable":true,"href":"https:\/\/www.studiolongboard.com\/fr\/wp-json\/wp\/v2\/product_tag?post=15724"}],"curies":[{"name":"wp","href":"https:\/\/api.w.org\/{rel}","templated":true}]}}