{"id":15665,"date":"2021-05-05T14:46:14","date_gmt":"2021-05-05T12:46:14","guid":{"rendered":"https:\/\/www.studiolongboard.com\/?post_type=product&#038;p=15665"},"modified":"2024-11-27T11:56:27","modified_gmt":"2024-11-27T10:56:27","slug":"mob-griptape-black-10-von-der-rolle","status":"publish","type":"product","link":"https:\/\/www.studiolongboard.com\/fr\/shop\/accessories\/griptape\/mob-griptape-black-10-von-der-rolle\/","title":{"rendered":"MOB Griptape Black 10&#8243; von der Rolle"},"content":{"rendered":"<h2>MOB Griptape Black 10&#8243; von der Rolle<\/h2>\n<p>MOB Griptape Black 10&#8243; von der Rolle. Durch die Breite von 10&#8243; vor alle Skateboards und die meisten Longboards geeignet.<\/p>\n<ul>\n<li>Perforiert, d.h. kleine L\u00f6cher im Griptape: Keine Bubbles\/Luftblasen mehr<\/li>\n<li>L\u00f6st sich nicht bei hoher Hitze oder K\u00e4lte vom Board<\/li>\n<li>Langanhaltender und sehr guter Grip<\/li>\n<li>Nimmt nicht so leicht Schmutz auf wie herk\u00f6mmliche Griptapes<\/li>\n<\/ul>\n<p>&nbsp;<\/p>\n<p>&#8211; Farbe &#8222;Black \/ Schwarz&#8220;<br \/>\n&#8211; Breite: 25,5 cm \/ 10 inch<\/p>\n<p>Einheit: 0,1 m \/ 10cm<\/p>\n<p>F\u00fcr 90 cm L\u00e4nge 9 Einheiten w\u00e4hlen<\/p>","protected":false},"excerpt":{"rendered":"<p>Mengenangabe a 10 cm.<br \/>\nBeispiel: Bei einer gew\u00fcnschten L\u00e4nge von 100 cm bitte 10 Stk. angeben.<\/p>\n<p>Quantity indication a 10 cm.<br \/>\nExample: For a desired length of 100 cm please indicate 10 pcs.<\/p>","protected":false},"featured_media":15666,"comment_status":"open","ping_status":"closed","template":"","meta":{"jetpack_post_was_ever_published":false,"jetpack_publicize_message":"","jetpack_publicize_feature_enabled":true,"jetpack_social_post_already_shared":true,"jetpack_social_options":{"image_generator_settings":{"template":"highway","default_image_id":0,"font":"","enabled":false},"version":2}},"product_brand":[],"product_cat":[320,4609],"product_tag":[3423],"class_list":{"0":"post-15665","1":"product","2":"type-product","3":"status-publish","4":"has-post-thumbnail","6":"product_cat-accessories","7":"product_cat-griptape","8":"product_tag-grip","9":"product_shipping_class-paket","11":"first","12":"outofstock","13":"taxable","14":"shipping-taxable","15":"purchasable","16":"product-type-simple"},"composite_virtual":false,"composite_layout":"","composite_add_to_cart_form_location":"","composite_editable_in_cart":false,"composite_sold_individually_context":"","composite_shop_price_calc":"","composite_components":[],"composite_scenarios":[],"booking_location":null,"booking_location_type":null,"booking_duration":null,"booking_duration_unit":null,"booking_buffer":null,"booking_cost":null,"booking_resources":null,"jetpack_publicize_connections":[],"jetpack_sharing_enabled":true,"_links":{"self":[{"href":"https:\/\/www.studiolongboard.com\/fr\/wp-json\/wp\/v2\/product\/15665","targetHints":{"allow":["GET"]}}],"collection":[{"href":"https:\/\/www.studiolongboard.com\/fr\/wp-json\/wp\/v2\/product"}],"about":[{"href":"https:\/\/www.studiolongboard.com\/fr\/wp-json\/wp\/v2\/types\/product"}],"replies":[{"embeddable":true,"href":"https:\/\/www.studiolongboard.com\/fr\/wp-json\/wp\/v2\/comments?post=15665"}],"wp:featuredmedia":[{"embeddable":true,"href":"https:\/\/www.studiolongboard.com\/fr\/wp-json\/wp\/v2\/media\/15666"}],"wp:attachment":[{"href":"https:\/\/www.studiolongboard.com\/fr\/wp-json\/wp\/v2\/media?parent=15665"}],"wp:term":[{"taxonomy":"product_brand","embeddable":true,"href":"https:\/\/www.studiolongboard.com\/fr\/wp-json\/wp\/v2\/product_brand?post=15665"},{"taxonomy":"product_cat","embeddable":true,"href":"https:\/\/www.studiolongboard.com\/fr\/wp-json\/wp\/v2\/product_cat?post=15665"},{"taxonomy":"product_tag","embeddable":true,"href":"https:\/\/www.studiolongboard.com\/fr\/wp-json\/wp\/v2\/product_tag?post=15665"}],"curies":[{"name":"wp","href":"https:\/\/api.w.org\/{rel}","templated":true}]}}