{"id":15614,"date":"2021-05-04T12:52:57","date_gmt":"2021-05-04T10:52:57","guid":{"rendered":"https:\/\/www.studiolongboard.com\/?post_type=product&#038;p=15614"},"modified":"2025-12-31T14:21:27","modified_gmt":"2025-12-31T13:21:27","slug":"btfl-nora-longboard-dance-deck-2021","status":"publish","type":"product","link":"https:\/\/www.studiolongboard.com\/fr\/shop\/longboards\/longboard-decks\/dance-freestyle-decks\/btfl-nora-longboard-dance-deck-2021\/","title":{"rendered":"BTFL Nora Longboard Dance deck 2021"},"content":{"rendered":"<h2>BTFL Nora Longboard Dance deck 2021<\/h2>\n<p>BTFL Nora Longboard Dance deck 2021 eignet sich perfekt f\u00fcr Anf\u00e4nger im Longboard Dance und Freestyle. Trotz des geringen Preises ist das Board mit Bambus-Stringern und Fiberglas versehen (\u00fcblich in dem Preissegment ist der Verbau von reinem Ahorn). Dadurch ist das Deck stabil, flexibel und langlebig. Sehr geschmackvoller Design. Entwickelt zusammen mit Deborah Keser (u.a. Gewinnerin des <a href=\"https:\/\/www.studiolongboard.com\/fr\/hamburg-longboard-open-2019\/\">Hamburg Longboard Open 2019<\/a>)<\/p>\n<p>Auf beiden Seiten mit Bambus-Stringern versehen erinnert Nora optisch an jene Longboards, wie man sie aus dem Surfen kennt. Um euch eine m\u00f6glichst hohe Bewegungsfreiheit zu garantieren, ist das Deck nur an den Kicks mit Griptape versehen. Aufgrund der L\u00e4nge hast du au\u00dferdem gen\u00fcgend Platz, um Dancing Steps zu praktizieren. Doch auch f\u00fcr Freestyletricks ist Sydney ideal. Ob Manual, Shoveit oder No Comply &#8211; Die Kicks sind gro\u00dfz\u00fcgig lang und haben einen guten Pop. Um eine gute Kombination aus Flex und Gewicht herzustellen, besteht das Board aus Bambus, Ahorn und Fiberglas.<\/p>\n<p>Auf beiden Seiten mit Bambus-Stringern versehen erinnert Sydney optisch an jene Longboards, wie man sie aus dem Surfen kennt. Die Unterseite ziert au\u00dferdem ein wei\u00dfes Mandala. Das eigentlich sehr gro\u00dfe Deck wirkt filigran und l\u00e4dt auf ein graziles T\u00e4nzchen ein. Um euch eine m\u00f6glichst hohe Bewegungsfreiheit zu garantieren, ist das Deck nur an den Kicks mit Griptape versehen. Aufgrund der L\u00e4nge hast du au\u00dferdem gen\u00fcgend Platz, um Dancing Steps zu praktizieren. Doch auch f\u00fcr Freestyletricks ist Sydney ideal. Ob Manual, Shoveit oder No Comply &#8211; Die Kicks sind gro\u00dfz\u00fcgig lang und haben einen guten Pop. Um eine gute Kombination aus Flex und Gewicht herzustellen, besteht das Board aus Bambus, Ahorn und Fiberglas.<\/p>\n<p>Konstruktion: Bambus + Fiberglas<br \/>\nL\u00e4nge: 115cm<br \/>\nBreite: 23cm<br \/>\nWheelbase 77cm<br \/>\nFlex: 1 (hart)<br \/>\nGrip vorhanden<\/p>","protected":false},"excerpt":{"rendered":"<p>Konstruktion: Bambus + Fiberglas<br \/>\nL\u00e4nge: 115cm<br \/>\nBreite: 23cm<br \/>\nFlex: 1,5 (mittel-hart)<br \/>\nGrip vorhanden<\/p>","protected":false},"featured_media":15615,"comment_status":"closed","ping_status":"closed","template":"","meta":{"jetpack_post_was_ever_published":false,"jetpack_publicize_message":"","jetpack_publicize_feature_enabled":true,"jetpack_social_post_already_shared":true,"jetpack_social_options":{"image_generator_settings":{"template":"highway","default_image_id":0,"font":"","enabled":false},"version":2}},"product_brand":[9121],"product_cat":[8789,313],"product_tag":[373,8158,342,8240,344,8265],"class_list":{"0":"post-15614","1":"product","2":"type-product","3":"status-publish","4":"has-post-thumbnail","6":"product_brand-btfl","7":"product_cat-dance-freestyle-decks","8":"product_cat-longboard-decks","9":"product_tag-dancer","10":"product_tag-dance","11":"product_tag-freeestyle","12":"product_tag-budget-longboard","13":"product_tag-dancen","14":"product_tag-longboard-deck","15":"product_shipping_class-paket","17":"first","18":"instock","19":"taxable","20":"shipping-taxable","21":"purchasable","22":"product-type-simple"},"composite_virtual":false,"composite_layout":"","composite_add_to_cart_form_location":"","composite_editable_in_cart":false,"composite_sold_individually_context":"","composite_shop_price_calc":"","composite_components":[],"composite_scenarios":[],"booking_location":null,"booking_location_type":null,"booking_duration":null,"booking_duration_unit":null,"booking_buffer":null,"booking_cost":null,"booking_resources":null,"jetpack_publicize_connections":[],"jetpack_sharing_enabled":true,"_links":{"self":[{"href":"https:\/\/www.studiolongboard.com\/fr\/wp-json\/wp\/v2\/product\/15614","targetHints":{"allow":["GET"]}}],"collection":[{"href":"https:\/\/www.studiolongboard.com\/fr\/wp-json\/wp\/v2\/product"}],"about":[{"href":"https:\/\/www.studiolongboard.com\/fr\/wp-json\/wp\/v2\/types\/product"}],"replies":[{"embeddable":true,"href":"https:\/\/www.studiolongboard.com\/fr\/wp-json\/wp\/v2\/comments?post=15614"}],"wp:featuredmedia":[{"embeddable":true,"href":"https:\/\/www.studiolongboard.com\/fr\/wp-json\/wp\/v2\/media\/15615"}],"wp:attachment":[{"href":"https:\/\/www.studiolongboard.com\/fr\/wp-json\/wp\/v2\/media?parent=15614"}],"wp:term":[{"taxonomy":"product_brand","embeddable":true,"href":"https:\/\/www.studiolongboard.com\/fr\/wp-json\/wp\/v2\/product_brand?post=15614"},{"taxonomy":"product_cat","embeddable":true,"href":"https:\/\/www.studiolongboard.com\/fr\/wp-json\/wp\/v2\/product_cat?post=15614"},{"taxonomy":"product_tag","embeddable":true,"href":"https:\/\/www.studiolongboard.com\/fr\/wp-json\/wp\/v2\/product_tag?post=15614"}],"curies":[{"name":"wp","href":"https:\/\/api.w.org\/{rel}","templated":true}]}}