{"id":15555,"date":"2021-04-30T19:20:43","date_gmt":"2021-04-30T17:20:43","guid":{"rendered":"https:\/\/www.studiolongboard.com\/?post_type=product&#038;p=15555"},"modified":"2025-12-31T14:21:41","modified_gmt":"2025-12-31T13:21:41","slug":"loaded-coyote-hola-lou-tkp-complete","status":"publish","type":"product","link":"https:\/\/www.studiolongboard.com\/fr\/shop\/skateboards\/komplett-skateboards\/loaded-coyote-hola-lou-tkp-complete\/","title":{"rendered":"Loaded Coyote Hola Lou TKP complete"},"content":{"rendered":"<h2>Loaded Coyote Hola Lou TKP complete<\/h2>\n<p>Loaded Coyote Hola Lou TKP complete with Paris street trucks and Orangatang 65mm Fat Free 80a orange.<br \/>\nPerfekte Kombination f\u00fcrs Cruisen. Auch bestens f\u00fcr Ollies, Skateparks und sonstige Tricks geeignet.<br \/>\nDank der schmalen Achsen und der Offset gelagerten Fat Free Rollen erh\u00e4lt man das perfekte Fahrgef\u00fchl.<\/p>\n<p>L\u00e4nge: 30.75&#8243;<br \/>\nBreite: 8.375&#8243;<br \/>\nWheelbase: 17.5&#8243;<br \/>\nAufbau: custom 7-Lagen Ahorn mit dickeren Querfurnieren f\u00fcr eine optimale Steifigkeit des Decks.<\/p>\n<p>Basierend auf der gro\u00dfen Resonanz des Kut-thaka&#8217;s, hat Loaded sich dazu entschlossen die Form beizubehalten und in einer neuen Ahorn Konstruktion zu produzieren. Die ergonomische Form, das Kicktail und die Wheel Flares wurden wie beim Kut-thaka beibehalten. Straight outta TJ!<br \/>\nDas Coyote ist ein Artist Collab Board und verf\u00fcgt \u00fcber eine limitierte Garfik des Kalifornischen Street Artists und Mural Malers Teddy Kelly.<br \/>\nWe&#8217;re breaking down the walls!<\/p>\n<p><span class=\"embed-youtube\" style=\"text-align:center; display: block;\"><iframe loading=\"lazy\" class=\"youtube-player\" width=\"1020\" height=\"574\" src=\"https:\/\/www.youtube.com\/embed\/-P86sIdo0LA?version=3&#038;rel=1&#038;showsearch=0&#038;showinfo=1&#038;iv_load_policy=1&#038;fs=1&#038;hl=fr-FR&#038;autohide=2&#038;wmode=transparent\" allowfullscreen=\"true\" style=\"border:0;\" sandbox=\"allow-scripts allow-same-origin allow-popups allow-presentation allow-popups-to-escape-sandbox\"><\/iframe><\/span><\/p>","protected":false},"excerpt":{"rendered":"<p>Loaded Coyote Hola Lou TKP complete Loaded Coyote Hola Lou TKP complete with Paris street trucks and Orangatang 65mm Fat Free 80a orange. Perfekte Kombination f\u00fcrs Cruisen. Auch bestens f\u00fcr Ollies, Skateparks und sonstige Tricks geeignet. Dank der schmalen Achsen und der Offset gelagerten Fat Free Rollen erh\u00e4lt man das perfekte Fahrgef\u00fchl. L\u00e4nge: 30.75&#8243; Breite: [&#8230;]\n","protected":false},"featured_media":15556,"comment_status":"open","ping_status":"closed","template":"","meta":{"jetpack_post_was_ever_published":false,"jetpack_publicize_message":"","jetpack_publicize_feature_enabled":true,"jetpack_social_post_already_shared":true,"jetpack_social_options":{"image_generator_settings":{"template":"highway","default_image_id":0,"font":"","enabled":false},"version":2}},"product_brand":[],"product_cat":[312,319,310],"product_tag":[462],"class_list":{"0":"post-15555","1":"product","2":"type-product","3":"status-publish","4":"has-post-thumbnail","6":"product_cat-skateboards","7":"product_cat-komplett-skateboards","8":"product_cat-komplett-longboards","9":"product_tag-cruiser","10":"product_shipping_class-paket","12":"first","13":"instock","14":"taxable","15":"shipping-taxable","16":"purchasable","17":"product-type-simple"},"composite_virtual":false,"composite_layout":"","composite_add_to_cart_form_location":"","composite_editable_in_cart":false,"composite_sold_individually_context":"","composite_shop_price_calc":"","composite_components":[],"composite_scenarios":[],"booking_location":null,"booking_location_type":null,"booking_duration":null,"booking_duration_unit":null,"booking_buffer":null,"booking_cost":null,"booking_resources":null,"jetpack_publicize_connections":[],"jetpack_sharing_enabled":true,"_links":{"self":[{"href":"https:\/\/www.studiolongboard.com\/fr\/wp-json\/wp\/v2\/product\/15555","targetHints":{"allow":["GET"]}}],"collection":[{"href":"https:\/\/www.studiolongboard.com\/fr\/wp-json\/wp\/v2\/product"}],"about":[{"href":"https:\/\/www.studiolongboard.com\/fr\/wp-json\/wp\/v2\/types\/product"}],"replies":[{"embeddable":true,"href":"https:\/\/www.studiolongboard.com\/fr\/wp-json\/wp\/v2\/comments?post=15555"}],"wp:featuredmedia":[{"embeddable":true,"href":"https:\/\/www.studiolongboard.com\/fr\/wp-json\/wp\/v2\/media\/15556"}],"wp:attachment":[{"href":"https:\/\/www.studiolongboard.com\/fr\/wp-json\/wp\/v2\/media?parent=15555"}],"wp:term":[{"taxonomy":"product_brand","embeddable":true,"href":"https:\/\/www.studiolongboard.com\/fr\/wp-json\/wp\/v2\/product_brand?post=15555"},{"taxonomy":"product_cat","embeddable":true,"href":"https:\/\/www.studiolongboard.com\/fr\/wp-json\/wp\/v2\/product_cat?post=15555"},{"taxonomy":"product_tag","embeddable":true,"href":"https:\/\/www.studiolongboard.com\/fr\/wp-json\/wp\/v2\/product_tag?post=15555"}],"curies":[{"name":"wp","href":"https:\/\/api.w.org\/{rel}","templated":true}]}}