{"id":15441,"date":"2021-04-27T13:16:33","date_gmt":"2021-04-27T11:16:33","guid":{"rendered":"https:\/\/www.studiolongboard.com\/?post_type=product&#038;p=15441"},"modified":"2025-02-06T14:54:51","modified_gmt":"2025-02-06T13:54:51","slug":"casques-tsg-evolution-women-solid-color","status":"publish","type":"product","link":"https:\/\/www.studiolongboard.com\/fr\/shop\/protection\/helme\/helmets-tsg-evolution-women-solid-color\/","title":{"rendered":"Casques TSG Evolution Women Solid Color"},"content":{"rendered":"<h3>Casques TSG Evolution Women Solid Color<\/h3>\n<p>Casques TSG Evolution Women Solid Color avec une coupe Low Fit profonde et une assise Snug Fit est l'un des casques les plus minces du march\u00e9. Sa construction \u00e0 coque dure prot\u00e8ge toutes les parties de ta t\u00eate et gr\u00e2ce \u00e0 son design anatomique, il est agr\u00e9able \u00e0 porter et ne glisse pas.<\/p>\n<p>tailles :<\/p>\n<p>XS\/S (52 - 54cm de tour de t\u00eate)<\/p>\n<p>S\/M (54 - 56cm de tour de t\u00eate)<\/p>\n<p>L\/XL (57 - 59cm de tour de t\u00eate)<\/p>\n<p>Protection :<br \/>\n- Construction \u00e0 coque dure<br \/>\n- Normes de s\u00e9curit\u00e9 : EN 1078, CE, CPSC<\/p>\n<p>En forme :<br \/>\n- Syst\u00e8me Tuned Fit avec rembourrage<br \/>\n- Coupe basse et profonde<br \/>\n- ajustement Snug Fit optimal et confort de port<\/p>\n<p>Confort :<br \/>\n- 14 trous d'air avec canaux d'air<br \/>\n- Comfort Padding en 2 tailles<br \/>\n- Poids : \u00e0 partir de 460g<\/p>\n<p>Utilisation : skateboard, longboard, v\u00e9lo<\/p>","protected":false},"excerpt":{"rendered":"<p>Helmets TSG Evolution Women Solid Color Helmets TSG Evolution Women Solid Color mit tiefer Low Fit Passform und Snug Fit Sitz ist einer der schlankesten Helme auf dem Markt. Seine Hartschalen-Konstruktion sch\u00fctz alle Bereiche deines Kopfes und dank des anatomischen Designs tr\u00e4gt er sich angenehm und rutscht nicht. Gr\u00f6\u00dfen: XS\/S (52 &#8211; 54cm Kopfumfang) S\/M [&#8230;]\n","protected":false},"featured_media":15450,"comment_status":"open","ping_status":"closed","template":"","meta":{"jetpack_post_was_ever_published":false,"jetpack_publicize_message":"","jetpack_publicize_feature_enabled":true,"jetpack_social_post_already_shared":true,"jetpack_social_options":{"image_generator_settings":{"template":"highway","default_image_id":0,"font":"","enabled":false},"version":2}},"product_brand":[],"product_cat":[505,529,687],"product_tag":[],"class_list":{"0":"post-15441","1":"product","2":"type-product","3":"status-publish","4":"has-post-thumbnail","6":"product_cat-protection","7":"product_cat-helme","8":"product_cat-sale","9":"product_shipping_class-paket","11":"first","12":"instock","13":"sale","14":"taxable","15":"shipping-taxable","16":"purchasable","17":"product-type-variable"},"composite_virtual":false,"composite_layout":"","composite_add_to_cart_form_location":"","composite_editable_in_cart":false,"composite_sold_individually_context":"","composite_shop_price_calc":"","composite_components":[],"composite_scenarios":[],"booking_location":null,"booking_location_type":null,"booking_duration":null,"booking_duration_unit":null,"booking_buffer":null,"booking_cost":null,"booking_resources":null,"jetpack_publicize_connections":[],"jetpack_sharing_enabled":true,"_links":{"self":[{"href":"https:\/\/www.studiolongboard.com\/fr\/wp-json\/wp\/v2\/product\/15441","targetHints":{"allow":["GET"]}}],"collection":[{"href":"https:\/\/www.studiolongboard.com\/fr\/wp-json\/wp\/v2\/product"}],"about":[{"href":"https:\/\/www.studiolongboard.com\/fr\/wp-json\/wp\/v2\/types\/product"}],"replies":[{"embeddable":true,"href":"https:\/\/www.studiolongboard.com\/fr\/wp-json\/wp\/v2\/comments?post=15441"}],"wp:featuredmedia":[{"embeddable":true,"href":"https:\/\/www.studiolongboard.com\/fr\/wp-json\/wp\/v2\/media\/15450"}],"wp:attachment":[{"href":"https:\/\/www.studiolongboard.com\/fr\/wp-json\/wp\/v2\/media?parent=15441"}],"wp:term":[{"taxonomy":"product_brand","embeddable":true,"href":"https:\/\/www.studiolongboard.com\/fr\/wp-json\/wp\/v2\/product_brand?post=15441"},{"taxonomy":"product_cat","embeddable":true,"href":"https:\/\/www.studiolongboard.com\/fr\/wp-json\/wp\/v2\/product_cat?post=15441"},{"taxonomy":"product_tag","embeddable":true,"href":"https:\/\/www.studiolongboard.com\/fr\/wp-json\/wp\/v2\/product_tag?post=15441"}],"curies":[{"name":"wp","href":"https:\/\/api.w.org\/{rel}","templated":true}]}}