{"id":15335,"date":"2021-04-22T17:51:01","date_gmt":"2021-04-22T15:51:01","guid":{"rendered":"https:\/\/www.studiolongboard.com\/?post_type=product&#038;p=15335"},"modified":"2026-03-21T14:44:00","modified_gmt":"2026-03-21T13:44:00","slug":"zak-maytum-standard-bushings","status":"publish","type":"product","link":"https:\/\/www.studiolongboard.com\/fr\/shop\/accessories\/bushings-pivot-cups\/zak-maytum-standard-bushings\/","title":{"rendered":"Zak Maytum Venom Standard Bushings"},"content":{"rendered":"<h2>Zak Maytum Standard Bushings<\/h2>\n<p>Zak Maytum Standard Bushings\u00a0Pack besteht aus einem Barrel und einem Cone Bushing.\u00a0Der Barrel boardseitig montiert gibt Stabilit\u00e4t und der Cone strassenseitig montiert verspricht ein tiefes Einlenkverhalten.<\/p>\n<p>Bei den meiten 50\u00b0-Achsen ist diese Kombination Standardm\u00e4\u00dfig verbaut und besonders f\u00fcr Cruising- und Dancing-Setups empfehlenswert. Wer es stabiler halten will, sollte Double Barrel montieren.<\/p>\n<p>Produziert in den USA<\/p>\n<p>Die Standard bushings sind im HPF (High Performance Urethane) Urethane gegossen und in folgenden H\u00e4rten lieferbar:<\/p>\n<p>78a navy blue<br \/>\n81a orange<br \/>\n85a neon yellow<br \/>\n87a pourpre<br \/>\n90a red<br \/>\n93a vert<br \/>\n95a glow in the dark<br \/>\n97a pink<\/p>\n<p>Produziert in den\u00a0USA<br \/>\nWegen Problemen mit Namensrechten in BRD musste der Name Venom in Zak Maytum Skate Products ge\u00e4ndert werden. Nicht gerade toll aber nicht zu \u00e4ndern.<\/p>","protected":false},"excerpt":{"rendered":"<p>Zak Maytum Standard Bushings Zak Maytum Standard Bushings\u00a0Pack besteht aus einem Barrel und einem Cone Bushing.\u00a0Der Barrel boardseitig montiert gibt Stabilit\u00e4t und der Cone strassenseitig montiert verspricht ein tiefes Einlenkverhalten. Bei den meiten 50\u00b0-Achsen ist diese Kombination Standardm\u00e4\u00dfig verbaut und besonders f\u00fcr Cruising- und Dancing-Setups empfehlenswert. Wer es stabiler halten will, sollte Double Barrel montieren. [&#8230;]\n","protected":false},"featured_media":15340,"comment_status":"closed","ping_status":"closed","template":"","meta":{"jetpack_post_was_ever_published":false,"jetpack_publicize_message":"","jetpack_publicize_feature_enabled":true,"jetpack_social_post_already_shared":true,"jetpack_social_options":{"image_generator_settings":{"template":"highway","default_image_id":0,"font":"","enabled":false},"version":2}},"product_brand":[9134],"product_cat":[320,3208],"product_tag":[8387,343,780,3171,3209],"class_list":{"0":"post-15335","1":"product","2":"type-product","3":"status-publish","4":"has-post-thumbnail","6":"product_brand-venom","7":"product_cat-accessories","8":"product_cat-bushings-pivot-cups","9":"product_tag-cones","10":"product_tag-downhill","11":"product_tag-bushings","12":"product_tag-barrels","13":"product_tag-lenkgummies","14":"product_shipping_class-paket-m","16":"first","17":"instock","18":"taxable","19":"shipping-taxable","20":"purchasable","21":"product-type-variable"},"composite_virtual":false,"composite_layout":"","composite_add_to_cart_form_location":"","composite_editable_in_cart":false,"composite_sold_individually_context":"","composite_shop_price_calc":"","composite_components":[],"composite_scenarios":[],"booking_location":null,"booking_location_type":null,"booking_duration":null,"booking_duration_unit":null,"booking_buffer":null,"booking_cost":null,"booking_resources":null,"jetpack_publicize_connections":[],"jetpack_sharing_enabled":true,"_links":{"self":[{"href":"https:\/\/www.studiolongboard.com\/fr\/wp-json\/wp\/v2\/product\/15335","targetHints":{"allow":["GET"]}}],"collection":[{"href":"https:\/\/www.studiolongboard.com\/fr\/wp-json\/wp\/v2\/product"}],"about":[{"href":"https:\/\/www.studiolongboard.com\/fr\/wp-json\/wp\/v2\/types\/product"}],"replies":[{"embeddable":true,"href":"https:\/\/www.studiolongboard.com\/fr\/wp-json\/wp\/v2\/comments?post=15335"}],"wp:featuredmedia":[{"embeddable":true,"href":"https:\/\/www.studiolongboard.com\/fr\/wp-json\/wp\/v2\/media\/15340"}],"wp:attachment":[{"href":"https:\/\/www.studiolongboard.com\/fr\/wp-json\/wp\/v2\/media?parent=15335"}],"wp:term":[{"taxonomy":"product_brand","embeddable":true,"href":"https:\/\/www.studiolongboard.com\/fr\/wp-json\/wp\/v2\/product_brand?post=15335"},{"taxonomy":"product_cat","embeddable":true,"href":"https:\/\/www.studiolongboard.com\/fr\/wp-json\/wp\/v2\/product_cat?post=15335"},{"taxonomy":"product_tag","embeddable":true,"href":"https:\/\/www.studiolongboard.com\/fr\/wp-json\/wp\/v2\/product_tag?post=15335"}],"curies":[{"name":"wp","href":"https:\/\/api.w.org\/{rel}","templated":true}]}}