{"id":15310,"date":"2021-04-22T13:59:52","date_gmt":"2021-04-22T11:59:52","guid":{"rendered":"https:\/\/www.studiolongboard.com\/?post_type=product&#038;p=15310"},"modified":"2021-12-08T17:14:29","modified_gmt":"2021-12-08T16:14:29","slug":"rollerbone-kork-roller-classic-2","status":"publish","type":"product","link":"https:\/\/www.studiolongboard.com\/fr\/shop\/accessories\/balance-boards\/rollerbone-kork-roller-classic-2\/","title":{"rendered":"RollerBone Kork Roller Classic"},"content":{"rendered":"<h2>RollerBone Kork Roller Classic<\/h2>\n<p>RollerBone Kork Roller Classic ist passend f\u00fcr alle Balance Boards. Mit einem Durchmesser von 13 cm, ein mittel-gro\u00dfer Roller, der gut f\u00fcr Anf\u00e4nger aber auch Fortgeschrittene geeignet ist.<br \/>\nEr kann sowohl Indoor, als auch Outdoor verwendet werden. Super um verschiedene Muskelpartien zu trainieren<br \/>\n.<br \/>\nMa\u00dfe: Rollerl\u00e4nge ca. 45cm &#8211; Durchmesser ca. 13 cm<br \/>\n&#8211; Material: Kork<br \/>\n&#8211; Kork z\u00e4hlt zu den \u00f6kologisch nachhaltigen und gesunden Materialien<br \/>\n&#8211; Kork ist nat\u00fcrlich, erneuerbar und recyclebar, biologisch abbaubar und 100% nachhaltig und umweltfreundlich<br \/>\n&#8211; Kork hat zudem von Natur aus antibakterielle Eigenschaften<br \/>\n&#8211; Gemacht f\u00fcr Dein Balance Training<br \/>\n&#8211; Kork Roller ist passend f\u00fcr alle Balance Boards<br \/>\n&#8211; Perfekter Halt und sportliche Dynamik<br \/>\n&#8211; Ideal f\u00fcr Fitness Training mit hohem Fun Faktor<br \/>\n&#8211; Kork Roller kann sowohl Indoor, als auch Outdoor verwendet werden<br \/>\n&#8211; Zum Trainieren verschiedener Muskelgruppen geeignet<br \/>\n&#8211; Perfekt auch zum Faszienrollen<br \/>\n&#8211; strapazierf\u00e4hig und langlebig<\/p>\n<p>Lieferumfang: Kork Roller<\/p>","protected":false},"excerpt":{"rendered":"<p>RollerBone Kork Roller Classic RollerBone Kork Roller Classic ist passend f\u00fcr alle Balance Boards. Mit einem Durchmesser von 13 cm, ein mittel-gro\u00dfer Roller, der gut f\u00fcr Anf\u00e4nger aber auch Fortgeschrittene geeignet ist. Er kann sowohl Indoor, als auch Outdoor verwendet werden. Super um verschiedene Muskelpartien zu trainieren . Ma\u00dfe: Rollerl\u00e4nge ca. 45cm &#8211; Durchmesser ca. [&#8230;]\n","protected":false},"featured_media":15312,"comment_status":"open","ping_status":"closed","template":"","meta":{"jetpack_post_was_ever_published":false,"jetpack_publicize_message":"","jetpack_publicize_feature_enabled":true,"jetpack_social_post_already_shared":true,"jetpack_social_options":{"image_generator_settings":{"template":"highway","default_image_id":0,"font":"","enabled":false},"version":2}},"product_brand":[],"product_cat":[589,320],"product_tag":[590,5400,595,5401,600],"class_list":{"0":"post-15310","1":"product","2":"type-product","3":"status-publish","4":"has-post-thumbnail","6":"product_cat-balance-boards","7":"product_cat-accessories","8":"product_tag-balance","9":"product_tag-rolle","10":"product_tag-rollerbone","11":"product_tag-roller","12":"product_tag-balanceboard","13":"product_shipping_class-paket","15":"first","16":"outofstock","17":"taxable","18":"shipping-taxable","19":"purchasable","20":"product-type-simple"},"composite_virtual":false,"composite_layout":"","composite_add_to_cart_form_location":"","composite_editable_in_cart":false,"composite_sold_individually_context":"","composite_shop_price_calc":"","composite_components":[],"composite_scenarios":[],"booking_location":null,"booking_location_type":null,"booking_duration":null,"booking_duration_unit":null,"booking_buffer":null,"booking_cost":null,"booking_resources":null,"jetpack_publicize_connections":[],"jetpack_sharing_enabled":true,"_links":{"self":[{"href":"https:\/\/www.studiolongboard.com\/fr\/wp-json\/wp\/v2\/product\/15310","targetHints":{"allow":["GET"]}}],"collection":[{"href":"https:\/\/www.studiolongboard.com\/fr\/wp-json\/wp\/v2\/product"}],"about":[{"href":"https:\/\/www.studiolongboard.com\/fr\/wp-json\/wp\/v2\/types\/product"}],"replies":[{"embeddable":true,"href":"https:\/\/www.studiolongboard.com\/fr\/wp-json\/wp\/v2\/comments?post=15310"}],"wp:featuredmedia":[{"embeddable":true,"href":"https:\/\/www.studiolongboard.com\/fr\/wp-json\/wp\/v2\/media\/15312"}],"wp:attachment":[{"href":"https:\/\/www.studiolongboard.com\/fr\/wp-json\/wp\/v2\/media?parent=15310"}],"wp:term":[{"taxonomy":"product_brand","embeddable":true,"href":"https:\/\/www.studiolongboard.com\/fr\/wp-json\/wp\/v2\/product_brand?post=15310"},{"taxonomy":"product_cat","embeddable":true,"href":"https:\/\/www.studiolongboard.com\/fr\/wp-json\/wp\/v2\/product_cat?post=15310"},{"taxonomy":"product_tag","embeddable":true,"href":"https:\/\/www.studiolongboard.com\/fr\/wp-json\/wp\/v2\/product_tag?post=15310"}],"curies":[{"name":"wp","href":"https:\/\/api.w.org\/{rel}","templated":true}]}}