{"id":15160,"date":"2021-04-12T21:14:27","date_gmt":"2021-04-12T19:14:27","guid":{"rendered":"https:\/\/www.studiolongboard.com\/?post_type=product&#038;p=15160"},"modified":"2025-04-15T13:01:54","modified_gmt":"2025-04-15T11:01:54","slug":"seismic-tekton-7-ball-steel-classic-bearings","status":"publish","type":"product","link":"https:\/\/www.studiolongboard.com\/fr\/shop\/accessories\/kugellager\/seismic-tekton-7-ball-steel-classic-bearings\/","title":{"rendered":"Seismic Tekton 7-Ball Steel classic bearings"},"content":{"rendered":"<h2>Seismic Tekton 7-Ball Steel classic bearings<\/h2>\n<p>Les roulements classiques Seismic Tekton \u00e0 7 billes en acier ne ressemblent peut-\u00eatre pas \u00e0 des roulements haute performance, mais ils ont toutes les sp\u00e9cifications requises. Tekton utilise des mat\u00e9riaux plus durs, des tol\u00e9rances plus \u00e9lev\u00e9es et un lubrifiant sp\u00e9cial en provenance du Japon. Il est livr\u00e9 avec un support en nylon et des joints en acier rev\u00eatus de caoutchouc amovibles d'un c\u00f4t\u00e9 du roulement. Pas de fausse technologie, juste un roulement performant.<\/p>","protected":false},"excerpt":{"rendered":"<p>Seismic Tekton 7-Ball Steel classic bearings Seismic Tekton 7-Ball Steel classic bearings might not look like a high-performance bearing, but has all the specifications to be. Tekton uses tougher materials, higher tolerances and a special lubricant from Japan. Comes with a nylon retainer and removable rubber-coated steel seals on one side of the bearing. No [&#8230;]\n","protected":false},"featured_media":15161,"comment_status":"open","ping_status":"closed","template":"","meta":{"jetpack_post_was_ever_published":false,"jetpack_publicize_message":"","jetpack_publicize_feature_enabled":true,"jetpack_social_post_already_shared":true,"jetpack_social_options":{"image_generator_settings":{"template":"highway","default_image_id":0,"font":"","enabled":false},"version":2}},"product_brand":[],"product_cat":[4130,320],"product_tag":[8458],"class_list":{"0":"post-15160","1":"product","2":"type-product","3":"status-publish","4":"has-post-thumbnail","6":"product_cat-kugellager","7":"product_cat-accessories","8":"product_tag-7-ball","9":"product_shipping_class-paket","11":"first","12":"outofstock","13":"taxable","14":"shipping-taxable","15":"purchasable","16":"product-type-simple"},"composite_virtual":false,"composite_layout":"","composite_add_to_cart_form_location":"","composite_editable_in_cart":false,"composite_sold_individually_context":"","composite_shop_price_calc":"","composite_components":[],"composite_scenarios":[],"booking_location":null,"booking_location_type":null,"booking_duration":null,"booking_duration_unit":null,"booking_buffer":null,"booking_cost":null,"booking_resources":null,"jetpack_publicize_connections":[],"jetpack_sharing_enabled":true,"_links":{"self":[{"href":"https:\/\/www.studiolongboard.com\/fr\/wp-json\/wp\/v2\/product\/15160","targetHints":{"allow":["GET"]}}],"collection":[{"href":"https:\/\/www.studiolongboard.com\/fr\/wp-json\/wp\/v2\/product"}],"about":[{"href":"https:\/\/www.studiolongboard.com\/fr\/wp-json\/wp\/v2\/types\/product"}],"replies":[{"embeddable":true,"href":"https:\/\/www.studiolongboard.com\/fr\/wp-json\/wp\/v2\/comments?post=15160"}],"wp:featuredmedia":[{"embeddable":true,"href":"https:\/\/www.studiolongboard.com\/fr\/wp-json\/wp\/v2\/media\/15161"}],"wp:attachment":[{"href":"https:\/\/www.studiolongboard.com\/fr\/wp-json\/wp\/v2\/media?parent=15160"}],"wp:term":[{"taxonomy":"product_brand","embeddable":true,"href":"https:\/\/www.studiolongboard.com\/fr\/wp-json\/wp\/v2\/product_brand?post=15160"},{"taxonomy":"product_cat","embeddable":true,"href":"https:\/\/www.studiolongboard.com\/fr\/wp-json\/wp\/v2\/product_cat?post=15160"},{"taxonomy":"product_tag","embeddable":true,"href":"https:\/\/www.studiolongboard.com\/fr\/wp-json\/wp\/v2\/product_tag?post=15160"}],"curies":[{"name":"wp","href":"https:\/\/api.w.org\/{rel}","templated":true}]}}