{"id":14949,"date":"2021-03-31T10:03:48","date_gmt":"2021-03-31T08:03:48","guid":{"rendered":"https:\/\/www.studiolongboard.com\/?post_type=product&#038;p=14949"},"modified":"2025-12-31T14:22:31","modified_gmt":"2025-12-31T13:22:31","slug":"loaded-bhangra-v2-longboard-complete","status":"publish","type":"product","link":"https:\/\/www.studiolongboard.com\/fr\/shop\/longboards\/komplett-longboards\/dance-und-freestyle\/loaded-bhangra-v2-longboard-complete\/","title":{"rendered":"Loaded Bhangra V2 Longboard complet"},"content":{"rendered":"<h2>Loaded Bhangra V2 Longboard complet<\/h2>\n<p>Loaded Bhangra V2 Longboard complete bietet dir gen\u00fcgend Platz f\u00fcr all deine Dance Moves. Bhangra ist die perfekte Mischung aus Dance und Freestyle.\u00a0Die zweite Version hat einige Neuheiten erhalten. Zum Beispiel besteht der Aufbau aus einem Basalt Bio Epoxy und verspricht dadurch weniger Gewicht, mehr Stabilit\u00e4t und einen besseren, d\u00e4mpfenden Flex. Au\u00dferdem ist es jetzt schonender f\u00fcr die Umwelt, da Basalt ein nat\u00fcrlicher Werkstoff ist und das Bio basierte Epoxy aus dem Harz von B\u00e4umen gewonnen wird.<\/p>\n<p>L\u00e4nge: 48.5&#8243; \/ 123 cm<br \/>\nBreite: 9.5&#8243; \/ 24 cm<br \/>\nWheelbase (inner hole): 32.75&#8243; \/ 83.19 cm<br \/>\nProfile: rocker<br \/>\nGewicht (deck only): 2.3-2.5 kg<\/p>\n<p>Flex 1: \u00a060-136+ kg<br \/>\nFlex 2: 40-86+ kg<\/p>\n<p><strong>Complete Setup:<\/strong><\/p>\n<p>Trucks: Paris V3 180mm 50\u00b0 raw<br \/>\nWheels: Orangatang Fat Free 80a 65mm<br \/>\nAbec 7 bearings<\/p>\n<p>Herstellerangaben<\/p>\n<ul>\n<li>A generous platform with rockered profile cradles your stance for comfortable dancing, freestyle, and general riding.<\/li>\n<li>Mild concave (slightly increased from the Bhangra V1) provides edge control without interfering with footwork.<\/li>\n<li>Large nose and tail with aggressive (50-grit) griptape encourage creative manual and shuvit tricks.<\/li>\n<li>A strategic pattern of mild (80-grit) griptape on the standing platform ensures confidence in sliding and hard carving while<br \/>\nalso allowing for smooth pivots, pirouettes, and other dancing footwork.<\/li>\n<li>CNC-milled wheel wells increase clearance for bigger wheels and reduce the risk of wheelbite.<\/li>\n<li>STRONG. DAMP. ECO. Dual vertically laminated bamboo cores are sandwiched between layers of basalt fabric to create<br \/>\na strong and lightweight structure (on average more than half a pound lighter than its V1 predecessor) with damp yet responsive flex.<\/li>\n<li>A bamboo bottom veneer protects the bottom basalt composite layer, while a cross-ply bamboo top veneer adds both durability<br \/>\nand torsional stiffness.<\/li>\n<li>Bio-based Super Sap epoxy uses tree sap to replace the bulk of petroleum components in resin and improves feel and finish.<\/li>\n<li>Bhangra V2 will be the first of many boards in the Loaded lineup to switch to this resin system in the near future.<\/li>\n<li>HIGH-PERFORMANCE FLEX Bamboo and basalt construction provides comfortable flex perfect for fancy footwork and<br \/>\nfreestyle tricks.<\/li>\n<li>The difference in stiffness between the two flex options is significantly higher than our usual ratios,<br \/>\nhence the designation<\/li>\n<li>Flex 1. Flex 1 is ideal for both heavier riders and aggressive freestyle tricksters of any stature seeking considerably higher stiffness, stability, and resilience.<\/li>\n<li>Flex 2 is a balanced yet damp flex appropriate for a wide range of riders or those looking for a more playful and responsive board.<\/li>\n<li>GRAPHIC The Bhangra V2 features original artwork by Mexican artist Tomas Guere\u00f1a (a.k.a. screw),\u00a0the same artist who designed the Poke graphic.<\/li>\n<li>The lines of the graphic are meant to symbolize the movement and flow of longboard dancers.<\/li>\n<\/ul>\n<p><span class=\"embed-youtube\" style=\"text-align:center; display: block;\"><iframe loading=\"lazy\" class=\"youtube-player\" width=\"1020\" height=\"574\" src=\"https:\/\/www.youtube.com\/embed\/CDGjO4uVUvo?version=3&#038;rel=1&#038;showsearch=0&#038;showinfo=1&#038;iv_load_policy=1&#038;fs=1&#038;hl=fr-FR&#038;autohide=2&#038;wmode=transparent\" allowfullscreen=\"true\" style=\"border:0;\" sandbox=\"allow-scripts allow-same-origin allow-popups allow-presentation allow-popups-to-escape-sandbox\"><\/iframe><\/span><\/p>","protected":false},"excerpt":{"rendered":"<p>Loaded Bhangra V2 Longboard complete Loaded Bhangra V2 Longboard complete bietet dir gen\u00fcgend Platz f\u00fcr all deine Dance Moves. Bhangra ist die perfekte Mischung aus Dance und Freestyle.\u00a0Die zweite Version hat einige Neuheiten erhalten. Zum Beispiel besteht der Aufbau aus einem Basalt Bio Epoxy und verspricht dadurch weniger Gewicht, mehr Stabilit\u00e4t und einen besseren, d\u00e4mpfenden [&#8230;]\n","protected":false},"featured_media":14952,"comment_status":"open","ping_status":"closed","template":"","meta":{"jetpack_post_was_ever_published":false,"jetpack_publicize_message":"","jetpack_publicize_feature_enabled":true,"jetpack_social_post_already_shared":true,"jetpack_social_options":{"image_generator_settings":{"template":"highway","default_image_id":0,"font":"","enabled":false},"version":2}},"product_brand":[9162],"product_cat":[310,8627],"product_tag":[2827,373],"class_list":{"0":"post-14949","1":"product","2":"type-product","3":"status-publish","4":"has-post-thumbnail","6":"product_brand-loaded","7":"product_cat-komplett-longboards","8":"product_cat-dance-und-freestyle","9":"product_tag-bhangra","10":"product_tag-dancer","11":"product_shipping_class-paket","13":"first","14":"instock","15":"sale","16":"taxable","17":"shipping-taxable","18":"purchasable","19":"product-type-composite"},"composite_virtual":false,"composite_layout":"progressive","composite_add_to_cart_form_location":"after_summary","composite_editable_in_cart":false,"composite_sold_individually_context":"product","composite_shop_price_calc":"defaults","composite_components":[{"id":"1623691915","title":"Pont","description":"","query_type":"product_ids","query_ids":[7250],"default_option_id":7250,"thumbnail_id":"","thumbnail_src":"","quantity_min":1,"quantity_max":1,"priced_individually":true,"shipped_individually":false,"optional":false,"discount":5,"options_style":"dropdowns","pagination_style":"classic","display_prices":"absolute","show_sorting_options":false,"show_filtering_options":false,"attribute_filter_ids":[],"select_action":"view","product_title_visible":true,"product_descr_visible":true,"product_price_visible":true,"product_thumb_visible":true,"subtotal_visible_product":true,"subtotal_visible_cart":true,"subtotal_visible_orders":true},{"id":"1623691916","title":"Skateboard Trucks","description":"","query_type":"product_ids","query_ids":[7255,7267,7269,12385,2127,6113,11887,17831,17842,9989,12388,7300,19724,19727,19730,19437,19712,19441],"default_option_id":7300,"thumbnail_id":15347,"thumbnail_src":"https:\/\/www.studiolongboard.com\/wp-content\/uploads\/2021\/04\/180mm-50\u00b0-V3_25410000000000026-e1619108549474.jpg","quantity_min":2,"quantity_max":2,"priced_individually":true,"shipped_individually":false,"optional":false,"discount":3,"options_style":"dropdowns","pagination_style":"classic","display_prices":"absolute","show_sorting_options":false,"show_filtering_options":false,"attribute_filter_ids":[],"select_action":"view","product_title_visible":true,"product_descr_visible":true,"product_price_visible":true,"product_thumb_visible":true,"subtotal_visible_product":true,"subtotal_visible_cart":true,"subtotal_visible_orders":true},{"id":"1623691917","title":"Wheels","description":"","query_type":"product_ids","query_ids":[7036,7031,2070,5707,5709,5711,5720,16054,13304,16058,17972,10045,20008,20445,20447,20449,20451,20454,57374],"default_option_id":7031,"thumbnail_id":7033,"thumbnail_src":"https:\/\/www.studiolongboard.com\/wp-content\/uploads\/2019\/05\/orangatang-fat-free-wheels-65mm-77a-blue.jpg","quantity_min":1,"quantity_max":1,"priced_individually":true,"shipped_individually":false,"optional":false,"discount":3,"options_style":"dropdowns","pagination_style":"classic","display_prices":"absolute","show_sorting_options":false,"show_filtering_options":false,"attribute_filter_ids":[],"select_action":"view","product_title_visible":true,"product_descr_visible":true,"product_price_visible":true,"product_thumb_visible":true,"subtotal_visible_product":true,"subtotal_visible_cart":true,"subtotal_visible_orders":true},{"id":"1623691918","title":"Roulements","description":"","query_type":"product_ids","query_ids":[6044,6792,15162,8047],"default_option_id":15162,"thumbnail_id":"","thumbnail_src":"","quantity_min":1,"quantity_max":1,"priced_individually":true,"shipped_individually":false,"optional":false,"discount":"","options_style":"dropdowns","pagination_style":"classic","display_prices":"absolute","show_sorting_options":false,"show_filtering_options":false,"attribute_filter_ids":[],"select_action":"view","product_title_visible":true,"product_descr_visible":true,"product_price_visible":true,"product_thumb_visible":true,"subtotal_visible_product":true,"subtotal_visible_cart":true,"subtotal_visible_orders":true}],"composite_scenarios":[],"booking_location":null,"booking_location_type":null,"booking_duration":null,"booking_duration_unit":null,"booking_buffer":null,"booking_cost":null,"booking_resources":null,"jetpack_publicize_connections":[],"jetpack_sharing_enabled":true,"_links":{"self":[{"href":"https:\/\/www.studiolongboard.com\/fr\/wp-json\/wp\/v2\/product\/14949","targetHints":{"allow":["GET"]}}],"collection":[{"href":"https:\/\/www.studiolongboard.com\/fr\/wp-json\/wp\/v2\/product"}],"about":[{"href":"https:\/\/www.studiolongboard.com\/fr\/wp-json\/wp\/v2\/types\/product"}],"replies":[{"embeddable":true,"href":"https:\/\/www.studiolongboard.com\/fr\/wp-json\/wp\/v2\/comments?post=14949"}],"wp:featuredmedia":[{"embeddable":true,"href":"https:\/\/www.studiolongboard.com\/fr\/wp-json\/wp\/v2\/media\/14952"}],"wp:attachment":[{"href":"https:\/\/www.studiolongboard.com\/fr\/wp-json\/wp\/v2\/media?parent=14949"}],"wp:term":[{"taxonomy":"product_brand","embeddable":true,"href":"https:\/\/www.studiolongboard.com\/fr\/wp-json\/wp\/v2\/product_brand?post=14949"},{"taxonomy":"product_cat","embeddable":true,"href":"https:\/\/www.studiolongboard.com\/fr\/wp-json\/wp\/v2\/product_cat?post=14949"},{"taxonomy":"product_tag","embeddable":true,"href":"https:\/\/www.studiolongboard.com\/fr\/wp-json\/wp\/v2\/product_tag?post=14949"}],"curies":[{"name":"wp","href":"https:\/\/api.w.org\/{rel}","templated":true}]}}