{"id":14865,"date":"2021-03-23T16:00:38","date_gmt":"2021-03-23T15:00:38","guid":{"rendered":"https:\/\/www.studiolongboard.com\/?post_type=product&#038;p=14865"},"modified":"2025-09-13T09:33:11","modified_gmt":"2025-09-13T07:33:11","slug":"btfl-tiffy-kinderlongboard","status":"publish","type":"product","link":"https:\/\/www.studiolongboard.com\/fr\/shop\/longboards\/komplett-longboards\/kinder-longboards\/btfl-tiffy-kinderlongboard\/","title":{"rendered":"BTFL Tiffy Kinderlongboard"},"content":{"rendered":"<h2>BTFL Tiffy Kinderlongboard<\/h2>\n<p>BTFL Tiffy Kinderlongboard &#8211; It\u2019s all about balance! Dieses Kinderlongboard l\u00e4sst die Herzen aller Flamingofans h\u00f6her schlagen. Doch auch die Rosafans d\u00fcrfen sich freuen, denn die farblich abgestimmten Rollen runden die Optik von Tiffy perfekt ab. Das Board misst eine Gesamtl\u00e4nge von 80 cm &amp; eine Breite von 19 cm gerade f\u00fcr die Kleinen Skater konzipiert. Dank der 74A weichen Bushings l\u00e4sst es sich leicht lenken, sodass Spa\u00df am Cruisen garantiert ist! Au\u00dferdem sind die 150 mm RKP Achsen von oben verschraubt (Drop-Through) sodass das Pushen leichter geht. Das ist besonders f\u00fcr Anf\u00e4nger und Kinder sehr vorteilhaft. Wegen der d\u00fcnneren Holzlagen und der dropthrough-Konstruktion ist ein Maximalgewicht von 65 kg empfohlen.<\/p>\n<p>Deck: 19 x 80 cm<br \/>\nWheels: 65 x 47 mm<br \/>\nBearings: ABEC 9<br \/>\nTrucks: 150 mm RKP<\/p>\n<p>Flex: soft, bis 65 KG<\/p>","protected":false},"excerpt":{"rendered":"<p>Deck: 19 x 80 cm<br \/>\nWheels: 65 x 47 mm<br \/>\nBearings: ABEC 9<br \/>\nTrucks: 150 mm RKP<\/p>\n<p>Flex: soft, bis 65 KG<\/p>","protected":false},"featured_media":14868,"comment_status":"open","ping_status":"closed","template":"","meta":{"jetpack_post_was_ever_published":false,"jetpack_publicize_message":"","jetpack_publicize_feature_enabled":true,"jetpack_social_post_already_shared":true,"jetpack_social_options":{"image_generator_settings":{"template":"highway","default_image_id":0,"font":"","enabled":false},"version":2}},"product_brand":[],"product_cat":[310,311,8641],"product_tag":[3646,5528,322,5529,8427,360],"class_list":{"0":"post-14865","1":"product","2":"type-product","3":"status-publish","4":"has-post-thumbnail","6":"product_cat-komplett-longboards","7":"product_cat-longboards","8":"product_cat-kinder-longboards","9":"product_tag-kids","10":"product_tag-kinder","11":"product_tag-drop-through","12":"product_tag-kinder-longboard","13":"product_tag-flamingo","14":"product_tag-flex","15":"product_shipping_class-paket","17":"first","18":"onbackorder","19":"taxable","20":"shipping-taxable","21":"purchasable","22":"product-type-simple"},"composite_virtual":false,"composite_layout":"","composite_add_to_cart_form_location":"","composite_editable_in_cart":false,"composite_sold_individually_context":"","composite_shop_price_calc":"","composite_components":[],"composite_scenarios":[],"booking_location":null,"booking_location_type":null,"booking_duration":null,"booking_duration_unit":null,"booking_buffer":null,"booking_cost":null,"booking_resources":null,"jetpack_publicize_connections":[],"jetpack_sharing_enabled":true,"_links":{"self":[{"href":"https:\/\/www.studiolongboard.com\/fr\/wp-json\/wp\/v2\/product\/14865","targetHints":{"allow":["GET"]}}],"collection":[{"href":"https:\/\/www.studiolongboard.com\/fr\/wp-json\/wp\/v2\/product"}],"about":[{"href":"https:\/\/www.studiolongboard.com\/fr\/wp-json\/wp\/v2\/types\/product"}],"replies":[{"embeddable":true,"href":"https:\/\/www.studiolongboard.com\/fr\/wp-json\/wp\/v2\/comments?post=14865"}],"wp:featuredmedia":[{"embeddable":true,"href":"https:\/\/www.studiolongboard.com\/fr\/wp-json\/wp\/v2\/media\/14868"}],"wp:attachment":[{"href":"https:\/\/www.studiolongboard.com\/fr\/wp-json\/wp\/v2\/media?parent=14865"}],"wp:term":[{"taxonomy":"product_brand","embeddable":true,"href":"https:\/\/www.studiolongboard.com\/fr\/wp-json\/wp\/v2\/product_brand?post=14865"},{"taxonomy":"product_cat","embeddable":true,"href":"https:\/\/www.studiolongboard.com\/fr\/wp-json\/wp\/v2\/product_cat?post=14865"},{"taxonomy":"product_tag","embeddable":true,"href":"https:\/\/www.studiolongboard.com\/fr\/wp-json\/wp\/v2\/product_tag?post=14865"}],"curies":[{"name":"wp","href":"https:\/\/api.w.org\/{rel}","templated":true}]}}