{"id":14539,"date":"2021-03-04T12:26:24","date_gmt":"2021-03-04T11:26:24","guid":{"rendered":"https:\/\/www.studiolongboard.com\/?post_type=product&#038;p=14539"},"modified":"2026-03-09T19:47:52","modified_gmt":"2026-03-09T18:47:52","slug":"triple-eight-rd-wristsaver-handgelenkschoner","status":"publish","type":"product","link":"https:\/\/www.studiolongboard.com\/fr\/shop\/protection\/schuetzer\/triple-eight-rd-wristsaver-handgelenkschoner\/","title":{"rendered":"TRIPLE EIGHT  RD Wristsaver Handgelenkschoner"},"content":{"rendered":"<h2>TRIPLE EIGHT RD Wristsaver Handgelenkschoner<\/h2>\n<p>TRIPLE EIGHT RD Wristsaver Handgelenkschoner sind entwickelt von Roller Derby Girls f\u00fcr Roller Derby Girls. Bei diesen RD Handgelenksch\u00fctzern sind hochdichte, schlagfeste, austauschbare Handschienen f\u00fcr maximale Schutzwirkung an beiden Seiten des Handgelenks befestigt. Verst\u00e4rkte doppelte N\u00e4hte und Frottee-Innenfutter f\u00fcr einen ganz besonderen Komfort. Mit am Handr\u00fccken angebrachten &#8222;Sweatsaver&#8220; l\u00e4sst sich der Schwei\u00df von der Stirn wischen.<\/p>\n<p>Safety first!<\/p>\n<p>TRIPLE EIGHT Wristsaver gibt es in 3 verschiedenen Gr\u00f6\u00dfen S, M und L<\/p>","protected":false},"excerpt":{"rendered":"<p>TRIPLE EIGHT RD Wristsaver Handgelenkschoner TRIPLE EIGHT RD Wristsaver Handgelenkschoner sind entwickelt von Roller Derby Girls f\u00fcr Roller Derby Girls. Bei diesen RD Handgelenksch\u00fctzern sind hochdichte, schlagfeste, austauschbare Handschienen f\u00fcr maximale Schutzwirkung an beiden Seiten des Handgelenks befestigt. Verst\u00e4rkte doppelte N\u00e4hte und Frottee-Innenfutter f\u00fcr einen ganz besonderen Komfort. Mit am Handr\u00fccken angebrachten &#8222;Sweatsaver&#8220; l\u00e4sst sich [&#8230;]\n","protected":false},"featured_media":14543,"comment_status":"open","ping_status":"closed","template":"","meta":{"jetpack_post_was_ever_published":false,"jetpack_publicize_message":"","jetpack_publicize_feature_enabled":true,"jetpack_social_post_already_shared":true,"jetpack_social_options":{"image_generator_settings":{"template":"highway","default_image_id":0,"font":"","enabled":false},"version":2}},"product_brand":[9163],"product_cat":[320,505,528],"product_tag":[6487],"class_list":{"0":"post-14539","1":"product","2":"type-product","3":"status-publish","4":"has-post-thumbnail","6":"product_brand-triple-eight","7":"product_cat-accessories","8":"product_cat-protection","9":"product_cat-schuetzer","10":"product_tag-handgelenkschoner","11":"product_shipping_class-paket","13":"first","14":"instock","15":"taxable","16":"shipping-taxable","17":"purchasable","18":"product-type-variable"},"composite_virtual":false,"composite_layout":"","composite_add_to_cart_form_location":"","composite_editable_in_cart":false,"composite_sold_individually_context":"","composite_shop_price_calc":"","composite_components":[],"composite_scenarios":[],"booking_location":null,"booking_location_type":null,"booking_duration":null,"booking_duration_unit":null,"booking_buffer":null,"booking_cost":null,"booking_resources":null,"jetpack_publicize_connections":[],"jetpack_sharing_enabled":true,"_links":{"self":[{"href":"https:\/\/www.studiolongboard.com\/fr\/wp-json\/wp\/v2\/product\/14539","targetHints":{"allow":["GET"]}}],"collection":[{"href":"https:\/\/www.studiolongboard.com\/fr\/wp-json\/wp\/v2\/product"}],"about":[{"href":"https:\/\/www.studiolongboard.com\/fr\/wp-json\/wp\/v2\/types\/product"}],"replies":[{"embeddable":true,"href":"https:\/\/www.studiolongboard.com\/fr\/wp-json\/wp\/v2\/comments?post=14539"}],"wp:featuredmedia":[{"embeddable":true,"href":"https:\/\/www.studiolongboard.com\/fr\/wp-json\/wp\/v2\/media\/14543"}],"wp:attachment":[{"href":"https:\/\/www.studiolongboard.com\/fr\/wp-json\/wp\/v2\/media?parent=14539"}],"wp:term":[{"taxonomy":"product_brand","embeddable":true,"href":"https:\/\/www.studiolongboard.com\/fr\/wp-json\/wp\/v2\/product_brand?post=14539"},{"taxonomy":"product_cat","embeddable":true,"href":"https:\/\/www.studiolongboard.com\/fr\/wp-json\/wp\/v2\/product_cat?post=14539"},{"taxonomy":"product_tag","embeddable":true,"href":"https:\/\/www.studiolongboard.com\/fr\/wp-json\/wp\/v2\/product_tag?post=14539"}],"curies":[{"name":"wp","href":"https:\/\/api.w.org\/{rel}","templated":true}]}}