{"id":14381,"date":"2021-02-24T14:33:45","date_gmt":"2021-02-24T13:33:45","guid":{"rendered":"https:\/\/www.studiolongboard.com\/?post_type=product&#038;p=14381"},"modified":"2025-12-31T14:17:58","modified_gmt":"2025-12-31T13:17:58","slug":"blood-orange-lm-pro-wheels-green-core-80a","status":"publish","type":"product","link":"https:\/\/www.studiolongboard.com\/fr\/shop\/longboards\/longboard-wheels\/blood-orange-lm-pro-wheels-green-core-80a\/","title":{"rendered":"BLOOD ORANGE LM Pro Wheels green core 80a"},"content":{"rendered":"<h3 class=\"wpsg_producttitle\">BLOOD ORANGE LM\u00a0Pro Wheels<\/h3>\n<p>Liam Morgan Pro Series \u2013 High Performance Slide Wheels \u2013<\/p>\n<p>Diese Rollen hat Blood Orange zusammen mit dem Teamrider Liam Morgan, einem der weltbesten Freeride-Skater, designt und entwickelt.<\/p>\n<p>Die Urethan-Formel erlaubt dir einen &#8222;sugary slide&#8220; und durch den gro\u00dfen Kern bleibt die Rolle w\u00e4hrend des Slidens l\u00e4nger stabil. Liam, als &#8222;all around skater&#8220; war wichtig, dass die Rollen nicht nur zum Sliden gut sind, sondern jeder Herausforderung gewachsen sind.<\/p>\n<ul>\n<li>Farbe :\u00a0Wei\u00df, gr\u00fcner Kern<\/li>\n<li>H\u00e4rtegrad: 80a<\/li>\n<li>Durchmesser: 65mm<\/li>\n<\/ul>\n<p><a href=\"http:\/\/www.skatebloodorange.com\">www.skatebloodorange.com<\/a><\/p>\n<p>&nbsp;<\/p>","protected":false},"excerpt":{"rendered":"<p>BLOOD ORANGE LM\u00a0Pro Wheels Liam Morgan Pro Series \u2013 High Performance Slide Wheels \u2013 Diese Rollen hat Blood Orange zusammen mit dem Teamrider Liam Morgan, einem der weltbesten Freeride-Skater, designt und entwickelt. Die Urethan-Formel erlaubt dir einen &#8222;sugary slide&#8220; und durch den gro\u00dfen Kern bleibt die Rolle w\u00e4hrend des Slidens l\u00e4nger stabil. Liam, als &#8222;all [&#8230;]\n","protected":false},"featured_media":14392,"comment_status":"open","ping_status":"closed","template":"","meta":{"jetpack_post_was_ever_published":false,"jetpack_publicize_message":"","jetpack_publicize_feature_enabled":true,"jetpack_social_post_already_shared":true,"jetpack_social_options":{"image_generator_settings":{"template":"highway","default_image_id":0,"font":"","enabled":false},"version":2}},"product_brand":[],"product_cat":[317],"product_tag":[375,376],"class_list":{"0":"post-14381","1":"product","2":"type-product","3":"status-publish","4":"has-post-thumbnail","6":"product_cat-longboard-wheels","7":"product_tag-slide-rollen","8":"product_tag-liam-morgan","9":"product_shipping_class-paket-m","11":"first","12":"instock","13":"taxable","14":"shipping-taxable","15":"purchasable","16":"product-type-simple"},"composite_virtual":false,"composite_layout":"","composite_add_to_cart_form_location":"","composite_editable_in_cart":false,"composite_sold_individually_context":"","composite_shop_price_calc":"","composite_components":[],"composite_scenarios":[],"booking_location":null,"booking_location_type":null,"booking_duration":null,"booking_duration_unit":null,"booking_buffer":null,"booking_cost":null,"booking_resources":null,"jetpack_publicize_connections":[],"jetpack_sharing_enabled":true,"_links":{"self":[{"href":"https:\/\/www.studiolongboard.com\/fr\/wp-json\/wp\/v2\/product\/14381","targetHints":{"allow":["GET"]}}],"collection":[{"href":"https:\/\/www.studiolongboard.com\/fr\/wp-json\/wp\/v2\/product"}],"about":[{"href":"https:\/\/www.studiolongboard.com\/fr\/wp-json\/wp\/v2\/types\/product"}],"replies":[{"embeddable":true,"href":"https:\/\/www.studiolongboard.com\/fr\/wp-json\/wp\/v2\/comments?post=14381"}],"wp:featuredmedia":[{"embeddable":true,"href":"https:\/\/www.studiolongboard.com\/fr\/wp-json\/wp\/v2\/media\/14392"}],"wp:attachment":[{"href":"https:\/\/www.studiolongboard.com\/fr\/wp-json\/wp\/v2\/media?parent=14381"}],"wp:term":[{"taxonomy":"product_brand","embeddable":true,"href":"https:\/\/www.studiolongboard.com\/fr\/wp-json\/wp\/v2\/product_brand?post=14381"},{"taxonomy":"product_cat","embeddable":true,"href":"https:\/\/www.studiolongboard.com\/fr\/wp-json\/wp\/v2\/product_cat?post=14381"},{"taxonomy":"product_tag","embeddable":true,"href":"https:\/\/www.studiolongboard.com\/fr\/wp-json\/wp\/v2\/product_tag?post=14381"}],"curies":[{"name":"wp","href":"https:\/\/api.w.org\/{rel}","templated":true}]}}