{"id":14311,"date":"2021-02-19T14:12:49","date_gmt":"2021-02-19T13:12:49","guid":{"rendered":"https:\/\/www.studiolongboard.com\/?post_type=product&#038;p=14311"},"modified":"2021-07-30T16:45:06","modified_gmt":"2021-07-30T14:45:06","slug":"daffyboard-balance-board-wake-set-waves","status":"publish","type":"product","link":"https:\/\/www.studiolongboard.com\/fr\/shop\/accessories\/balance-boards\/daffyboard-balance-board-wake-set-waves\/","title":{"rendered":"DAFFYBOARD Balance Board Wake Set Waves"},"content":{"rendered":"<h2>DAFFYBOARD Balance Board Wake Set Waves<\/h2>\n<p>DAFFYBOARD Balance Board Wake Set Waves besteht aus dem Board im hochwertigem Birkenholz, einer Korkrolle und einer Bodenschutzmatte auf Recyclingbasis. Die Boards werden komplett in Deutschland gefertigt. Eine spezielle Beschichtung auf der Oberfl\u00e4che macht das Board rutschfest und sch\u00fctzt das Design.<\/p>\n<p>Les planches d'\u00e9quilibre n'am\u00e9liorent pas seulement l'\u00e9quilibre et la coordination. Gr\u00e2ce \u00e0 des exercices cibl\u00e9s, tu peux renforcer et d\u00e9velopper certaines parties des muscles des jambes et des pieds ainsi que les articulations. Elles sont \u00e9galement tr\u00e8s amusantes et te permettent de garder la forme m\u00eame par mauvais temps.<\/p>\n<p>Convient au sport professionnel, \u00e0 la physioth\u00e9rapie et \u00e0 tous les passionn\u00e9s de sport.<\/p>\n<p>Boardgr\u00f6\u00dfe :\u00a0743 x 300mm<\/p>\n<ul>\n<li>Freigegeben bis 110kg<\/li>\n<li>Gr\u00f6\u00dfe der Matte 152 x 58cm<\/li>\n<\/ul>\n<p>&nbsp;<\/p>","protected":false},"excerpt":{"rendered":"<p>DAFFYBOARD Balance Board Wake Set Waves DAFFYBOARD Balance Board Wake Set Waves besteht aus dem Board im hochwertigem Birkenholz, einer Korkrolle und einer Bodenschutzmatte auf Recyclingbasis. Die Boards werden komplett in Deutschland gefertigt. Eine spezielle Beschichtung auf der Oberfl\u00e4che macht das Board rutschfest und sch\u00fctzt das Design. Balance Boards verbessern nicht nur das Gleichgewicht und [&#8230;]\n","protected":false},"featured_media":14312,"comment_status":"open","ping_status":"closed","template":"","meta":{"jetpack_post_was_ever_published":false,"jetpack_publicize_message":"","jetpack_publicize_feature_enabled":true,"jetpack_social_post_already_shared":true,"jetpack_social_options":{"image_generator_settings":{"template":"highway","default_image_id":0,"font":"","enabled":false},"version":2}},"product_brand":[],"product_cat":[589,320],"product_tag":[590,591,599,600],"class_list":{"0":"post-14311","1":"product","2":"type-product","3":"status-publish","4":"has-post-thumbnail","6":"product_cat-balance-boards","7":"product_cat-accessories","8":"product_tag-balance","9":"product_tag-balance-board","10":"product_tag-balancebrett","11":"product_tag-balanceboard","12":"product_shipping_class-paket","14":"first","15":"outofstock","16":"taxable","17":"shipping-taxable","18":"product-type-variable"},"composite_virtual":false,"composite_layout":"","composite_add_to_cart_form_location":"","composite_editable_in_cart":false,"composite_sold_individually_context":"","composite_shop_price_calc":"","composite_components":[],"composite_scenarios":[],"booking_location":null,"booking_location_type":null,"booking_duration":null,"booking_duration_unit":null,"booking_buffer":null,"booking_cost":null,"booking_resources":null,"jetpack_publicize_connections":[],"jetpack_sharing_enabled":true,"_links":{"self":[{"href":"https:\/\/www.studiolongboard.com\/fr\/wp-json\/wp\/v2\/product\/14311","targetHints":{"allow":["GET"]}}],"collection":[{"href":"https:\/\/www.studiolongboard.com\/fr\/wp-json\/wp\/v2\/product"}],"about":[{"href":"https:\/\/www.studiolongboard.com\/fr\/wp-json\/wp\/v2\/types\/product"}],"replies":[{"embeddable":true,"href":"https:\/\/www.studiolongboard.com\/fr\/wp-json\/wp\/v2\/comments?post=14311"}],"wp:featuredmedia":[{"embeddable":true,"href":"https:\/\/www.studiolongboard.com\/fr\/wp-json\/wp\/v2\/media\/14312"}],"wp:attachment":[{"href":"https:\/\/www.studiolongboard.com\/fr\/wp-json\/wp\/v2\/media?parent=14311"}],"wp:term":[{"taxonomy":"product_brand","embeddable":true,"href":"https:\/\/www.studiolongboard.com\/fr\/wp-json\/wp\/v2\/product_brand?post=14311"},{"taxonomy":"product_cat","embeddable":true,"href":"https:\/\/www.studiolongboard.com\/fr\/wp-json\/wp\/v2\/product_cat?post=14311"},{"taxonomy":"product_tag","embeddable":true,"href":"https:\/\/www.studiolongboard.com\/fr\/wp-json\/wp\/v2\/product_tag?post=14311"}],"curies":[{"name":"wp","href":"https:\/\/api.w.org\/{rel}","templated":true}]}}