{"id":14308,"date":"2021-02-19T13:46:22","date_gmt":"2021-02-19T12:46:22","guid":{"rendered":"https:\/\/www.studiolongboard.com\/?post_type=product&#038;p=14308"},"modified":"2022-06-28T14:53:09","modified_gmt":"2022-06-28T12:53:09","slug":"daffyboard-balance-board-kork-rolle-100mm","status":"publish","type":"product","link":"https:\/\/www.studiolongboard.com\/fr\/shop\/accessories\/balance-boards\/daffyboard-balance-board-kork-rolle-100mm\/","title":{"rendered":"DAFFYBOARD Balance Board Kork Rolle 100mm"},"content":{"rendered":"<h2>DAFFYBOARD Balance Board Kork Rolle 100mm<\/h2>\n<p>DAFFYBOARD Balance Board Kork Rolle 100mm ist perfekt f\u00fcr den Einstieg. Sie eignet sich besonders gut f\u00fcr Fitness- und Physio\u00fcbungen auf dem Balance Board. Stabile Korkrolle, ausgelegt f\u00fcr hohe Belastungen.<\/p>\n<p>L\u00e4nge: 300mm<\/p>\n<p>Durchmesser: 100mm<\/p>\n<p>Material: Kork<\/p>","protected":false},"excerpt":{"rendered":"<p>DAFFYBOARD Balance Board Kork Rolle 100mm DAFFYBOARD Balance Board Kork Rolle 100mm ist perfekt f\u00fcr den Einstieg. Sie eignet sich besonders gut f\u00fcr Fitness- und Physio\u00fcbungen auf dem Balance Board. Stabile Korkrolle, ausgelegt f\u00fcr hohe Belastungen. L\u00e4nge: 300mm Durchmesser: 100mm Material: Kork<\/p>","protected":false},"featured_media":14309,"comment_status":"open","ping_status":"closed","template":"","meta":{"jetpack_post_was_ever_published":false,"jetpack_publicize_message":"","jetpack_publicize_feature_enabled":true,"jetpack_social_post_already_shared":true,"jetpack_social_options":{"image_generator_settings":{"template":"highway","default_image_id":0,"font":"","enabled":false},"version":2}},"product_brand":[],"product_cat":[320,589],"product_tag":[600,590,591,599],"class_list":{"0":"post-14308","1":"product","2":"type-product","3":"status-publish","4":"has-post-thumbnail","6":"product_cat-accessories","7":"product_cat-balance-boards","8":"product_tag-balanceboard","9":"product_tag-balance","10":"product_tag-balance-board","11":"product_tag-balancebrett","12":"product_shipping_class-paket","14":"first","15":"outofstock","16":"taxable","17":"shipping-taxable","18":"purchasable","19":"product-type-simple"},"composite_virtual":false,"composite_layout":"","composite_add_to_cart_form_location":"","composite_editable_in_cart":false,"composite_sold_individually_context":"","composite_shop_price_calc":"","composite_components":[],"composite_scenarios":[],"booking_location":null,"booking_location_type":null,"booking_duration":null,"booking_duration_unit":null,"booking_buffer":null,"booking_cost":null,"booking_resources":null,"jetpack_publicize_connections":[],"jetpack_sharing_enabled":true,"_links":{"self":[{"href":"https:\/\/www.studiolongboard.com\/fr\/wp-json\/wp\/v2\/product\/14308","targetHints":{"allow":["GET"]}}],"collection":[{"href":"https:\/\/www.studiolongboard.com\/fr\/wp-json\/wp\/v2\/product"}],"about":[{"href":"https:\/\/www.studiolongboard.com\/fr\/wp-json\/wp\/v2\/types\/product"}],"replies":[{"embeddable":true,"href":"https:\/\/www.studiolongboard.com\/fr\/wp-json\/wp\/v2\/comments?post=14308"}],"wp:featuredmedia":[{"embeddable":true,"href":"https:\/\/www.studiolongboard.com\/fr\/wp-json\/wp\/v2\/media\/14309"}],"wp:attachment":[{"href":"https:\/\/www.studiolongboard.com\/fr\/wp-json\/wp\/v2\/media?parent=14308"}],"wp:term":[{"taxonomy":"product_brand","embeddable":true,"href":"https:\/\/www.studiolongboard.com\/fr\/wp-json\/wp\/v2\/product_brand?post=14308"},{"taxonomy":"product_cat","embeddable":true,"href":"https:\/\/www.studiolongboard.com\/fr\/wp-json\/wp\/v2\/product_cat?post=14308"},{"taxonomy":"product_tag","embeddable":true,"href":"https:\/\/www.studiolongboard.com\/fr\/wp-json\/wp\/v2\/product_tag?post=14308"}],"curies":[{"name":"wp","href":"https:\/\/api.w.org\/{rel}","templated":true}]}}