{"id":13996,"date":"2021-01-06T14:02:41","date_gmt":"2021-01-06T13:02:41","guid":{"rendered":"https:\/\/www.studiolongboard.com\/?post_type=product&#038;p=13996"},"modified":"2021-11-24T11:12:23","modified_gmt":"2021-11-24T10:12:23","slug":"cuei-griptape-11x40-g24","status":"publish","type":"product","link":"https:\/\/www.studiolongboard.com\/fr\/shop\/accessories\/griptape\/cuei-griptape-11x40-g24\/","title":{"rendered":"CUEI Griptape 11\u00d740&#8243; G24"},"content":{"rendered":"<h2>CUEI Griptape 11\u00d740&#8243; G24<\/h2>\n<p>CUEI Griptape 11\u00d740&#8243; G24 wurde entwickelt, um alles zu \u00fcbertreffen, was Du dir vorstellen kannst, wenn es um Skateboarding Grip Tape geht. Es verwendet ein v\u00f6llig innovatives Material mit einer St\u00e4rke, die weit gr\u00f6\u00dfer ist als das \u00fcblicherweise verwendete Grip Tapes auf dem Markt.<\/p>\n<p>Das Cuei Grip wurde so entwickelt, dass es schnell und einfach anzubringen ist, mit einem unglaublich starken Kleber und einem absurden Grip an Deinen Schuhen. Du kannst dich nach dem Aufkleben entspannt zur\u00fccklehnen, da es sich nicht von Deinem Board l\u00f6sen wird, was Dir v\u00f6llige Sicherheit auf Deinen Runs gibt, mit oder ohne Footbrake-Sohlen.<\/p>\n<p>Mit einer Gr\u00f6\u00dfe von 40&#215;11&#8243; und einer genau berechneten K\u00f6rnung von 24 kann dieses Grip Tape als eines der ersten High-Performance Grip Tapes f\u00fcr Downhill bezeichnet werden.<\/p>\n<p>Entworfen und getestet vom 2-fachen Downhill-Weltmeister Thiago Gomes Lessa<\/p>\n<p>read a review by <a href=\"http:\/\/downhill254.com\/cuei-griptape-24-grit-review\/\">downhil254<\/a><\/p>\n<p>&nbsp;<\/p>","protected":false},"excerpt":{"rendered":"<p>High-Performance Grip Tape<\/p>\n<p>Maximum grip and board feel<br \/>\nExtremely long lasting<br \/>\nEasy to apply and trim edges<br \/>\n11 x 40&#8243;<br \/>\n24 grit<\/p>","protected":false},"featured_media":13997,"comment_status":"open","ping_status":"closed","template":"","meta":{"jetpack_post_was_ever_published":false,"jetpack_publicize_message":"","jetpack_publicize_feature_enabled":true,"jetpack_social_post_already_shared":true,"jetpack_social_options":{"image_generator_settings":{"template":"highway","default_image_id":0,"font":"","enabled":false},"version":2}},"product_brand":[],"product_cat":[4609,320],"product_tag":[8300,8301,328,343,713,3423],"class_list":{"0":"post-13996","1":"product","2":"type-product","3":"status-publish","4":"has-post-thumbnail","6":"product_cat-griptape","7":"product_cat-accessories","8":"product_tag-24grit","9":"product_tag-g24","10":"product_tag-freeride","11":"product_tag-downhill","12":"product_tag-griptape","13":"product_tag-grip","14":"product_shipping_class-paket","16":"first","17":"outofstock","18":"taxable","19":"shipping-taxable","20":"purchasable","21":"product-type-simple"},"composite_virtual":false,"composite_layout":"","composite_add_to_cart_form_location":"","composite_editable_in_cart":false,"composite_sold_individually_context":"","composite_shop_price_calc":"","composite_components":[],"composite_scenarios":[],"booking_location":null,"booking_location_type":null,"booking_duration":null,"booking_duration_unit":null,"booking_buffer":null,"booking_cost":null,"booking_resources":null,"jetpack_publicize_connections":[],"jetpack_sharing_enabled":true,"_links":{"self":[{"href":"https:\/\/www.studiolongboard.com\/fr\/wp-json\/wp\/v2\/product\/13996","targetHints":{"allow":["GET"]}}],"collection":[{"href":"https:\/\/www.studiolongboard.com\/fr\/wp-json\/wp\/v2\/product"}],"about":[{"href":"https:\/\/www.studiolongboard.com\/fr\/wp-json\/wp\/v2\/types\/product"}],"replies":[{"embeddable":true,"href":"https:\/\/www.studiolongboard.com\/fr\/wp-json\/wp\/v2\/comments?post=13996"}],"wp:featuredmedia":[{"embeddable":true,"href":"https:\/\/www.studiolongboard.com\/fr\/wp-json\/wp\/v2\/media\/13997"}],"wp:attachment":[{"href":"https:\/\/www.studiolongboard.com\/fr\/wp-json\/wp\/v2\/media?parent=13996"}],"wp:term":[{"taxonomy":"product_brand","embeddable":true,"href":"https:\/\/www.studiolongboard.com\/fr\/wp-json\/wp\/v2\/product_brand?post=13996"},{"taxonomy":"product_cat","embeddable":true,"href":"https:\/\/www.studiolongboard.com\/fr\/wp-json\/wp\/v2\/product_cat?post=13996"},{"taxonomy":"product_tag","embeddable":true,"href":"https:\/\/www.studiolongboard.com\/fr\/wp-json\/wp\/v2\/product_tag?post=13996"}],"curies":[{"name":"wp","href":"https:\/\/api.w.org\/{rel}","templated":true}]}}