{"id":13778,"date":"2020-12-16T15:56:29","date_gmt":"2020-12-16T14:56:29","guid":{"rendered":"https:\/\/www.studiolongboard.com\/?post_type=product&#038;p=13778"},"modified":"2025-10-23T22:18:22","modified_gmt":"2025-10-23T20:18:22","slug":"riptide-speed-lube","status":"publish","type":"product","link":"https:\/\/www.studiolongboard.com\/fr\/shop\/accessories\/kugellager\/riptide-speed-lube\/","title":{"rendered":"RIPTIDE Speed Lube"},"content":{"rendered":"<h2>RIPTIDE Speed Lube<\/h2>\n<p>RIPTIDE Speed Lube ist ein Kugellager-\u00d6l, das speziell f\u00fcr Skateboarding entwickelt wurde. Die Marke <a href=\"https:\/\/www.studiolongboard.com\/fr\/product-category\/brands\/riptide\/\">Riptide<\/a> ist bekannt f\u00fcr sehr hochwertige <a href=\"https:\/\/www.studiolongboard.com\/fr\/product-category\/zubehoer\/\">Accessoires<\/a>-Produkte im Skate- und Longboarding und mehrere Jahre Entwicklung in dieses \u00d6l hineingesteckt. Zusammen Long-Dastance Spezialisten aus ihrem Team (Andrew Andras, Kyle Yan und Harrison Tucker) wurde die Anforderungen im H\u00e4rtetest stets \u00fcberpr\u00fcft. Auch die Downhill-Spezialisten von Riptide haben die Eigenschaften getestet und ihre Erfahrungen in die Entwicklung einflie\u00dfen lassen. \u00dcber den genauen Entwicklungsprozess k\u00f6nnt ihr euch gerne direkt auf deren Webseite informieren. Nur so viel von unserer Seite: Der Preis ist es Wert.<\/p>\n<p>choose between dry weather or wet weather<\/p>\n<p>&nbsp;<\/p>\n<p>&nbsp;<\/p>","protected":false},"excerpt":{"rendered":"<p>RIPTIDE Speed Lube RIPTIDE Speed Lube ist ein Kugellager-\u00d6l, das speziell f\u00fcr Skateboarding entwickelt wurde. Die Marke Riptide ist bekannt f\u00fcr sehr hochwertige Zubeh\u00f6r-Produkte im Skate- und Longboarding und mehrere Jahre Entwicklung in dieses \u00d6l hineingesteckt. Zusammen Long-Dastance Spezialisten aus ihrem Team (Andrew Andras, Kyle Yan und Harrison Tucker) wurde die Anforderungen im H\u00e4rtetest stets [&#8230;]\n","protected":false},"featured_media":13779,"comment_status":"open","ping_status":"closed","template":"","meta":{"jetpack_post_was_ever_published":false,"jetpack_publicize_message":"","jetpack_publicize_feature_enabled":true,"jetpack_social_post_already_shared":true,"jetpack_social_options":{"image_generator_settings":{"template":"highway","default_image_id":0,"font":"","enabled":false},"version":2}},"product_brand":[],"product_cat":[320,4130],"product_tag":[8268,8269,8270,754],"class_list":{"0":"post-13778","1":"product","2":"type-product","3":"status-publish","4":"has-post-thumbnail","6":"product_cat-accessories","7":"product_cat-kugellager","8":"product_tag-speed-lube","9":"product_tag-oel","10":"product_tag-schmiere","11":"product_tag-kugellager","12":"product_shipping_class-paket-m","14":"first","15":"instock","16":"featured","17":"taxable","18":"shipping-taxable","19":"purchasable","20":"product-type-variable"},"composite_virtual":false,"composite_layout":"","composite_add_to_cart_form_location":"","composite_editable_in_cart":false,"composite_sold_individually_context":"","composite_shop_price_calc":"","composite_components":[],"composite_scenarios":[],"booking_location":null,"booking_location_type":null,"booking_duration":null,"booking_duration_unit":null,"booking_buffer":null,"booking_cost":null,"booking_resources":null,"jetpack_publicize_connections":[],"jetpack_sharing_enabled":true,"_links":{"self":[{"href":"https:\/\/www.studiolongboard.com\/fr\/wp-json\/wp\/v2\/product\/13778","targetHints":{"allow":["GET"]}}],"collection":[{"href":"https:\/\/www.studiolongboard.com\/fr\/wp-json\/wp\/v2\/product"}],"about":[{"href":"https:\/\/www.studiolongboard.com\/fr\/wp-json\/wp\/v2\/types\/product"}],"replies":[{"embeddable":true,"href":"https:\/\/www.studiolongboard.com\/fr\/wp-json\/wp\/v2\/comments?post=13778"}],"wp:featuredmedia":[{"embeddable":true,"href":"https:\/\/www.studiolongboard.com\/fr\/wp-json\/wp\/v2\/media\/13779"}],"wp:attachment":[{"href":"https:\/\/www.studiolongboard.com\/fr\/wp-json\/wp\/v2\/media?parent=13778"}],"wp:term":[{"taxonomy":"product_brand","embeddable":true,"href":"https:\/\/www.studiolongboard.com\/fr\/wp-json\/wp\/v2\/product_brand?post=13778"},{"taxonomy":"product_cat","embeddable":true,"href":"https:\/\/www.studiolongboard.com\/fr\/wp-json\/wp\/v2\/product_cat?post=13778"},{"taxonomy":"product_tag","embeddable":true,"href":"https:\/\/www.studiolongboard.com\/fr\/wp-json\/wp\/v2\/product_tag?post=13778"}],"curies":[{"name":"wp","href":"https:\/\/api.w.org\/{rel}","templated":true}]}}