{"id":13580,"date":"2020-11-25T13:26:04","date_gmt":"2020-11-25T12:26:04","guid":{"rendered":"https:\/\/www.studiolongboard.com\/?post_type=product&#038;p=13580"},"modified":"2024-09-19T14:44:01","modified_gmt":"2024-09-19T12:44:01","slug":"core-longboards-aster-complete","status":"publish","type":"product","link":"https:\/\/www.studiolongboard.com\/fr\/shop\/longboards\/komplett-longboards\/dance-und-freestyle\/core-longboards-aster-complete\/","title":{"rendered":"Core Longboards Aster Complete"},"content":{"rendered":"<h2>Core Longboards Aster Complete<\/h2>\n<p>Core Longboards Aster Complete ist ein tolles Komplett-Longboard f\u00fcr Beginner im Longboard-Dancing. Nicht nur von der \u00e4sthetischen Seite sch\u00f6n anzuschauen, es bietet auch jede Menge Fahrkomfort und Kontrolle unter den F\u00fc\u00dfen.\u00a0Seine symmetrische Form mit viel Platz und hohen Kicktails erm\u00f6glicht eine Vielzahl von Tricks. Das Deck ist leicht konkav und hat einen sanften Rocker. Der vom Hersteller angegebene mittlere Flex f\u00fchlt sich sehr lebendig an, besonders in der Mitte des Boards.<\/p>\n<p>Mit einem erschwinglichen Preis geht dieses Longboard-Deck keine Kompromisse in Bezug auf Qualit\u00e4t und Stabilit\u00e4t ein.<\/p>\n<p>Abmessungen: 115 cm L\u00e4nge x 22 cm Breite<br \/>\nWheelbase: 75 cm &#8211; 79 cm<\/p>\n<p>Am besten f\u00fcr Longboard Dance und Freestyle geeignet<br \/>\nF\u00fcr Anf\u00e4nger und erfahrene Fahrer<\/p>\n<p>&nbsp;<\/p>","protected":false},"excerpt":{"rendered":"<p>Choose your setup<\/p>","protected":false},"featured_media":19708,"comment_status":"open","ping_status":"closed","template":"","meta":{"jetpack_post_was_ever_published":false,"jetpack_publicize_message":"","jetpack_publicize_feature_enabled":true,"jetpack_social_post_already_shared":true,"jetpack_social_options":{"image_generator_settings":{"template":"highway","default_image_id":0,"font":"","enabled":false},"version":2}},"product_brand":[],"product_cat":[8627,310,311],"product_tag":[373,757,8240,2164],"class_list":{"0":"post-13580","1":"product","2":"type-product","3":"status-publish","4":"has-post-thumbnail","6":"product_cat-dance-und-freestyle","7":"product_cat-komplett-longboards","8":"product_cat-longboards","9":"product_tag-dancer","10":"product_tag-longboard-dancing","11":"product_tag-budget-longboard","12":"product_tag-komplettlongboard","13":"product_shipping_class-paket","15":"first","16":"outofstock","17":"sale","18":"taxable","19":"shipping-taxable","20":"purchasable","21":"product-type-composite"},"composite_virtual":false,"composite_layout":"progressive","composite_add_to_cart_form_location":"default","composite_editable_in_cart":false,"composite_sold_individually_context":"product","composite_shop_price_calc":"defaults","composite_components":[{"id":"1617796388","title":"Trucks \/ Achsen","description":"","query_type":"product_ids","query_ids":[7300,12388,7269,7267,7255,7261,12385,9989,19724,19727,19730,11887,17831,17842,19437,19441,19712,2112,6113,9957,19790,19796],"default_option_id":7300,"thumbnail_id":12386,"thumbnail_src":"https:\/\/www.studiolongboard.com\/wp-content\/uploads\/2020\/09\/paris-v3-trucks-180mm-50-reflector-e1599132937388.png","quantity_min":2,"quantity_max":2,"priced_individually":true,"shipped_individually":false,"optional":false,"discount":5,"options_style":"dropdowns","pagination_style":"classic","display_prices":"absolute","show_sorting_options":false,"show_filtering_options":false,"attribute_filter_ids":[],"select_action":"view","product_title_visible":true,"product_descr_visible":true,"product_price_visible":true,"product_thumb_visible":true,"subtotal_visible_product":true,"subtotal_visible_cart":true,"subtotal_visible_orders":true},{"id":"1617796389","title":"Wheels \/ Rollen","description":"","query_type":"product_ids","query_ids":[16058,13304,16056,7031,7036,7670,10016,18738,2070,5707,5709,5711,5723,5720,5722,5716,14937,19349,19353,19358,4789,10045,20008,21064],"default_option_id":16058,"thumbnail_id":16059,"thumbnail_src":"https:\/\/www.studiolongboard.com\/wp-content\/uploads\/2021\/05\/cloud-ride-cruisers-grey-marble-65mm-78a.jpg","quantity_min":1,"quantity_max":1,"priced_individually":true,"shipped_individually":false,"optional":false,"discount":5,"options_style":"dropdowns","pagination_style":"classic","display_prices":"absolute","show_sorting_options":false,"show_filtering_options":false,"attribute_filter_ids":[],"select_action":"view","product_title_visible":true,"product_descr_visible":true,"product_price_visible":true,"product_thumb_visible":true,"subtotal_visible_product":true,"subtotal_visible_cart":true,"subtotal_visible_orders":true},{"id":"1622645470","title":"Bearings \/ Kugellager","description":"","query_type":"product_ids","query_ids":[6044,6792,8047,15162],"default_option_id":6792,"thumbnail_id":6793,"thumbnail_src":"https:\/\/www.studiolongboard.com\/wp-content\/uploads\/2019\/03\/zealous-kugellager.jpg","quantity_min":1,"quantity_max":1,"priced_individually":true,"shipped_individually":false,"optional":false,"discount":5,"options_style":"dropdowns","pagination_style":"classic","display_prices":"absolute","show_sorting_options":false,"show_filtering_options":false,"attribute_filter_ids":[],"select_action":"view","product_title_visible":true,"product_descr_visible":true,"product_price_visible":true,"product_thumb_visible":true,"subtotal_visible_product":true,"subtotal_visible_cart":true,"subtotal_visible_orders":true},{"id":"1651057282","title":"Griptape","description":"<p>Standardm\u00e4\u00dfig bekleben wir Nose und Tail mit jeweils 20 bis 25 cm Griptape. Hierf\u00fcr einfach die Anzahl auf 4 (4 x 10cm) setzen. Bei Sonderw\u00fcnschen meldet euch gerne bei uns telefonisch. <\/p>","query_type":"product_ids","query_ids":[14652,9701,15665],"default_option_id":9701,"thumbnail_id":"","thumbnail_src":"","quantity_min":4,"quantity_max":12,"priced_individually":true,"shipped_individually":false,"optional":false,"discount":"","options_style":"dropdowns","pagination_style":"classic","display_prices":"absolute","show_sorting_options":false,"show_filtering_options":false,"attribute_filter_ids":[],"select_action":"view","product_title_visible":true,"product_descr_visible":true,"product_price_visible":true,"product_thumb_visible":true,"subtotal_visible_product":true,"subtotal_visible_cart":true,"subtotal_visible_orders":true}],"composite_scenarios":[],"booking_location":null,"booking_location_type":null,"booking_duration":null,"booking_duration_unit":null,"booking_buffer":null,"booking_cost":null,"booking_resources":null,"jetpack_publicize_connections":[],"jetpack_sharing_enabled":true,"_links":{"self":[{"href":"https:\/\/www.studiolongboard.com\/fr\/wp-json\/wp\/v2\/product\/13580","targetHints":{"allow":["GET"]}}],"collection":[{"href":"https:\/\/www.studiolongboard.com\/fr\/wp-json\/wp\/v2\/product"}],"about":[{"href":"https:\/\/www.studiolongboard.com\/fr\/wp-json\/wp\/v2\/types\/product"}],"replies":[{"embeddable":true,"href":"https:\/\/www.studiolongboard.com\/fr\/wp-json\/wp\/v2\/comments?post=13580"}],"wp:featuredmedia":[{"embeddable":true,"href":"https:\/\/www.studiolongboard.com\/fr\/wp-json\/wp\/v2\/media\/19708"}],"wp:attachment":[{"href":"https:\/\/www.studiolongboard.com\/fr\/wp-json\/wp\/v2\/media?parent=13580"}],"wp:term":[{"taxonomy":"product_brand","embeddable":true,"href":"https:\/\/www.studiolongboard.com\/fr\/wp-json\/wp\/v2\/product_brand?post=13580"},{"taxonomy":"product_cat","embeddable":true,"href":"https:\/\/www.studiolongboard.com\/fr\/wp-json\/wp\/v2\/product_cat?post=13580"},{"taxonomy":"product_tag","embeddable":true,"href":"https:\/\/www.studiolongboard.com\/fr\/wp-json\/wp\/v2\/product_tag?post=13580"}],"curies":[{"name":"wp","href":"https:\/\/api.w.org\/{rel}","templated":true}]}}