{"id":13516,"date":"2020-11-14T13:04:04","date_gmt":"2020-11-14T12:04:04","guid":{"rendered":"https:\/\/www.studiolongboard.com\/?post_type=product&#038;p=13516"},"modified":"2021-10-21T12:17:30","modified_gmt":"2021-10-21T10:17:30","slug":"ripndip-stay-in-sk3wl-composition-notebook-black","status":"publish","type":"product","link":"https:\/\/www.studiolongboard.com\/fr\/shop\/accessories\/ripndip-stay-in-sk3wl-composition-notebook-black\/","title":{"rendered":"RIPNDIP Stay In Sk3wl Composition Notebook Black"},"content":{"rendered":"<h2>RIPNDIP Stay In Sk3wl Composition Notebook Black<\/h2>\n<p>RIPNDIP Stay In Sk3wl Composition Notebook Black ist super f\u00fcr Notizen oder Songtexte. Selbstverst\u00e4ndlich auch f\u00fcr schulische Zwecke zu gebrauchen \ud83d\ude09<\/p>\n<p>sTaY in sK3wL<\/p>\n<p>100 Pages<\/p>\n<p>&nbsp;<\/p>\n<p>&nbsp;<\/p>","protected":false},"excerpt":{"rendered":"<p>RIPNDIP Stay In Sk3wl Composition Notebook Black RIPNDIP Stay In Sk3wl Composition Notebook Black ist super f\u00fcr Notizen oder Songtexte. Selbstverst\u00e4ndlich auch f\u00fcr schulische Zwecke zu gebrauchen \ud83d\ude09 sTaY in sK3wL 100 Pages &nbsp; &nbsp;<\/p>","protected":false},"featured_media":13517,"comment_status":"closed","ping_status":"closed","template":"","meta":{"jetpack_post_was_ever_published":false,"jetpack_publicize_message":"","jetpack_publicize_feature_enabled":true,"jetpack_social_post_already_shared":true,"jetpack_social_options":{"image_generator_settings":{"template":"highway","default_image_id":0,"font":"","enabled":false},"version":2}},"product_brand":[],"product_cat":[320],"product_tag":[8231,8232,8233,8234,8235,391],"class_list":{"0":"post-13516","1":"product","2":"type-product","3":"status-publish","4":"has-post-thumbnail","6":"product_cat-accessories","7":"product_tag-notizbuch","8":"product_tag-notebook","9":"product_tag-songtexte","10":"product_tag-notizen","11":"product_tag-buch","12":"product_tag-buecher","13":"product_shipping_class-paket","15":"first","16":"instock","17":"taxable","18":"shipping-taxable","19":"purchasable","20":"product-type-simple"},"composite_virtual":false,"composite_layout":"","composite_add_to_cart_form_location":"","composite_editable_in_cart":false,"composite_sold_individually_context":"","composite_shop_price_calc":"","composite_components":[],"composite_scenarios":[],"booking_location":null,"booking_location_type":null,"booking_duration":null,"booking_duration_unit":null,"booking_buffer":null,"booking_cost":null,"booking_resources":null,"jetpack_publicize_connections":[],"jetpack_sharing_enabled":true,"_links":{"self":[{"href":"https:\/\/www.studiolongboard.com\/fr\/wp-json\/wp\/v2\/product\/13516","targetHints":{"allow":["GET"]}}],"collection":[{"href":"https:\/\/www.studiolongboard.com\/fr\/wp-json\/wp\/v2\/product"}],"about":[{"href":"https:\/\/www.studiolongboard.com\/fr\/wp-json\/wp\/v2\/types\/product"}],"replies":[{"embeddable":true,"href":"https:\/\/www.studiolongboard.com\/fr\/wp-json\/wp\/v2\/comments?post=13516"}],"wp:featuredmedia":[{"embeddable":true,"href":"https:\/\/www.studiolongboard.com\/fr\/wp-json\/wp\/v2\/media\/13517"}],"wp:attachment":[{"href":"https:\/\/www.studiolongboard.com\/fr\/wp-json\/wp\/v2\/media?parent=13516"}],"wp:term":[{"taxonomy":"product_brand","embeddable":true,"href":"https:\/\/www.studiolongboard.com\/fr\/wp-json\/wp\/v2\/product_brand?post=13516"},{"taxonomy":"product_cat","embeddable":true,"href":"https:\/\/www.studiolongboard.com\/fr\/wp-json\/wp\/v2\/product_cat?post=13516"},{"taxonomy":"product_tag","embeddable":true,"href":"https:\/\/www.studiolongboard.com\/fr\/wp-json\/wp\/v2\/product_tag?post=13516"}],"curies":[{"name":"wp","href":"https:\/\/api.w.org\/{rel}","templated":true}]}}