{"id":13220,"date":"2020-10-21T13:05:04","date_gmt":"2020-10-21T11:05:04","guid":{"rendered":"https:\/\/www.studiolongboard.com\/?post_type=product&#038;p=13220"},"modified":"2025-07-22T13:49:15","modified_gmt":"2025-07-22T11:49:15","slug":"simple-longboards-edina","status":"publish","type":"product","link":"https:\/\/www.studiolongboard.com\/fr\/shop\/longboards\/longboard-decks\/dance-freestyle-decks\/simple-longboards-edina\/","title":{"rendered":"SIMPLE LONGBOARDS Edina"},"content":{"rendered":"<h2>SIMPLE LONGBOARDS Edina<\/h2>\n<p>Edina ist die neueste Kreation SIMPLE LONGBOARDS. Sie ist ein Mash Up deren klassischen Boards, gepaart mit vielen Innovationen, neuem Layup und einem bekannten Shape, den die Longboardwelt liebt und immer wieder kopiert.\u00a0Genau zwischen dem Platypus mit 127cm und unserem Mini-Platypus mit 109cm misst die Edina 118cm von Nose to Tail.<\/p>\n<p>Die radiale Konkavit\u00e4t der Edina ist perfekt, um Flips zu schnippen und Sie stabil zu halten bei Peter-Pans oder Cross-Steps.<br \/>\nSie ist auf dem ganzen Brett sp\u00fcrbar, beginnt gleich nach den Truck-L\u00f6chern und wird in der Mitte weicher.<\/p>\n<p>Camber:<br \/>\nSimple haben ihren bereits erfolgreichen Camber f\u00fcr die modernen Freestyle-Bed\u00fcrfnisse neu entwickelt. Das Ergebnis ist ein sehr kontrollierbares Deck, das dich bei Landungen unterst\u00fctzt und dich mit dem Extra-Schuss Energie, den du von klassischen Camber-Boards kennst, zum Tanzen animiert.<\/p>\n<p>Konstruktionsverfahren\/Layup:<br \/>\nSimple Longboards haben das dreischichtige Birkenschichtholz gegen eine weitere einschichtige Bambusplatte ausgetauscht und damit ihr erstes Vollbambus-Brett geschaffen, das mit verschiedenen Glasfaser- und Kohlefaserarten verst\u00e4rkt wird, so dass die Kicks steif bleiben, w\u00e4hrend der subtile Flex zwischen den Achsen seine Arbeit verrichten kann.<\/p>\n<p>Kicks:<br \/>\nBei den Kicks wurde der Scheitelpunkt neu berechnet und noch mehr Verst\u00e4rkungsmaterial hinein gestopft, um den Pop richtig schnell und zackig zu machen. Das neue Layup sorgt f\u00fcr steifere Kicks und l\u00e4nger anhaltenden Pop, was es perfekt f\u00fcr High-Popped-Tricks macht.<\/p>\n<p>Liste der Verbesserungen<\/p>\n<ul>\n<li>Vollbambus-Brett<\/li>\n<li>keine vorgefertigte Birke &#8211; kein Delam<\/li>\n<li>mehrere verschiedene Arten von Verst\u00e4rkungsmaterial<\/li>\n<li>st\u00e4rkere und steilere Kicks mit neuem Scheitelpunkt<\/li>\n<li>schnelleres Pop<\/li>\n<li>haltbarer<\/li>\n<li>konkaver<\/li>\n<\/ul>\n<p>Technische Daten<\/p>\n<p>L\u00e4nge: 118 cm \/ 46 1\/2 &#8220;<br \/>\nBreite: 21,5 cm &#8211; 23 cm \/ 8,4&#8243; &#8211; 9\u2033<br \/>\nRadstand: 73,5 cm \/ 28 3\/4\u2033<br \/>\nTritte: 14 cm \/ 5,1\u2033<br \/>\nKonstruktion: Bambus, Glas, Kohlenstoff, Mahagoni.<\/p>\n<p>Flex<br \/>\nLeicht ( &lt; 70 kg )<\/p>\n<p>Mittel ( &gt;70 kg )<\/p>\n<p>Stiff (&gt;90 kg)<\/p>","protected":false},"excerpt":{"rendered":"<p>SIMPLE LONGBOARDS Edina Edina ist die neueste Kreation SIMPLE LONGBOARDS. Sie ist ein Mash Up deren klassischen Boards, gepaart mit vielen Innovationen, neuem Layup und einem bekannten Shape, den die Longboardwelt liebt und immer wieder kopiert.\u00a0Genau zwischen dem Platypus mit 127cm und unserem Mini-Platypus mit 109cm misst die Edina 118cm von Nose to Tail. Die [&#8230;]\n","protected":false},"featured_media":13224,"comment_status":"open","ping_status":"closed","template":"","meta":{"jetpack_post_was_ever_published":false,"jetpack_publicize_message":"SIMPLE LONGBOARDS Platypus","jetpack_publicize_feature_enabled":true,"jetpack_social_post_already_shared":true,"jetpack_social_options":{"image_generator_settings":{"template":"highway","default_image_id":0,"font":"","enabled":false},"version":2}},"product_brand":[],"product_cat":[8789,311,313],"product_tag":[373,757,2200,2905,361,6547,368],"class_list":{"0":"post-13220","1":"product","2":"type-product","3":"status-publish","4":"has-post-thumbnail","6":"product_cat-dance-freestyle-decks","7":"product_cat-longboards","8":"product_cat-longboard-decks","9":"product_tag-dancer","10":"product_tag-longboard-dancing","11":"product_tag-bambus","12":"product_tag-longboard","13":"product_tag-bamboo","14":"product_tag-longboard-freestyle","15":"product_tag-camber","16":"product_shipping_class-paket","18":"first","19":"outofstock","20":"taxable","21":"shipping-taxable","22":"product-type-variable"},"composite_virtual":false,"composite_layout":"","composite_add_to_cart_form_location":"","composite_editable_in_cart":false,"composite_sold_individually_context":"","composite_shop_price_calc":"","composite_components":[],"composite_scenarios":[],"booking_location":null,"booking_location_type":null,"booking_duration":null,"booking_duration_unit":null,"booking_buffer":null,"booking_cost":null,"booking_resources":null,"jetpack_publicize_connections":[],"jetpack_sharing_enabled":true,"_links":{"self":[{"href":"https:\/\/www.studiolongboard.com\/fr\/wp-json\/wp\/v2\/product\/13220","targetHints":{"allow":["GET"]}}],"collection":[{"href":"https:\/\/www.studiolongboard.com\/fr\/wp-json\/wp\/v2\/product"}],"about":[{"href":"https:\/\/www.studiolongboard.com\/fr\/wp-json\/wp\/v2\/types\/product"}],"replies":[{"embeddable":true,"href":"https:\/\/www.studiolongboard.com\/fr\/wp-json\/wp\/v2\/comments?post=13220"}],"wp:featuredmedia":[{"embeddable":true,"href":"https:\/\/www.studiolongboard.com\/fr\/wp-json\/wp\/v2\/media\/13224"}],"wp:attachment":[{"href":"https:\/\/www.studiolongboard.com\/fr\/wp-json\/wp\/v2\/media?parent=13220"}],"wp:term":[{"taxonomy":"product_brand","embeddable":true,"href":"https:\/\/www.studiolongboard.com\/fr\/wp-json\/wp\/v2\/product_brand?post=13220"},{"taxonomy":"product_cat","embeddable":true,"href":"https:\/\/www.studiolongboard.com\/fr\/wp-json\/wp\/v2\/product_cat?post=13220"},{"taxonomy":"product_tag","embeddable":true,"href":"https:\/\/www.studiolongboard.com\/fr\/wp-json\/wp\/v2\/product_tag?post=13220"}],"curies":[{"name":"wp","href":"https:\/\/api.w.org\/{rel}","templated":true}]}}