{"id":12615,"date":"2020-09-19T13:53:54","date_gmt":"2020-09-19T11:53:54","guid":{"rendered":"https:\/\/www.studiolongboard.com\/?post_type=product&#038;p=12615"},"modified":"2025-03-17T11:47:47","modified_gmt":"2025-03-17T10:47:47","slug":"jam-session-im-studio-longboard","status":"publish","type":"product","link":"https:\/\/www.studiolongboard.com\/fr\/shop\/tonstudio-dienstleistungen\/jam-session-im-studio-longboard\/","title":{"rendered":"Jam Session im Studio Longboard"},"content":{"rendered":"<h2>Jam Session im Studio Longboard<\/h2>\n<p>Wir laden Musiker*innen ein zu einer Jam Session in unserem Tonstudio. Unser Aufnahmeraum ist ausgestattet mit einem Schlagzeugset, einem Bassverst\u00e4rker, zwei Gitarren-Amps und einer Gesangsanlage. Bei Bedarf kann auch ein Keyboard aufgebaut werden. Bis zu sieben Personen k\u00f6nnen dabei gleichzeitig zusammen musizieren. Insgesamt ist die Personenanzahl pro Session auf 10 begrenzt. Bringt gerne euer eigenes Mikro, Sticks und Gitarren mit.<\/p>\n<p>Bei der Buchung m\u00f6chten wir euch bitten unter Notizen euer(e) Instrument(e) anzugeben, damit wir ungef\u00e4hr eine Vorstellung von der Zusammensetzung haben und am Ende nicht 5 Gitarristen mit einander jammen m\u00fcssen \ud83d\ude09<\/p>\n<p>Wir suchen keine Opener bzw. keine komplette Band. <strong>Diese Jam Session ist kein \u00f6ffentliches Konzert<\/strong> und nur f\u00fcr Musiker*innen gedacht, die sich untereinander austauschen wollen. Es gibt auch deshalb keine Zuschauer bzw. Zuh\u00f6rer.<\/p>\n<p>Wir freuen uns \u00fcber eure Anmeldung.<\/p>\n<p>Bei Fragen benutzt gerne unser <a href=\"https:\/\/www.studiolongboard.com\/fr\/kontakt\/kontaktformular\/\">Formulaire de contact<\/a><\/p>\n<p><img loading=\"lazy\" decoding=\"async\" class=\"aligncenter size-full wp-image-12410\" src=\"https:\/\/www.studiolongboard.com\/wp-content\/uploads\/2020\/08\/Studiolongboard-_15.jpg\" alt=\"\" width=\"800\" height=\"533\" srcset=\"https:\/\/www.studiolongboard.com\/wp-content\/uploads\/2020\/08\/Studiolongboard-_15.jpg 800w, https:\/\/www.studiolongboard.com\/wp-content\/uploads\/2020\/08\/Studiolongboard-_15-510x340.jpg 510w, https:\/\/www.studiolongboard.com\/wp-content\/uploads\/2020\/08\/Studiolongboard-_15-300x200.jpg 300w, https:\/\/www.studiolongboard.com\/wp-content\/uploads\/2020\/08\/Studiolongboard-_15-708x472.jpg 708w\" sizes=\"auto, (max-width: 800px) 100vw, 800px\" \/><\/p>","protected":false},"excerpt":{"rendered":"<p>die n\u00e4chsten Termine:<\/p>\n<p>25.04.2025, 19 &#8211; 23 Uhr<\/p>\n<p><strong>Bitte Datum ausw\u00e4hlen und auf die Uhrzeit klicken um den Termin buchen zu k\u00f6nnen.<\/strong><\/p>\n<p>Stornierung ist bis zu 3 Tage vor dem Termin kostenlos m\u00f6glich, danach behalten wir 50% des Preises<\/p>","protected":false},"featured_media":57777,"comment_status":"open","ping_status":"closed","template":"","meta":{"jetpack_publicize_message":"","jetpack_publicize_feature_enabled":true,"jetpack_social_post_already_shared":true,"jetpack_social_options":{"image_generator_settings":{"template":"highway","default_image_id":0,"font":"","enabled":false},"version":2}},"product_brand":[],"product_cat":[2674],"product_tag":[2216,7626],"class_list":{"0":"post-12615","1":"product","2":"type-product","3":"status-publish","4":"has-post-thumbnail","6":"product_cat-tonstudio-dienstleistungen","7":"product_tag-tonstudio","8":"product_tag-jam-session","10":"first","11":"instock","12":"virtual","13":"sold-individually","14":"taxable","15":"purchasable","16":"product-type-booking"},"composite_virtual":false,"composite_layout":"","composite_add_to_cart_form_location":"","composite_editable_in_cart":false,"composite_sold_individually_context":"","composite_shop_price_calc":"","composite_components":[],"composite_scenarios":[],"booking_location":"","booking_location_type":"","booking_duration":4,"booking_duration_unit":"hour","booking_buffer":1,"booking_cost":0,"booking_resources":[],"jetpack_publicize_connections":[],"jetpack_sharing_enabled":true,"_links":{"self":[{"href":"https:\/\/www.studiolongboard.com\/fr\/wp-json\/wp\/v2\/product\/12615","targetHints":{"allow":["GET"]}}],"collection":[{"href":"https:\/\/www.studiolongboard.com\/fr\/wp-json\/wp\/v2\/product"}],"about":[{"href":"https:\/\/www.studiolongboard.com\/fr\/wp-json\/wp\/v2\/types\/product"}],"replies":[{"embeddable":true,"href":"https:\/\/www.studiolongboard.com\/fr\/wp-json\/wp\/v2\/comments?post=12615"}],"wp:featuredmedia":[{"embeddable":true,"href":"https:\/\/www.studiolongboard.com\/fr\/wp-json\/wp\/v2\/media\/57777"}],"wp:attachment":[{"href":"https:\/\/www.studiolongboard.com\/fr\/wp-json\/wp\/v2\/media?parent=12615"}],"wp:term":[{"taxonomy":"product_brand","embeddable":true,"href":"https:\/\/www.studiolongboard.com\/fr\/wp-json\/wp\/v2\/product_brand?post=12615"},{"taxonomy":"product_cat","embeddable":true,"href":"https:\/\/www.studiolongboard.com\/fr\/wp-json\/wp\/v2\/product_cat?post=12615"},{"taxonomy":"product_tag","embeddable":true,"href":"https:\/\/www.studiolongboard.com\/fr\/wp-json\/wp\/v2\/product_tag?post=12615"}],"curies":[{"name":"wp","href":"https:\/\/api.w.org\/{rel}","templated":true}]}}