{"id":12015,"date":"2020-08-19T13:47:15","date_gmt":"2020-08-19T11:47:15","guid":{"rendered":"https:\/\/www.studiolongboard.com\/?post_type=product&#038;p=12015"},"modified":"2026-02-05T21:05:37","modified_gmt":"2026-02-05T20:05:37","slug":"longboard-dance-freestyle-workshop","status":"publish","type":"product","link":"https:\/\/www.studiolongboard.com\/fr\/shop\/skateworkshops\/longboard-dance-freestyle-workshop\/","title":{"rendered":"Atelier de danse et de freestyle en longboard"},"content":{"rendered":"<h2>Longboard Dance &amp; Freestyle Workshop<\/h2>\n<p>Longboard Dance &amp; Freestyle Workshop beim Studio Longboard in Hamburg<\/p>\n<ul>\n<li>Du beherrschst die Basics (Pushen, Lenken und Bremsen) und m\u00f6chtest dich nun an die ersten Tricks und Moves im Longboard Dance &amp; Freestyle herantrauen?<\/li>\n<li>Du kommst mit bestimmten Tricks einfach nicht weiter und brauchst Tipps von erfahrenen Fahrern?<\/li>\n<li>Dir fallen keine neuen Tricks mehr ein und du brauchst dringend neue Inspiration?<\/li>\n<li>Du hast einfach Lust in einer Gruppe Tricks auszutauschen und neues zu erlernen?<\/li>\n<li>Dann bist bei diesem Workshop genau richtig!<\/li>\n<\/ul>\n<p>Mitzubringen ist ausser dem eigenen Longboard, Helm und Handgelenkschoner. Falls du noch kein richtiges Board und Ausr\u00fcstung hast, kein Problem: Einfach im Kommentar vermerken, wir stellen alles Notwendige zur Verf\u00fcgung. (Gerne Gr\u00f6\u00dfe, Kopfumfang und Gewicht angeben)<\/p>\n<p>Der Kurs dauert 2 Stunden und die Teilnahmegeb\u00fchr betr\u00e4gt 39,90 \u20ac pro Person. Darin enthalten ist die Bereitstellung eines Longboards, Schoner und Helm (falls erw\u00fcnscht).<\/p>\n<p>Der Kurs findet bei trockenem Wetter auf dem Hof vom <strong>Studio Longboard in der Leverkusenstr. 13 Haus F, 22761 Hamburg<\/strong> statt. Bei Regen wird der Workshop in einem \u00fcberdachten Spot in Hamburg-Lockstedt stattfinden. In dem Fall informieren wir alle Teilnehmenden per Mail oder Telefon \u00fcber die Orts\u00e4nderung.<\/p>\n<p><strong>Die Buchung kann storniert werden bis 5 Tage vor dem Termin!<\/strong><\/p>\n<p>Wir bitten die Teilnehmer*innen unsere <a href=\"https:\/\/www.studiolongboard.com\/wp-content\/uploads\/2022\/09\/Haftungsausschlusserklaerung-Skateworkshop-2022.pdf\">Haftungsausschlusserkl\u00e4rung<\/a> vor der Buchung des Workshops gr\u00fcndlich durchzulesen und unterschrieben mitzubringen.<\/p>","protected":false},"excerpt":{"rendered":"<p>die n\u00e4chsten Termine:<\/p>\n<p>zurzeit keine Termine <\/p>\n<p>Bitte im Kalender das Datum ausw\u00e4hlen und auf die Uhrzeit klicken um den Termin buchen zu k\u00f6nnen.<\/p>\n<p><strong>Die Buchung kann storniert werden bis 5 Tage vor dem Termin!<\/strong><\/p>","protected":false},"featured_media":18506,"comment_status":"closed","ping_status":"closed","template":"","meta":{"jetpack_post_was_ever_published":false,"jetpack_publicize_message":"","jetpack_publicize_feature_enabled":true,"jetpack_social_post_already_shared":true,"jetpack_social_options":{"image_generator_settings":{"template":"highway","default_image_id":0,"font":"","enabled":false},"version":2}},"product_brand":[],"product_cat":[4860],"product_tag":[757,1395,1397,342,344,4401,6547],"class_list":{"0":"post-12015","1":"product","2":"type-product","3":"status-publish","4":"has-post-thumbnail","6":"product_cat-skateworkshops","7":"product_tag-longboard-dancing","8":"product_tag-workshop","9":"product_tag-longboarding","10":"product_tag-freeestyle","11":"product_tag-dancen","12":"product_tag-skateworkshop","13":"product_tag-longboard-freestyle","14":"product_shipping_class-kostenlos","16":"first","17":"instock","18":"featured","19":"virtual","20":"sold-individually","21":"taxable","22":"purchasable","23":"product-type-booking"},"composite_virtual":false,"composite_layout":"","composite_add_to_cart_form_location":"","composite_editable_in_cart":false,"composite_sold_individually_context":"","composite_shop_price_calc":"","composite_components":[],"composite_scenarios":[],"booking_location":"","booking_location_type":"","booking_duration":2,"booking_duration_unit":"hour","booking_buffer":6,"booking_cost":39.89999999999999857891452847979962825775146484375,"booking_resources":[],"jetpack_publicize_connections":[],"jetpack_sharing_enabled":true,"_links":{"self":[{"href":"https:\/\/www.studiolongboard.com\/fr\/wp-json\/wp\/v2\/product\/12015","targetHints":{"allow":["GET"]}}],"collection":[{"href":"https:\/\/www.studiolongboard.com\/fr\/wp-json\/wp\/v2\/product"}],"about":[{"href":"https:\/\/www.studiolongboard.com\/fr\/wp-json\/wp\/v2\/types\/product"}],"replies":[{"embeddable":true,"href":"https:\/\/www.studiolongboard.com\/fr\/wp-json\/wp\/v2\/comments?post=12015"}],"wp:featuredmedia":[{"embeddable":true,"href":"https:\/\/www.studiolongboard.com\/fr\/wp-json\/wp\/v2\/media\/18506"}],"wp:attachment":[{"href":"https:\/\/www.studiolongboard.com\/fr\/wp-json\/wp\/v2\/media?parent=12015"}],"wp:term":[{"taxonomy":"product_brand","embeddable":true,"href":"https:\/\/www.studiolongboard.com\/fr\/wp-json\/wp\/v2\/product_brand?post=12015"},{"taxonomy":"product_cat","embeddable":true,"href":"https:\/\/www.studiolongboard.com\/fr\/wp-json\/wp\/v2\/product_cat?post=12015"},{"taxonomy":"product_tag","embeddable":true,"href":"https:\/\/www.studiolongboard.com\/fr\/wp-json\/wp\/v2\/product_tag?post=12015"}],"curies":[{"name":"wp","href":"https:\/\/api.w.org\/{rel}","templated":true}]}}