{"id":11535,"date":"2020-07-21T17:34:33","date_gmt":"2020-07-21T15:34:33","guid":{"rendered":"https:\/\/www.studiolongboard.com\/?post_type=product&#038;p=11535"},"modified":"2023-10-13T11:35:04","modified_gmt":"2023-10-13T09:35:04","slug":"pantheon-trip-7-ply-maple-fg-indian-hills-33","status":"publish","type":"product","link":"https:\/\/www.studiolongboard.com\/fr\/shop\/longboards\/longboard-decks\/ldp\/pantheon-trip-7-ply-maple-fg-indian-hills-33\/","title":{"rendered":"PANTHEON Trip Indian Hills 33&#8243;"},"content":{"rendered":"<h2>PANTHEON Trip Indian Hills 33&#8243;<\/h2>\n<p>PANTHEON Trip Indian Hills ist ein beliebtestes Langstrecken-Skateboard. Es wurde mit einer neuen 7-lagigen Ahorn- plus 2x triaxialer Fiberglas-Konstruktion \u00fcberarbeitet. Das Ergebnis ist eine l\u00e4nger anhaltende Performance, eine verzugfeste Plattform und eine leichtere Konstruktion. Dies ist ein kleines, leichtes und wendiges Double-Drop-Longboard &#8211; die Spezialit\u00e4t von Pantheon. Sein firmeneigener Crescent Drop ist das Trip m\u00f6glicherweise eines der am meisten empfohlenen Longboards der Welt f\u00fcr Pendler- und Fernreisen und ist einfach das beste Longboard f\u00fcr Anf\u00e4nger, da es so niedrig und leicht zu fahren ist.<\/p>\n<p>Das Trip bleibt ein aktiver Teil Deiner Longboard-Sammlung als dediziertes Distanz-Skateboard und wird mehr als nur dein erstes Skateboard.<\/p>\n<p>Was ist neu am <a href=\"https:\/\/www.studiolongboard.com\/fr\/product-category\/brands\/pantheon-longboards\/\">PANTHEON<\/a> Trip?<\/p>\n<ul>\n<li>Dieser Double-Drop-Longboard-Pusher hat einen 1,3-Zoll-Drop! Seine neuen Formverbesserungen und Epoxy-Laminierung machen dieses Langboard-Deck haltbarer denn je. Seine\u00a0Ahorn-\/Glasfaser-Konstruktion macht den 2020er Trip haltbarer und verwindungssteifer als je zuvor!\u00a0\u00c4sthetische Verbesserungen &#8211; gebeiztes Holzfurnier und lasergeschnittenes Griptape machen es auf der Stra\u00dfe richtig popul\u00e4r.<\/li>\n<\/ul>\n<p>Length (in): 33<\/p>\n<p>Width (in): 9.25<\/p>\n<p>Flex Level: Medium<\/p>\n<p>Wheelbase: 27.25<\/p>\n<p>Plys: 7 Plys<\/p>\n<p>Construction: Maple, Epoxy, 2 Layers Triaxial Fiberglass<\/p>\n<p><a href=\"https:\/\/www.pantheonlongboards.com\/about-us\/\">About Pantheon Longboards<\/a><\/p>\n<p>&nbsp;<\/p>\n<p>&nbsp;<\/p>","protected":false},"excerpt":{"rendered":"<p>Pont seulement<\/p>\n<p>L\u00e4nge: 31.375&#8243; \/ 79.7cm<br \/>\nBreite: 9.25&#8243; \/ 23.5cm<br \/>\nBase de la roue : 26\u2033 \/ 66cm<\/p>","protected":false},"featured_media":11536,"comment_status":"open","ping_status":"closed","template":"","meta":{"jetpack_post_was_ever_published":false,"jetpack_publicize_message":"","jetpack_publicize_feature_enabled":true,"jetpack_social_post_already_shared":true,"jetpack_social_options":{"image_generator_settings":{"template":"highway","default_image_id":0,"font":"","enabled":false},"version":2}},"product_brand":[],"product_cat":[8975,311,313],"product_tag":[7081,367,4247,5223,5888,5889],"class_list":{"0":"post-11535","1":"product","2":"type-product","3":"status-publish","4":"has-post-thumbnail","6":"product_cat-ldp","7":"product_cat-longboards","8":"product_cat-longboard-decks","9":"product_tag-commuter","10":"product_tag-double-drop","11":"product_tag-long-distance","12":"product_tag-ldp","13":"product_tag-beginner","14":"product_tag-anfaenger","15":"product_shipping_class-paket","17":"first","18":"outofstock","19":"taxable","20":"shipping-taxable","21":"purchasable","22":"product-type-simple"},"composite_virtual":false,"composite_layout":"","composite_add_to_cart_form_location":"","composite_editable_in_cart":false,"composite_sold_individually_context":"","composite_shop_price_calc":"","composite_components":[],"composite_scenarios":[],"booking_location":null,"booking_location_type":null,"booking_duration":null,"booking_duration_unit":null,"booking_buffer":null,"booking_cost":null,"booking_resources":null,"jetpack_publicize_connections":[],"jetpack_sharing_enabled":true,"_links":{"self":[{"href":"https:\/\/www.studiolongboard.com\/fr\/wp-json\/wp\/v2\/product\/11535","targetHints":{"allow":["GET"]}}],"collection":[{"href":"https:\/\/www.studiolongboard.com\/fr\/wp-json\/wp\/v2\/product"}],"about":[{"href":"https:\/\/www.studiolongboard.com\/fr\/wp-json\/wp\/v2\/types\/product"}],"replies":[{"embeddable":true,"href":"https:\/\/www.studiolongboard.com\/fr\/wp-json\/wp\/v2\/comments?post=11535"}],"wp:featuredmedia":[{"embeddable":true,"href":"https:\/\/www.studiolongboard.com\/fr\/wp-json\/wp\/v2\/media\/11536"}],"wp:attachment":[{"href":"https:\/\/www.studiolongboard.com\/fr\/wp-json\/wp\/v2\/media?parent=11535"}],"wp:term":[{"taxonomy":"product_brand","embeddable":true,"href":"https:\/\/www.studiolongboard.com\/fr\/wp-json\/wp\/v2\/product_brand?post=11535"},{"taxonomy":"product_cat","embeddable":true,"href":"https:\/\/www.studiolongboard.com\/fr\/wp-json\/wp\/v2\/product_cat?post=11535"},{"taxonomy":"product_tag","embeddable":true,"href":"https:\/\/www.studiolongboard.com\/fr\/wp-json\/wp\/v2\/product_tag?post=11535"}],"curies":[{"name":"wp","href":"https:\/\/api.w.org\/{rel}","templated":true}]}}