{"id":11522,"date":"2020-07-20T12:29:24","date_gmt":"2020-07-20T10:29:24","guid":{"rendered":"https:\/\/www.studiolongboard.com\/?post_type=product&#038;p=11522"},"modified":"2024-09-20T14:34:18","modified_gmt":"2024-09-20T12:34:18","slug":"zak-maytum-eliminator-bushings-78a-blue","status":"publish","type":"product","link":"https:\/\/www.studiolongboard.com\/fr\/shop\/accessories\/bushings-pivot-cups\/zak-maytum-eliminator-bushings-78a-blue\/","title":{"rendered":"Zak Maytum Eliminator bushings"},"content":{"rendered":"<h2 class=\"fn product-title\">Zak Maytum Eliminator bushings<\/h2>\n<p>Diese Lenkgummies sind eine Hommage an die Tracker Stimulator Bushings.<br \/>\nDas Design dieser Bushings bietet mehr Urethan und somit mehr Stabilit\u00e4t bei schnellen Abfahrten.<br \/>\nMan kann die Gummies getrost eine Nummer weicher w\u00e4hlen und erh\u00e4lt trotzdem mehr Stabilit\u00e4t.<br \/>\nBesonders gut macht sich diese Form in Pr\u00e4zisions Achsen mit sph\u00e4rischem Lagern.<\/p>\n<p>HPF Formula<\/p>\n<p>hergestellt in den USA<\/p>\n<p>Verf\u00fcgbare H\u00e4rten:<\/p>\n<p>78a navy blue<br \/>\n81a orange<br \/>\n85a neon yellow<br \/>\n87a pourpre<br \/>\n90a red<br \/>\n93a vert<br \/>\n97a pink<\/p>\n<p>Wegen Problemen mit Namensrechten in BRD musste der Name Venom in Zak Maytum Skate Products ge\u00e4ndert werden. Nicht gerade toll aber nicht zu \u00e4ndern.<\/p>","protected":false},"excerpt":{"rendered":"<p>Zak Maytum Eliminator bushings Diese Lenkgummies sind eine Hommage an die Tracker Stimulator Bushings. Das Design dieser Bushings bietet mehr Urethan und somit mehr Stabilit\u00e4t bei schnellen Abfahrten. Man kann die Gummies getrost eine Nummer weicher w\u00e4hlen und erh\u00e4lt trotzdem mehr Stabilit\u00e4t. Besonders gut macht sich diese Form in Pr\u00e4zisions Achsen mit sph\u00e4rischem Lagern. HPF [&#8230;]\n","protected":false},"featured_media":9152,"comment_status":"open","ping_status":"closed","template":"","meta":{"jetpack_post_was_ever_published":false,"jetpack_publicize_message":"","jetpack_publicize_feature_enabled":true,"jetpack_social_post_already_shared":true,"jetpack_social_options":{"image_generator_settings":{"template":"highway","default_image_id":0,"font":"","enabled":false},"version":2}},"product_brand":[],"product_cat":[320,3208],"product_tag":[780],"class_list":{"0":"post-11522","1":"product","2":"type-product","3":"status-publish","4":"has-post-thumbnail","6":"product_cat-accessories","7":"product_cat-bushings-pivot-cups","8":"product_tag-bushings","9":"product_shipping_class-paket-m","11":"first","12":"instock","13":"taxable","14":"shipping-taxable","15":"purchasable","16":"product-type-variable"},"composite_virtual":false,"composite_layout":"","composite_add_to_cart_form_location":"","composite_editable_in_cart":false,"composite_sold_individually_context":"","composite_shop_price_calc":"","composite_components":[],"composite_scenarios":[],"booking_location":null,"booking_location_type":null,"booking_duration":null,"booking_duration_unit":null,"booking_buffer":null,"booking_cost":null,"booking_resources":null,"jetpack_publicize_connections":[],"jetpack_sharing_enabled":true,"_links":{"self":[{"href":"https:\/\/www.studiolongboard.com\/fr\/wp-json\/wp\/v2\/product\/11522","targetHints":{"allow":["GET"]}}],"collection":[{"href":"https:\/\/www.studiolongboard.com\/fr\/wp-json\/wp\/v2\/product"}],"about":[{"href":"https:\/\/www.studiolongboard.com\/fr\/wp-json\/wp\/v2\/types\/product"}],"replies":[{"embeddable":true,"href":"https:\/\/www.studiolongboard.com\/fr\/wp-json\/wp\/v2\/comments?post=11522"}],"wp:featuredmedia":[{"embeddable":true,"href":"https:\/\/www.studiolongboard.com\/fr\/wp-json\/wp\/v2\/media\/9152"}],"wp:attachment":[{"href":"https:\/\/www.studiolongboard.com\/fr\/wp-json\/wp\/v2\/media?parent=11522"}],"wp:term":[{"taxonomy":"product_brand","embeddable":true,"href":"https:\/\/www.studiolongboard.com\/fr\/wp-json\/wp\/v2\/product_brand?post=11522"},{"taxonomy":"product_cat","embeddable":true,"href":"https:\/\/www.studiolongboard.com\/fr\/wp-json\/wp\/v2\/product_cat?post=11522"},{"taxonomy":"product_tag","embeddable":true,"href":"https:\/\/www.studiolongboard.com\/fr\/wp-json\/wp\/v2\/product_tag?post=11522"}],"curies":[{"name":"wp","href":"https:\/\/api.w.org\/{rel}","templated":true}]}}