{"id":10990,"date":"2020-06-17T14:09:25","date_gmt":"2020-06-17T12:09:25","guid":{"rendered":"https:\/\/www.studiolongboard.com\/?post_type=product&#038;p=10990"},"modified":"2025-03-11T18:42:51","modified_gmt":"2025-03-11T17:42:51","slug":"ninetysixty-l-tool-v2","status":"publish","type":"product","link":"https:\/\/www.studiolongboard.com\/fr\/shop\/accessories\/werkzeug\/ninetysixty-l-tool-v2\/","title":{"rendered":"NINETYSIXTY L-Tool V2"},"content":{"rendered":"<h2>NINETYSIXTY L-Tool V2<\/h2>\n<p>NINETYSIXTY L-Tool V2 ist mit l\u00e4ngerem Socket f\u00fcr Achs- und Kingpinmutter ausgestattet. Verglichen mit einem T-Tool: Kleiner und leichter. Es hat zus\u00e4tzliche Funktionen, wie Griptape-Kantenentsch\u00e4rfer und Seitenzugriff auf verdeckte Deck\/Truck-Verbindungsschrauben.<\/p>","protected":false},"excerpt":{"rendered":"<p>NINETYSIXTY L-Tool V2 NINETYSIXTY L-Tool V2 ist mit l\u00e4ngerem Socket f\u00fcr Achs- und Kingpinmutter ausgestattet. Verglichen mit einem T-Tool: Kleiner und leichter. Es hat zus\u00e4tzliche Funktionen, wie Griptape-Kantenentsch\u00e4rfer und Seitenzugriff auf verdeckte Deck\/Truck-Verbindungsschrauben.<\/p>","protected":false},"featured_media":10993,"comment_status":"open","ping_status":"closed","template":"","meta":{"jetpack_post_was_ever_published":false,"jetpack_publicize_message":"","jetpack_publicize_feature_enabled":true,"jetpack_social_post_already_shared":true,"jetpack_social_options":{"image_generator_settings":{"template":"highway","default_image_id":0,"font":"","enabled":false},"version":2}},"product_brand":[],"product_cat":[6675,320],"product_tag":[5974,717],"class_list":{"0":"post-10990","1":"product","2":"type-product","3":"status-publish","4":"has-post-thumbnail","6":"product_cat-werkzeug","7":"product_cat-accessories","8":"product_tag-skate-tool","9":"product_tag-tool","10":"product_shipping_class-paket-m","12":"first","13":"outofstock","14":"taxable","15":"shipping-taxable","16":"purchasable","17":"product-type-variable"},"composite_virtual":false,"composite_layout":"","composite_add_to_cart_form_location":"","composite_editable_in_cart":false,"composite_sold_individually_context":"","composite_shop_price_calc":"","composite_components":[],"composite_scenarios":[],"booking_location":null,"booking_location_type":null,"booking_duration":null,"booking_duration_unit":null,"booking_buffer":null,"booking_cost":null,"booking_resources":null,"jetpack_publicize_connections":[],"jetpack_sharing_enabled":true,"_links":{"self":[{"href":"https:\/\/www.studiolongboard.com\/fr\/wp-json\/wp\/v2\/product\/10990","targetHints":{"allow":["GET"]}}],"collection":[{"href":"https:\/\/www.studiolongboard.com\/fr\/wp-json\/wp\/v2\/product"}],"about":[{"href":"https:\/\/www.studiolongboard.com\/fr\/wp-json\/wp\/v2\/types\/product"}],"replies":[{"embeddable":true,"href":"https:\/\/www.studiolongboard.com\/fr\/wp-json\/wp\/v2\/comments?post=10990"}],"wp:featuredmedia":[{"embeddable":true,"href":"https:\/\/www.studiolongboard.com\/fr\/wp-json\/wp\/v2\/media\/10993"}],"wp:attachment":[{"href":"https:\/\/www.studiolongboard.com\/fr\/wp-json\/wp\/v2\/media?parent=10990"}],"wp:term":[{"taxonomy":"product_brand","embeddable":true,"href":"https:\/\/www.studiolongboard.com\/fr\/wp-json\/wp\/v2\/product_brand?post=10990"},{"taxonomy":"product_cat","embeddable":true,"href":"https:\/\/www.studiolongboard.com\/fr\/wp-json\/wp\/v2\/product_cat?post=10990"},{"taxonomy":"product_tag","embeddable":true,"href":"https:\/\/www.studiolongboard.com\/fr\/wp-json\/wp\/v2\/product_tag?post=10990"}],"curies":[{"name":"wp","href":"https:\/\/api.w.org\/{rel}","templated":true}]}}