{"id":10826,"date":"2020-06-05T19:52:27","date_gmt":"2020-06-05T17:52:27","guid":{"rendered":"https:\/\/www.studiolongboard.com\/?post_type=product&#038;p=10826"},"modified":"2020-09-23T14:06:06","modified_gmt":"2020-09-23T12:06:06","slug":"independent-149-stage-11-bar-white","status":"publish","type":"product","link":"https:\/\/www.studiolongboard.com\/fr\/shop\/skateboards\/trucks\/independent-149-stage-11-bar-white\/","title":{"rendered":"Independent 149 Stage 11 Bar"},"content":{"rendered":"<h2>Independent 149 Stage 11 Bar White Achse<\/h2>\n<p>Die 149 Stage 11 Bar White Achsen sind der Klassiker unter den Independent Trucks.<\/p>\n<p>Preis pro Achse<\/p>\n<p>Achsstiftbreite: 8.5&#8243; (216 mm)<br \/>\nHangerbreite: 5.9&#8243; (150 mm)<br \/>\nH\u00f6he: 55 mm<br \/>\nGewicht: 401 g<\/p>\n<p>Aluminium-Hanger und -Baseplate<br \/>\nEmpfohlene Deckbreite: 8.375, 8.5, 8.25<\/p>\n<p>Stabile, high performance Achse.<br \/>\n356 T6 H\u00e4nger und Baseplate aus Aluminium, massive Chromoly Steel Axles, Grade 8 Kingpin 8, Supercush bushing. Empfohlene Rollengr\u00f6\u00dfe ohne Riser -56mm und kleiner. Mit hervorragender Wendigkeit und Stabilit\u00e4t, besserem Grind-Freiraum, verbessertem No-Hangup-H\u00e4nger f\u00fcr Grind-Tricks und weniger Wheelbites. Sie halten l\u00e4nger und haben einen st\u00e4rkeren Schutz vor Impacts als jede andere Achse auf dem Markt.<br \/>\nIndependent Trucks werden in den USA hergestellt.<\/p>\n<p>&nbsp;<\/p>","protected":false},"excerpt":{"rendered":"<p><img loading=\"lazy\" decoding=\"async\" class=\"aligncenter size-full wp-image-6333\" src=\"https:\/\/www.studiolongboard.com\/wp-content\/uploads\/2019\/01\/Independent.png\" alt=\"\" width=\"116\" height=\"50\" \/><br \/>\n<img loading=\"lazy\" decoding=\"async\" class=\"aligncenter size-medium wp-image-4922\" src=\"https:\/\/www.studiolongboard.com\/wp-content\/uploads\/2017\/08\/de-pp_plus-logo-quer_ohne_PUI_540x60px-300x33.png\" alt=\"\" width=\"300\" height=\"33\" \/><\/p>","protected":false},"featured_media":10827,"comment_status":"open","ping_status":"closed","template":"","meta":{"jetpack_post_was_ever_published":false,"jetpack_publicize_message":"","jetpack_publicize_feature_enabled":true,"jetpack_social_post_already_shared":true,"jetpack_social_options":{"image_generator_settings":{"template":"highway","default_image_id":0,"font":"","enabled":false},"version":2}},"product_brand":[],"product_cat":[312,315],"product_tag":[],"class_list":{"0":"post-10826","1":"product","2":"type-product","3":"status-publish","4":"has-post-thumbnail","6":"product_cat-skateboards","7":"product_cat-trucks","8":"product_shipping_class-paket","10":"first","11":"outofstock","12":"taxable","13":"shipping-taxable","14":"purchasable","15":"product-type-simple"},"composite_virtual":false,"composite_layout":"","composite_add_to_cart_form_location":"","composite_editable_in_cart":false,"composite_sold_individually_context":"","composite_shop_price_calc":"","composite_components":[],"composite_scenarios":[],"booking_location":null,"booking_location_type":null,"booking_duration":null,"booking_duration_unit":null,"booking_buffer":null,"booking_cost":null,"booking_resources":null,"jetpack_publicize_connections":[],"jetpack_sharing_enabled":true,"_links":{"self":[{"href":"https:\/\/www.studiolongboard.com\/fr\/wp-json\/wp\/v2\/product\/10826","targetHints":{"allow":["GET"]}}],"collection":[{"href":"https:\/\/www.studiolongboard.com\/fr\/wp-json\/wp\/v2\/product"}],"about":[{"href":"https:\/\/www.studiolongboard.com\/fr\/wp-json\/wp\/v2\/types\/product"}],"replies":[{"embeddable":true,"href":"https:\/\/www.studiolongboard.com\/fr\/wp-json\/wp\/v2\/comments?post=10826"}],"wp:featuredmedia":[{"embeddable":true,"href":"https:\/\/www.studiolongboard.com\/fr\/wp-json\/wp\/v2\/media\/10827"}],"wp:attachment":[{"href":"https:\/\/www.studiolongboard.com\/fr\/wp-json\/wp\/v2\/media?parent=10826"}],"wp:term":[{"taxonomy":"product_brand","embeddable":true,"href":"https:\/\/www.studiolongboard.com\/fr\/wp-json\/wp\/v2\/product_brand?post=10826"},{"taxonomy":"product_cat","embeddable":true,"href":"https:\/\/www.studiolongboard.com\/fr\/wp-json\/wp\/v2\/product_cat?post=10826"},{"taxonomy":"product_tag","embeddable":true,"href":"https:\/\/www.studiolongboard.com\/fr\/wp-json\/wp\/v2\/product_tag?post=10826"}],"curies":[{"name":"wp","href":"https:\/\/api.w.org\/{rel}","templated":true}]}}