{"id":10646,"date":"2020-05-26T15:09:16","date_gmt":"2020-05-26T13:09:16","guid":{"rendered":"https:\/\/www.studiolongboard.com\/?post_type=product&#038;p=10646"},"modified":"2025-04-14T14:12:19","modified_gmt":"2025-04-14T12:12:19","slug":"btfl-yuva-dropthrough-longboard","status":"publish","type":"product","link":"https:\/\/www.studiolongboard.com\/fr\/shop\/longboards\/komplett-longboards\/kinder-longboards\/btfl-yuva-dropthrough-longboard\/","title":{"rendered":"BTFL YUVA  Dropthrough Longboard"},"content":{"rendered":"<h2>BTFL YUVA Dropthrough Longboard<\/h2>\n<p>BTFL YUVA Dropthrough Longboard ist mit einer L\u00e4nge von 96,5 cm und einer Breite von 21 cm ein toller Allroundcruiser. Dank der Drop-through Konstruktion f\u00e4llt dasAnpushen und Bremsen leichter, weshalb sich das Board besonders f\u00fcr Anf\u00e4nger gut eignet. Die Bushings haben eine H\u00e4rte von 78A, sodass Yuva von Beginn an einen tollen Fahrcomfort bietet und besonders f\u00fcr Kinder und Leichtgewichte sich super eignet. Die Rollen sind mit Durchmesser von 70 mm auch f\u00fcr l\u00e4ngere Strecken geeignet. Das Board besteht aus 7 Lagen kanadischem Ahorn und l\u00e4sst einen minimalen Flex zu.<\/p>\n<p>L\u00e4nge: 96,5 cm<br \/>\nBreite: 21 cm<br \/>\nWheelbase 72 cm<br \/>\nRollendurchmesser: 70 mm<br \/>\nKontaktfl\u00e4che: 51 mm<br \/>\nBearings:  Abec 9<br \/>\nTrucks:  180 mm \/ 78a<br \/>\nFlex:  1 (hart)<\/p>","protected":false},"excerpt":{"rendered":"<p>L\u00e4nge: 96,5 cm<br \/>\nBreite: 21 cm<br \/>\nWheelbase 72 cm<br \/>\nRollendurchmesser: 70 mm<br \/>\nKontaktfl\u00e4che: 51 mm<br \/>\nBearings: Abec 9<br \/>\nTrucks: 180 mm \/ 78a<br \/>\nFlex: 1 (hart)<\/p>","protected":false},"featured_media":10650,"comment_status":"open","ping_status":"closed","template":"","meta":{"jetpack_post_was_ever_published":false,"jetpack_publicize_message":"","jetpack_publicize_feature_enabled":true,"jetpack_social_post_already_shared":true,"jetpack_social_options":{"image_generator_settings":{"template":"highway","default_image_id":0,"font":"","enabled":false},"version":2}},"product_brand":[],"product_cat":[310,311,8641,8642],"product_tag":[5528,5529,322],"class_list":{"0":"post-10646","1":"product","2":"type-product","3":"status-publish","4":"has-post-thumbnail","6":"product_cat-komplett-longboards","7":"product_cat-longboards","8":"product_cat-kinder-longboards","9":"product_cat-einsteiger-longboards","10":"product_tag-kinder","11":"product_tag-kinder-longboard","12":"product_tag-drop-through","13":"product_shipping_class-paket","15":"first","16":"outofstock","17":"taxable","18":"shipping-taxable","19":"purchasable","20":"product-type-simple"},"composite_virtual":false,"composite_layout":"","composite_add_to_cart_form_location":"","composite_editable_in_cart":false,"composite_sold_individually_context":"","composite_shop_price_calc":"","composite_components":[],"composite_scenarios":[],"booking_location":null,"booking_location_type":null,"booking_duration":null,"booking_duration_unit":null,"booking_buffer":null,"booking_cost":null,"booking_resources":null,"jetpack_publicize_connections":[],"jetpack_sharing_enabled":true,"_links":{"self":[{"href":"https:\/\/www.studiolongboard.com\/fr\/wp-json\/wp\/v2\/product\/10646","targetHints":{"allow":["GET"]}}],"collection":[{"href":"https:\/\/www.studiolongboard.com\/fr\/wp-json\/wp\/v2\/product"}],"about":[{"href":"https:\/\/www.studiolongboard.com\/fr\/wp-json\/wp\/v2\/types\/product"}],"replies":[{"embeddable":true,"href":"https:\/\/www.studiolongboard.com\/fr\/wp-json\/wp\/v2\/comments?post=10646"}],"wp:featuredmedia":[{"embeddable":true,"href":"https:\/\/www.studiolongboard.com\/fr\/wp-json\/wp\/v2\/media\/10650"}],"wp:attachment":[{"href":"https:\/\/www.studiolongboard.com\/fr\/wp-json\/wp\/v2\/media?parent=10646"}],"wp:term":[{"taxonomy":"product_brand","embeddable":true,"href":"https:\/\/www.studiolongboard.com\/fr\/wp-json\/wp\/v2\/product_brand?post=10646"},{"taxonomy":"product_cat","embeddable":true,"href":"https:\/\/www.studiolongboard.com\/fr\/wp-json\/wp\/v2\/product_cat?post=10646"},{"taxonomy":"product_tag","embeddable":true,"href":"https:\/\/www.studiolongboard.com\/fr\/wp-json\/wp\/v2\/product_tag?post=10646"}],"curies":[{"name":"wp","href":"https:\/\/api.w.org\/{rel}","templated":true}]}}