{"id":10454,"date":"2020-05-15T13:39:51","date_gmt":"2020-05-15T11:39:51","guid":{"rendered":"https:\/\/www.studiolongboard.com\/?post_type=product&#038;p=10454"},"modified":"2025-03-25T19:56:54","modified_gmt":"2025-03-25T18:56:54","slug":"yow-spring-v4-4mm","status":"publish","type":"product","link":"https:\/\/www.studiolongboard.com\/fr\/shop\/surfskates\/surfskate-trucks\/yow-spring-v4-4mm\/","title":{"rendered":"Yow Spring V4 4mm"},"content":{"rendered":"<h2>Yow Spring V4 4mm<\/h2>\n<p>Yow Spring V4 4mm ist die Ersatzfeder f\u00fcr das <a href=\"https:\/\/www.studiolongboard.com\/fr\/product-2\/yow-system-v4-s4-surfskate-kit\/\">YOW System V4 4mm.<\/a>\u00a0Ein Sufrskate-Kit, das aus einem gew\u00f6hnlichem Cruiser ein Surfskateboard machen kann. Die Federn sind aus einer mit Kugelstrahlen verfestigten Oberfl\u00e4che und halten doppelt so lange wie \u00fcbliche Federn.<\/p>\n<p>Shot peening spring: Ride your Yow 2 times longer!<br \/>\nShot peening is a special treatment technology of surface of the blasting field.<br \/>\nThe objective of this process is to increase the resistance of the components subjected to strong tension.<\/p>","protected":false},"excerpt":{"rendered":"<p>Preis f\u00fcr eine Feder<\/p>\n<p>price for one spring<\/p>","protected":false},"featured_media":10453,"comment_status":"open","ping_status":"closed","template":"","meta":{"jetpack_post_was_ever_published":false,"jetpack_publicize_message":"","jetpack_publicize_feature_enabled":true,"jetpack_social_post_already_shared":true,"jetpack_social_options":{"image_generator_settings":{"template":"highway","default_image_id":0,"font":"","enabled":false},"version":2}},"product_brand":[],"product_cat":[8795,320,531],"product_tag":[331,718,6128,6129],"class_list":{"0":"post-10454","1":"product","2":"type-product","3":"status-publish","4":"has-post-thumbnail","6":"product_cat-surfskate-trucks","7":"product_cat-accessories","8":"product_cat-surfskates","9":"product_tag-surfskate","10":"product_tag-surfskateboard","11":"product_tag-feder","12":"product_tag-spring","13":"product_shipping_class-paket-m","15":"first","16":"instock","17":"taxable","18":"shipping-taxable","19":"purchasable","20":"product-type-simple"},"composite_virtual":false,"composite_layout":"","composite_add_to_cart_form_location":"","composite_editable_in_cart":false,"composite_sold_individually_context":"","composite_shop_price_calc":"","composite_components":[],"composite_scenarios":[],"booking_location":null,"booking_location_type":null,"booking_duration":null,"booking_duration_unit":null,"booking_buffer":null,"booking_cost":null,"booking_resources":null,"jetpack_publicize_connections":[],"jetpack_sharing_enabled":true,"_links":{"self":[{"href":"https:\/\/www.studiolongboard.com\/fr\/wp-json\/wp\/v2\/product\/10454","targetHints":{"allow":["GET"]}}],"collection":[{"href":"https:\/\/www.studiolongboard.com\/fr\/wp-json\/wp\/v2\/product"}],"about":[{"href":"https:\/\/www.studiolongboard.com\/fr\/wp-json\/wp\/v2\/types\/product"}],"replies":[{"embeddable":true,"href":"https:\/\/www.studiolongboard.com\/fr\/wp-json\/wp\/v2\/comments?post=10454"}],"wp:featuredmedia":[{"embeddable":true,"href":"https:\/\/www.studiolongboard.com\/fr\/wp-json\/wp\/v2\/media\/10453"}],"wp:attachment":[{"href":"https:\/\/www.studiolongboard.com\/fr\/wp-json\/wp\/v2\/media?parent=10454"}],"wp:term":[{"taxonomy":"product_brand","embeddable":true,"href":"https:\/\/www.studiolongboard.com\/fr\/wp-json\/wp\/v2\/product_brand?post=10454"},{"taxonomy":"product_cat","embeddable":true,"href":"https:\/\/www.studiolongboard.com\/fr\/wp-json\/wp\/v2\/product_cat?post=10454"},{"taxonomy":"product_tag","embeddable":true,"href":"https:\/\/www.studiolongboard.com\/fr\/wp-json\/wp\/v2\/product_tag?post=10454"}],"curies":[{"name":"wp","href":"https:\/\/api.w.org\/{rel}","templated":true}]}}