{"id":6234,"date":"2018-12-20T15:17:00","date_gmt":"2018-12-20T14:17:00","guid":{"rendered":"https:\/\/www.studiolongboard.com\/?page_id=6234"},"modified":"2025-02-21T11:45:09","modified_gmt":"2025-02-21T10:45:09","slug":"agb-tonstudio","status":"publish","type":"page","link":"https:\/\/www.studiolongboard.com\/fr\/agb-tonstudio\/","title":{"rendered":"CGV studio d'enregistrement"},"content":{"rendered":"<h2>1. Art des Vertrages<\/h2>\n<p>Alle mit dem Studio Longboard Tonstudio geschlossenen Vertr\u00e4ge sind reine Dienstleistungsvertr\u00e4ge und beinhalten als solches die vom Auftraggeber in Auftrag gegebene Produktion von Tontr\u00e4gern und die dazu notwendige Arbeit mit dem K\u00fcnstler und dem k\u00fcnstlerischen Produkt mittels der des Studio Longboard Tonstudios zugeh\u00f6rigen technischen und personellen Einrichtungen. Die Handhabe dieser Einrichtungen obliegt einzig dem Studio Longboard Tonstudio und dem Personal des Studio Longboard Tonstudios. Als solches sind Beanstandungen an Art und Qualit\u00e4t der Dienstleistung auch nur anfechtbar, wenn diese eindeutig auf technische M\u00e4ngel zur\u00fcckzuf\u00fchren sind.<\/p>\n<h2>2. Studiozeiten, Produktionsdauer<\/h2>\n<p>Angebote beziehen sich immer auf eine bestimme Anzahl an Arbeitsstunden oder -tagen. Ein Arbeitstag hat 8 Arbeitsstunden.<\/p>\n<p>Zur Stundenerfassung f\u00fchren wir einen t\u00e4glichen Stundenbericht. Bei Arbeitsschritten bei denen der Auftraggeber nicht anwesend ist, kann der Bericht auch von Mitarbeitern des Studio Longboard Tonstudios unterschrieben werden.<\/p>\n<p>Sollte eine Produktion nach der vom Auftraggeber gebuchten Zeit ohne das nachweisliche Verschulden des Auftragnehmers nicht zum Abschluss gebracht werden k\u00f6nnen, ist das Studio Longboard Tonstudio nicht verpflichtet die Produktion zum Abschluss zu bringen. Terminzusagen zu Bearbeitungs- und Produktionsvorg\u00e4ngen erfolgen nach besten Wissen und Gewissen, jedoch ohne Gew\u00e4hr.Bei Verz\u00f6gerungen die auf technische oder terminliche Probleme Dritter wie Sprecher, Darsteller, Musiker, Kopierwerke etc. zur\u00fcckzuf\u00fchren sind, \u00fcbernimmt das Studio Longboard Tonstudio keine Haftung.<\/p>\n<h2>3. Bezahlung<\/h2>\n<p>Wenn Sie \u00fcber unser Online-Buchungssystem eine unserer Dienstleistungen buchen, bitten wir Sie den vollen Betrag im Voraus mit den zur Auswahl stehenden Zahlungsmethoden zu bezahlen. Bei gr\u00f6\u00dferen Produktion, soweit nicht anders schriftlich vereinbart: 50% der Nettosumme des f\u00fcr die Produktion angestrebten Auftragsvolumens muss vor Produktionsbeginn in bar oder per \u00dcberweisung an das Studio Longboard Tonstudio gezahlt werden. Die Restsumme ist bei \u00dcbergabe des fertigen Produkts laut Auftrag f\u00e4llig.<\/p>\n<p>Alle Rechnungsbetr\u00e4ge verstehen sich zzgl. Mehrwertsteuer.<\/p>\n<h2>4. Der Auftraggeber<\/h2>\n<p>Alle Leistungen, Lieferungen, Zu- und R\u00fccksendungen erfolgen auf Rechnung und Gefahr des Auftraggebers. Auftraggeber ist, wer die Durchf\u00fchrung des Auftrages &#8211; schriftlich oder m\u00fcndlich &#8211; veranlasst hat, auch wenn die Rechnung auf seinen Wunsch an einen Dritten erfolgt, d. h. er haftet voll neben dem Dritten f\u00fcr den Rechnungsbetrag. Erfolgt die Auftragserteilung in Namen und in Rechnung eines Dritten, so ist der Auftragnehmer hierauf ausdr\u00fccklich hinzuweisen. Es besteht f\u00fcr den Auftragnehmer keine Verpflichtung, die Befugnis des Auftrags\u00fcbermittlers zu \u00fcberpr\u00fcfen.<\/p>\n<h2>5. Termine<\/h2>\n<p>Ein vereinbarter Produktions\/Aufnahmetermin oder eine Raumbuchung kann nur 5 Tage vor dem Termin kostenlos storniert oder verschoben werden. Bei einer Stornierung mit weniger als 5 Tagen vor dem Termin behalten wir 50 % des Buchungspreises. Bei einer Stornierung bzw. Absage von weniger als 24 Stunden vor dem gebuchten Termin behalten wir 100% des Buchungs-\/ bzw. Produktionspreises.<\/p>\n<p>Dies gilt f\u00fcr alle zwischen Auftraggeber und Tonstudio &#8211; schriftlich oder m\u00fcndlich &#8211; vereinbarten Termine, beispielsweise auch Fotosessions, Ortsbegehungen oder Konzerte. Absagen m\u00fcssen immer und ohne Ausnahmen schriftlich erfolgen.<\/p>\n<h2>6. Auftragsbest\u00e4tigung<\/h2>\n<p>F\u00fcr den Auftragnehmer besteht die Verpflichtung zu einer schriftlichen Auftragsbest\u00e4tigung nur dann, wenn dies vom Auftraggeber ausdr\u00fccklich verlangt wird.<\/p>\n<h2>7. Einfl\u00fcsse auf die Aufnahmequalit\u00e4t<\/h2>\n<p>Das Studio Longboard Tonstudio ist nicht f\u00fcr Qualit\u00e4tsprobleme verantwortlich oder haftbar zu machen, die durch Dritte oder \u00e4u\u00dfere Einfl\u00fcsse w\u00e4hrend oder nach der Aufnahme entstehen, insbesondere bei Aufnahmen vor Ort (z.B. Nebenger\u00e4usche, knackender Fu\u00dfboden, hustende Zuschauer, Gewitter etc.). Dies gilt auch f\u00fcr Studioaufnahmen (z.B. Gewitter etc.).<\/p>\n<h2>8. Haftung f\u00fcr Sch\u00e4den<\/h2>\n<p>Der Auftraggeber haftet voll f\u00fcr alle durch ihn oder von ihm im Rahmen des Auftrages verpflichteten mitwirkenden Personen entstanden Sch\u00e4den im Studio, der technischen oder sonstigen Einrichtungen. Dies gilt ebenfalls f\u00fcr Sch\u00e4den die bei Aufnahmen vor Ort durch Dritte (z.B. Musiker, Publikum) sowie technische sowie andere M\u00e4ngel (z.B. mangelhafte Stromversorgung, Feuchtigkeit) entstehen.<\/p>\n<h2>9. Urheberrechtliches<\/h2>\n<p>Werden innerhalb der Auftr\u00e4ge auf Kundenwunsch gesch\u00fctzte Werke, Musik oder Sprache verwendet, so obliegt die Kl\u00e4rung etwaiger Rechte Dritter, dem Auftraggeber.<\/p>\n<h2>10. Mitgebrachtes Material<\/h2>\n<p>Haftung f\u00fcr mitgebrachtes und bei uns verbliebenes Ton- und Bildmaterial kann nur bis zum Materialwert des Tr\u00e4germaterials und nur bis zur H\u00f6chstdauer von 3 Monaten nach Rechnungslegung \u00fcbernommen werden.<\/p>\n<p>F\u00fcr Bearbeitungssch\u00e4den an fremden Tonband- und Videoaufzeichnungen, sowie sonstiger f\u00fcr die Produktion genutzter fremder Datentr\u00e4ger haftet der Auftraggeber bis zum Umfang des Materialwertes des Tr\u00e4germaterials.<\/p>\n<p>\u00dcberl\u00e4sst der Auftraggeber zur Bearbeitung, Vorf\u00fchrung o. \u00e4. unwiederbringliche oder schwer ersetzliche Ton- und Bildaufzeichnungen, so liegt das Risiko, ggfs. auch der Abschluss einer Versicherung \u00fcber den Materialwert hinaus und auch die Veranlassung der Herstellung von Sicherheitskopien beim Auftraggeber.<\/p>\n<h2>11. Qualit\u00e4tskontrolle<\/h2>\n<p>Der Auftraggeber ist freigestellt, eine kostenlose \u00dcberpr\u00fcfung der vom Auftragnehmer bearbeiteten Tonb\u00e4nder oder Kopien auf Qualit\u00e4t, Laufeigenschaften (etc.) im Haus und auf den Apparaturen des Auftragnehmers oder mitgebrachten eigenen Apparaten vor der Auslieferung vorzunehmen oder vornehmen zu lassen.<\/p>\n<p>Beanstandungen, die sich nach Lieferungen auf fremden Apparaturen ergeben, k\u00f6nnen nur anerkannt werden, wenn dem Auftragnehmer grobe Fehler gegen\u00fcber den branchen\u00fcblichen Forderungen, Normen etc. nachweisbar sind.<\/p>\n<h2>12. Auftragserteilung<\/h2>\n<p>Dem Auftraggeber obliegt es, die Unmissverst\u00e4ndlichkeit eines Auftrags durch Kennzeichnung am zu bearbeitenden Material oder durch schriftliche Angaben sicherzustellen.<\/p>\n<h2>13. Vermittelnde T\u00e4tigkeiten,<\/h2>\n<p>wie z.B. Annahme und Abgabe von Lieferungen von und zu den Kopierwerken, Post- oder Bahnexpeditionen, Vermittlung von Sprechern und Darstellern (etc.) erfolgen, wenn sie nicht ausdr\u00fccklich Gegenstand eines Produktions- oder Bearbeitungsauftrages sind, stets im Namen und auf Rechnung des Auftraggebers, auch wenn hierauf von Seiten des Auftragnehmers nicht ausdr\u00fccklich hingewiesen wird. F\u00fcr solche vermittelnden T\u00e4tigkeiten \u00fcbernimmt der Auftragnehmer keinerlei Haftung und Gew\u00e4hr.<\/p>\n<h2>14. Verz\u00f6gerungen<\/h2>\n<p>F\u00fcr Verz\u00f6gerungen, die durch Verschulden des Auftragnehmers im Ablauf eines Bearbeitungs- oder Produktionsvorganges entstehen, haftet dieser nur bis zur H\u00f6he der durch die Verz\u00f6gerung entstandenen Eigenleistungen. Fremdleistungen sowie mittelbare Sch\u00e4den sind in der Haftung nicht eingeschlossen. Wenn keine besonderen Preisvereinbarungen getroffen werden, gelten die am Ablieferungstag g\u00fcltigen Listenpreise des Auftragnehmers als vereinbart. Preise und Preislisten werden auf Befragen jederzeit zur Verf\u00fcgung gestellt.<\/p>\n<h2>15. Fremdleistungen<\/h2>\n<p>Sind im Zuge einer Auftragsdurchf\u00fchrung Fremdleistungen erforderlich, so ist der Auf- tragnehmer grunds\u00e4tzlich nicht f\u00fcr Qualit\u00e4t, P\u00fcnktlichkeit und Kosten dieser Leistungen verantwortlich zu machen.<\/p>\n<h2>16. Ton- und Textsch\u00f6pfungen<\/h2>\n<p>F\u00fcr Ton- und Textsch\u00f6pfungen, die im Rahmen des Auftrags durch den Auftraggeber erstellt oder aus Archiven gestellt werden, bleiben alle Auff\u00fchrungsrechte oder Vervielf\u00e4ltigungsrechte bis zur vollst\u00e4ndigen Bezahlung aller Forderungen aus diesem Auftrag und anderer Auftr\u00e4ge des Auftraggebers oder bis zur gesonderten Vereinbarung der Lizenznehmung beim Auftragnehmer, ebenso das Eigentum am gelieferten Material.<\/p>\n<h2>17. Versand<\/h2>\n<p>Versendung und Transport von Material aller Art erfolgt auf Rechnung und Gefahr des Auftraggebers. Die Verpackung erfolgt nach Ermessen. Sie wird zum Selbstkostenpreis berechnet und nicht zur\u00fcckgenommen.<\/p>\n<h2>18. Erf\u00fcllungsort<\/h2>\n<p>Gerichtsstand und Erf\u00fcllungsort sind Hamburg.<\/p>\n<h2>19. Salvatorische Klausel<\/h2>\n<p>Ist eine dieser Bestimmungen des Vertrages einschlie\u00dflich dieser Bestimmung unwirksam, so wird die Wirksamkeit der \u00fcbrigen Bestimmungen dadurch nicht ber\u00fchrt und bleibt im \u00fcbrigen zu verhandeln.<\/p>","protected":false},"excerpt":{"rendered":"<p>1. Art des Vertrages Alle mit dem Studio Longboard Tonstudio geschlossenen Vertr\u00e4ge sind reine Dienstleistungsvertr\u00e4ge und beinhalten als solches die vom Auftraggeber in Auftrag gegebene Produktion von Tontr\u00e4gern und die dazu notwendige Arbeit mit dem K\u00fcnstler und dem k\u00fcnstlerischen Produkt mittels der des Studio Longboard Tonstudios zugeh\u00f6rigen technischen und personellen Einrichtungen. Die Handhabe dieser Einrichtungen [&#8230;]\n","protected":false},"author":2,"featured_media":0,"parent":0,"menu_order":0,"comment_status":"closed","ping_status":"closed","template":"","meta":{"footnotes":""},"class_list":["post-6234","page","type-page","status-publish","hentry"],"jetpack_sharing_enabled":true,"jetpack_shortlink":"https:\/\/wp.me\/P9sVj6-1Cy","_links":{"self":[{"href":"https:\/\/www.studiolongboard.com\/fr\/wp-json\/wp\/v2\/pages\/6234","targetHints":{"allow":["GET"]}}],"collection":[{"href":"https:\/\/www.studiolongboard.com\/fr\/wp-json\/wp\/v2\/pages"}],"about":[{"href":"https:\/\/www.studiolongboard.com\/fr\/wp-json\/wp\/v2\/types\/page"}],"author":[{"embeddable":true,"href":"https:\/\/www.studiolongboard.com\/fr\/wp-json\/wp\/v2\/users\/2"}],"replies":[{"embeddable":true,"href":"https:\/\/www.studiolongboard.com\/fr\/wp-json\/wp\/v2\/comments?post=6234"}],"version-history":[{"count":0,"href":"https:\/\/www.studiolongboard.com\/fr\/wp-json\/wp\/v2\/pages\/6234\/revisions"}],"wp:attachment":[{"href":"https:\/\/www.studiolongboard.com\/fr\/wp-json\/wp\/v2\/media?parent=6234"}],"curies":[{"name":"wp","href":"https:\/\/api.w.org\/{rel}","templated":true}]}}