{"id":1113,"date":"2015-08-10T19:23:38","date_gmt":"2015-08-10T19:23:38","guid":{"rendered":""},"modified":"2018-05-22T18:42:59","modified_gmt":"2018-05-22T16:42:59","slug":"agb","status":"publish","type":"page","link":"https:\/\/www.studiolongboard.com\/fr\/agb\/","title":{"rendered":"CONDITIONS G\u00c9N\u00c9RALES DE VENTE"},"content":{"rendered":"<h1>Allgemeine Gesch\u00e4ftsbedingungen<\/h1>\n<p>Vertragsbedingungen im Rahmen von Kaufvertr\u00e4gen die \u00fcber die Plattform\u00a0https:\/\/www.studiolongboard.com<\/p>\n<p>zwischen<\/p>\n<p>Studio Longboard Sergej Schwarzkopf e.K.<br \/>\nLeverkusenstr. 13 Maison F<br \/>\n22761 Hambourg<br \/>\nGermany<\/p>\n<p>\u2013 im Folgenden\u00a0\u201eAnbieter\u201c\u00a0\u2013<\/p>\n<p>et<\/p>\n<p>den in \u00a7 2 dieser AGB bezeichneten Nutzern dieser Plattform\u00a0\u2013 im Folgenden \u201eKunde\/Kunden\u201c \u2013 geschlossen werden.<\/p>\n<h3>\u00a7 1 Geltungsbereich<\/h3>\n<p>F\u00fcr die Gesch\u00e4ftsbeziehung zwischen dem Anbieter und dem Kunden gelten ausschlie\u00dflich die nachfolgenden Allgemeinen Gesch\u00e4ftsbedingungen in ihrer zum Zeitpunkt der Bestellung g\u00fcltigen Fassung. Abweichende Bedingungen des Kunden werden nicht anerkannt, es sei denn, der Anbieter stimmt ihrer Geltung ausdr\u00fccklich schriftlich zu.<\/p>\n<h3>\u00a7 2 Vertragsschluss<\/h3>\n<p>(1) Der Kunde kann aus dem Sortiment des Anbieters Produkte ausw\u00e4hlen und diese \u00fcber den Button \u201ein den Warenkorb\u201c in einem so genannten Warenkorb sammeln. \u00dcber den Button \u201eJetzt kaufen\u201c gibt er einen verbindlichen Antrag zum Kauf der im Warenkorb befindlichen Waren ab. Vor Abschicken der Bestellung kann der Kunde die Daten jederzeit \u00e4ndern und\u00a0einsehen.<\/p>\n<p>(2) Der Anbieter schickt daraufhin dem Kunden eine automatische Empfangsbest\u00e4tigung mit dem Betreff \u201eBest\u00e4tigung deiner Bestellung bei Studio Longboard\u201c per E-Mail zu, in welcher die Bestellung des Kunden nochmals aufgef\u00fchrt wird und die der Kunde \u00fcber die Funktion \u201eDrucken\u201c ausdrucken kann.\u00a0Die Bestellung des Kunden (1) stellt hierbei das Angebot zum Vertragsschluss mit dem jeweiligen Inhalt des Warenkorbs dar. Die Empfangsbest\u00e4tigung (Bestellbest\u00e4tigung) stellt die Annahme des Angebots durch den Anbieter dar. In dieser wird der Inhalt der Bestellung zusammengefasst.\u00a0In dieser E-Mail oder in einer separaten E-Mail, jedoch sp\u00e4testens bei Lieferung der Ware, wird der Vertragstext (bestehend aus Bestellung, AGB und Auftragsbest\u00e4tigung) dem Kunden von uns auf einem dauerhaften Datentr\u00e4ger (E-Mail oder Papierausdruck) zugesandt. Der Vertragstext wird unter Wahrung\u00a0des Datenschutzes gespeichert.<\/p>\n<p>(3) Der Vertragsschluss erfolgt in den Sprachen: Deutsch.<\/p>\n<h3>\u00a7 3 Lieferung, Warenverf\u00fcgbarkeit, Zahlungsmodalit\u00e4ten<\/h3>\n<p>(1) Von uns angegebene Lieferzeiten berechnen sich vom Zeitpunkt unserer Auftragsbest\u00e4tigung (\u00a7 2 (2) dieser AGB), vorherige Zahlung des Kaufpreises vorausgesetzt.<\/p>\n<p>(2) Ist das vom Kunden in der Bestellung bezeichnete Produkt nur vor\u00fcbergehend nicht verf\u00fcgbar, teilt der Anbieter dem Kunden dies ebenfalls unverz\u00fcglich mit. Bei einer Lieferungsverz\u00f6gerung von mehr als zwei Wochen hat der Kunde das Recht, vom Vertrag zur\u00fcckzutreten. Im \u00dcbrigen ist in diesem Fall auch der Anbieter berechtigt, sich vom Vertrag zu l\u00f6sen. Hierbei wird er eventuell bereits geleistete Zahlungen des Kunden unverz\u00fcglich erstatten.<\/p>\n<p>(3) Es bestehen die folgenden Lieferbeschr\u00e4nkungen: Der Anbieter liefert nur an Kunden, die ihren gew\u00f6hnlichen Aufenthalt (Rechnungsadresse) in einem der nachfolgenden L\u00e4nder haben und im selben Land eine Lieferadresse\u00a0angeben k\u00f6nnen: Australien, Belarus, Belgien, Bolivien, Bosnien und Herzegowina, Brasilien, Bulgarien, Chile, China, Costa Rica, Deutschland, Dominikanische Republik, D\u00e4nemark, Estland, Finnland, Frankreich, Georgien, Griechenland, Hong Kong, Indien, Republic of Ireland, Italien, Jamaika, Japan, Kanada, Kasachstan, Kroatien, Kuba, Lettland, Litauen, Luxemburg, Malta, Mexiko, Neuseeland, Niederlande, Norwegen, Peru, Polen, Portugal, Rum\u00e4nien, Russland, Schweden, Schweiz, Serbien, Singapur, Slowakei, Slowenien, Spanien, S\u00fcdkorea, Taiwan, Tschechien, T\u00fcrkei, Ungarn, Vereinigte Staaten von Amerika (USA), Vereinigtes K\u00f6nigreich, Zypern, \u00d6sterreich.<\/p>\n<p>(4) Der Kunde kann die Zahlung per PayPal, Credit Card (Stripe), SOFORT, \u00dcberweisung, Per Nachnahme vornehmen.<\/p>\n<p>(5) Die Zahlung des Kaufpreises ist unmittelbar mit Vertragsschluss f\u00e4llig. Ist die F\u00e4lligkeit der Zahlung nach dem Kalender bestimmt, so kommt der Kunde bereits durch Vers\u00e4umung des Termins in Verzug.<\/p>\n<h3>\u00a7 4 Eigentumsvorbehalt<\/h3>\n<p>Bis zur vollst\u00e4ndigen Bezahlung des Kaufpreises verbleiben die gelieferten Waren im Eigentum des Anbieters.<\/p>\n<h3>\u00a7 5 Preise und Versandkosten<\/h3>\n<p>(1) Alle Preise, die auf der Website des Anbieters angegeben sind, verstehen sich einschlie\u00dflich der jeweils g\u00fcltigen gesetzlichen Umsatzsteuer.<\/p>\n<p>(2) Die entsprechenden Versandkosten werden dem Kunden im Bestellformular angegeben und sind vom Kunden zu tragen, soweit der Kunde nicht von\u00a0einem etwaigen\u00a0Widerrufsrecht Gebrauch macht.<\/p>\n<p>(3) Der Kunde hat im Falle eines Widerrufs die unmittelbaren Kosten der R\u00fccksendung zu tragen.<\/p>\n<h3>\u00a7 6 Sachm\u00e4ngelgew\u00e4hrleistung<\/h3>\n<p>(1) Der Anbieter haftet f\u00fcr Sachm\u00e4ngel nach den hierf\u00fcr geltenden gesetzlichen Vorschriften, insbesondere \u00a7\u00a7 434 ff. BGB. Gegen\u00fcber Unternehmern betr\u00e4gt die Gew\u00e4hrleistungsfrist auf vom Anbieter gelieferte Sachen 12 Monate.<\/p>\n<h3>\u00a7 7 Haftung<\/h3>\n<p>(1) Anspr\u00fcche des Kunden auf Schadensersatz sind ausgeschlossen. Hiervon ausgenommen sind Schadensersatzanspr\u00fcche des Kunden aus der Verletzung des Lebens, des K\u00f6rpers, der Gesundheit oder aus der Verletzung wesentlicher Vertragspflichten (Kardinalpflichten) sowie die Haftung f\u00fcr sonstige Sch\u00e4den, die auf einer vors\u00e4tzlichen oder grob fahrl\u00e4ssigen Pflichtverletzung des Anbieters, seiner gesetzlichen Vertreter oder Erf\u00fcllungsgehilfen beruhen. Wesentliche Vertragspflichten sind solche, deren Erf\u00fcllung zur Erreichung des Ziels des Vertrags notwendig ist.<\/p>\n<p>(2) Bei der Verletzung wesentlicher Vertragspflichten haftet der Anbieter nur auf den vertragstypischen, vorhersehbaren Schaden, wenn dieser einfach fahrl\u00e4ssig verursacht wurde, es sei denn, es handelt sich um Schadensersatzanspr\u00fcche des Kunden aus einer Verletzung des Lebens, des K\u00f6rpers oder der Gesundheit.<\/p>\n<p>(3) Die Einschr\u00e4nkungen der Abs. 1 und 2 gelten auch zugunsten der gesetzlichen Vertreter und Erf\u00fcllungsgehilfen des Anbieters, wenn Anspr\u00fcche direkt gegen diese geltend gemacht werden.<\/p>\n<p>(4) Die Vorschriften des Produkthaftungsgesetzes bleiben unber\u00fchrt.<\/p>\n<h3>\u00a7 8 Hinweise zur Datenverarbeitung<\/h3>\n<p>(1) Der Anbieter erhebt im Rahmen der Abwicklung von Vertr\u00e4gen Daten des Kunden. Er beachtet dabei insbesondere die Vorschriften des Bundesdatenschutzgesetzes und des Telemediengesetzes. Ohne Einwilligung des Kunden wird der Anbieter Bestands- und Nutzungsdaten des Kunden nur erheben, verarbeiten oder nutzen, soweit dies f\u00fcr die Abwicklung des Vertragsverh\u00e4ltnisses und f\u00fcr die Inanspruchnahme und Abrechnung von Telemedien erforderlich ist.<\/p>\n<p>(2) Ohne die Einwilligung des Kunden wird der Anbieter Daten des Kunden nicht f\u00fcr Zwecke der Werbung, Markt- oder Meinungsforschung nutzen.<\/p>\n<h3>\u00a7 9 Schlussbestimmungen<\/h3>\n<p>(1) Auf Vertr\u00e4ge zwischen dem Anbieter und den Kunden findet das Recht der Bundesrepublik Deutschland unter Ausschluss des UN-Kaufrechts sowie des internationalen Privatrechts Anwendung.<\/p>\n<p>(2) Sofern es sich beim Kunden um einen Kaufmann, eine juristische Person des \u00f6ffentlichen Rechts oder um ein \u00f6ffentlich-rechtliches Sonderverm\u00f6gen handelt, ist Gerichtsstand f\u00fcr alle Streitigkeiten aus Vertragsverh\u00e4ltnissen zwischen dem Kunden und dem Anbieter der Sitz des Anbieters.<\/p>\n<p>(3) Der Vertrag bleibt auch bei rechtlicher Unwirksamkeit einzelner Punkte in seinen \u00fcbrigen Teilen verbindlich. Anstelle der unwirksamen Punkte treten, soweit vorhanden, die gesetzlichen Vorschriften. Soweit dies f\u00fcr eine Vertragspartei eine unzumutbare H\u00e4rte darstellen w\u00fcrde, wird der Vertrag jedoch im Ganzen unwirksam.<\/p>","protected":false},"excerpt":{"rendered":"<p>Allgemeine Gesch\u00e4ftsbedingungen Vertragsbedingungen im Rahmen von Kaufvertr\u00e4gen die \u00fcber die Plattform\u00a0https:\/\/www.studiolongboard.com zwischen Studio Longboard Sergej Schwarzkopf e.K. Leverkusenstr. 13 Haus F 22761 Hamburg Germany \u2013 im Folgenden\u00a0\u201eAnbieter\u201c\u00a0\u2013 und den in \u00a7 2 dieser AGB bezeichneten Nutzern dieser Plattform\u00a0\u2013 im Folgenden \u201eKunde\/Kunden\u201c \u2013 geschlossen werden. \u00a7 1 Geltungsbereich F\u00fcr die Gesch\u00e4ftsbeziehung zwischen dem Anbieter und dem [&#8230;]\n","protected":false},"author":2,"featured_media":0,"parent":0,"menu_order":0,"comment_status":"closed","ping_status":"closed","template":"","meta":{"jetpack_post_was_ever_published":false,"footnotes":""},"class_list":["post-1113","page","type-page","status-publish","hentry"],"jetpack_sharing_enabled":true,"jetpack_shortlink":"https:\/\/wp.me\/P9sVj6-hX","_links":{"self":[{"href":"https:\/\/www.studiolongboard.com\/fr\/wp-json\/wp\/v2\/pages\/1113","targetHints":{"allow":["GET"]}}],"collection":[{"href":"https:\/\/www.studiolongboard.com\/fr\/wp-json\/wp\/v2\/pages"}],"about":[{"href":"https:\/\/www.studiolongboard.com\/fr\/wp-json\/wp\/v2\/types\/page"}],"author":[{"embeddable":true,"href":"https:\/\/www.studiolongboard.com\/fr\/wp-json\/wp\/v2\/users\/2"}],"replies":[{"embeddable":true,"href":"https:\/\/www.studiolongboard.com\/fr\/wp-json\/wp\/v2\/comments?post=1113"}],"version-history":[{"count":0,"href":"https:\/\/www.studiolongboard.com\/fr\/wp-json\/wp\/v2\/pages\/1113\/revisions"}],"wp:attachment":[{"href":"https:\/\/www.studiolongboard.com\/fr\/wp-json\/wp\/v2\/media?parent=1113"}],"curies":[{"name":"wp","href":"https:\/\/api.w.org\/{rel}","templated":true}]}}