{"id":9825,"date":"2020-04-06T13:16:13","date_gmt":"2020-04-06T11:16:13","guid":{"rendered":"https:\/\/www.studiolongboard.com\/?post_type=product&#038;p=9825"},"modified":"2026-01-24T01:05:16","modified_gmt":"2026-01-24T00:05:16","slug":"paris-165mm-50-v3-raw","status":"publish","type":"product","link":"https:\/\/www.studiolongboard.com\/es\/shop\/longboards\/longboard-trucks\/paris-165mm-50-v3-raw\/","title":{"rendered":"Paris 165mm 50\u00b0 V3 raw"},"content":{"rendered":"<h2>Paris 165mm 50\u00b0 V3 raw<\/h2>\n<p>Paris hat mit der dritten Generation ihrer Longboard-Achsen eine Hangerbreite von 165mm eingef\u00fchrt. Gedacht besonders f\u00fcr Boards, die schmaler als 9&#8243; sind. Viele haben schon lange auf diese Breite geartet. Nicht zu gro\u00df, nicht zu klein. Die schmaleren Hanger bieten etwas mehr Grip und Kontrolle ohne Kompromisse bei Stabilit\u00e4t und Performance einzugehen.<\/p>\n<p>Paris V3 features:<\/p>\n<ul>\n<li>Proprietary Alloy Forming Process<\/li>\n<li>True T6 Heat Treatment<\/li>\n<li>Stronger, Redesigned Hanger<\/li>\n<li>SCM440 Alloy Steel Axles<\/li>\n<li>Improved 90a Urethane Bushing Formula<\/li>\n<li>Lighter, Reinforced Baseplate<\/li>\n<li>Redesigned SCM435 Alloy Steel Kingpins<\/li>\n<li>96a Hand Poured Urethane Pivot Cups<\/li>\n<li>50\u00b0 &amp; 43\u00b0 Matching Ride Heights<\/li>\n<li>50\u00b0 &amp; 43\u00b0 Baseplate Marker Symbols<\/li>\n<\/ul>\n<p>&nbsp;<\/p>\n<p><span class=\"embed-youtube\" style=\"text-align:center; display: block;\"><iframe loading=\"lazy\" class=\"youtube-player\" width=\"1020\" height=\"574\" src=\"https:\/\/www.youtube.com\/embed\/PkKRkAJMIdk?version=3&#038;rel=1&#038;showsearch=0&#038;showinfo=1&#038;iv_load_policy=1&#038;fs=1&#038;hl=es-ES&#038;autohide=2&#038;wmode=transparent\" allowfullscreen=\"true\" style=\"border:0;\" sandbox=\"allow-scripts allow-same-origin allow-popups allow-presentation allow-popups-to-escape-sandbox\"><\/iframe><\/span><\/p>","protected":false},"excerpt":{"rendered":"<p>Preis pro Achse<\/p>","protected":false},"featured_media":9826,"comment_status":"closed","ping_status":"closed","template":"","meta":{"jetpack_post_was_ever_published":false,"jetpack_publicize_message":"","jetpack_publicize_feature_enabled":true,"jetpack_social_post_already_shared":true,"jetpack_social_options":{"image_generator_settings":{"template":"highway","default_image_id":0,"font":"","enabled":false},"version":2}},"product_brand":[],"product_cat":[318],"product_tag":[2843],"class_list":{"0":"post-9825","1":"product","2":"type-product","3":"status-publish","4":"has-post-thumbnail","6":"product_cat-longboard-trucks","7":"product_tag-paris-v3","8":"product_shipping_class-paket","10":"first","11":"instock","12":"taxable","13":"shipping-taxable","14":"purchasable","15":"product-type-simple"},"composite_virtual":false,"composite_layout":"","composite_add_to_cart_form_location":"","composite_editable_in_cart":false,"composite_sold_individually_context":"","composite_shop_price_calc":"","composite_components":[],"composite_scenarios":[],"booking_location":null,"booking_location_type":null,"booking_duration":null,"booking_duration_unit":null,"booking_buffer":null,"booking_cost":null,"booking_resources":null,"jetpack_publicize_connections":[],"jetpack_sharing_enabled":true,"_links":{"self":[{"href":"https:\/\/www.studiolongboard.com\/es\/wp-json\/wp\/v2\/product\/9825","targetHints":{"allow":["GET"]}}],"collection":[{"href":"https:\/\/www.studiolongboard.com\/es\/wp-json\/wp\/v2\/product"}],"about":[{"href":"https:\/\/www.studiolongboard.com\/es\/wp-json\/wp\/v2\/types\/product"}],"replies":[{"embeddable":true,"href":"https:\/\/www.studiolongboard.com\/es\/wp-json\/wp\/v2\/comments?post=9825"}],"wp:featuredmedia":[{"embeddable":true,"href":"https:\/\/www.studiolongboard.com\/es\/wp-json\/wp\/v2\/media\/9826"}],"wp:attachment":[{"href":"https:\/\/www.studiolongboard.com\/es\/wp-json\/wp\/v2\/media?parent=9825"}],"wp:term":[{"taxonomy":"product_brand","embeddable":true,"href":"https:\/\/www.studiolongboard.com\/es\/wp-json\/wp\/v2\/product_brand?post=9825"},{"taxonomy":"product_cat","embeddable":true,"href":"https:\/\/www.studiolongboard.com\/es\/wp-json\/wp\/v2\/product_cat?post=9825"},{"taxonomy":"product_tag","embeddable":true,"href":"https:\/\/www.studiolongboard.com\/es\/wp-json\/wp\/v2\/product_tag?post=9825"}],"curies":[{"name":"wp","href":"https:\/\/api.w.org\/{rel}","templated":true}]}}