{"id":9734,"date":"2020-03-28T13:44:57","date_gmt":"2020-03-28T12:44:57","guid":{"rendered":"https:\/\/www.studiolongboard.com\/?post_type=product&#038;p=9734"},"modified":"2024-09-17T20:42:41","modified_gmt":"2024-09-17T18:42:41","slug":"daffyboard-balance-board-bodenschutzmatte","status":"publish","type":"product","link":"https:\/\/www.studiolongboard.com\/es\/shop\/accessories\/balance-boards\/daffyboard-balance-board-bodenschutzmatte\/","title":{"rendered":"DAFFYBOARD Balance Board Bodenschutzmatte"},"content":{"rendered":"<h2>DAFFYBOARD Balance Board Bodenschutzmatte<\/h2>\n<p>DAFFYBOARD Balance Board Bodenschutzmatte bietet mehr Grip auf glatten oder empfindlichen Oberfl\u00e4chen (z. B. Fliesen oder Laminat) und sch\u00fctzt diese gleichzeitig. Au\u00dferdem ist sie perfekt f\u00fcr Outdoorsessions im Sommer.  <\/p>\n<p>auf Recyclingbasis: Granulat Verbund,<br \/>\nMattengr\u00f6\u00dfe: 1520 x 580 mm<\/p>","protected":false},"excerpt":{"rendered":"<p>DAFFYBOARD Balance Board Bodenschutzmatte DAFFYBOARD Balance Board Bodenschutzmatte bietet mehr Grip auf glatten oder empfindlichen Oberfl\u00e4chen (z. B. Fliesen oder Laminat) und sch\u00fctzt diese gleichzeitig. Au\u00dferdem ist sie perfekt f\u00fcr Outdoorsessions im Sommer. auf Recyclingbasis: Granulat Verbund, Mattengr\u00f6\u00dfe: 1520 x 580 mm<\/p>","protected":false},"featured_media":9722,"comment_status":"open","ping_status":"closed","template":"","meta":{"jetpack_post_was_ever_published":false,"jetpack_publicize_message":"","jetpack_publicize_feature_enabled":true,"jetpack_social_post_already_shared":true,"jetpack_social_options":{"image_generator_settings":{"template":"highway","default_image_id":0,"font":"","enabled":false},"version":2}},"product_brand":[],"product_cat":[320,589],"product_tag":[590,591,599,600],"class_list":{"0":"post-9734","1":"product","2":"type-product","3":"status-publish","4":"has-post-thumbnail","6":"product_cat-accessories","7":"product_cat-balance-boards","8":"product_tag-balance","9":"product_tag-balance-board","10":"product_tag-balancebrett","11":"product_tag-balanceboard","12":"product_shipping_class-paket","14":"first","15":"outofstock","16":"taxable","17":"shipping-taxable","18":"purchasable","19":"product-type-simple"},"composite_virtual":false,"composite_layout":"","composite_add_to_cart_form_location":"","composite_editable_in_cart":false,"composite_sold_individually_context":"","composite_shop_price_calc":"","composite_components":[],"composite_scenarios":[],"booking_location":null,"booking_location_type":null,"booking_duration":null,"booking_duration_unit":null,"booking_buffer":null,"booking_cost":null,"booking_resources":null,"jetpack_publicize_connections":[],"jetpack_sharing_enabled":true,"_links":{"self":[{"href":"https:\/\/www.studiolongboard.com\/es\/wp-json\/wp\/v2\/product\/9734","targetHints":{"allow":["GET"]}}],"collection":[{"href":"https:\/\/www.studiolongboard.com\/es\/wp-json\/wp\/v2\/product"}],"about":[{"href":"https:\/\/www.studiolongboard.com\/es\/wp-json\/wp\/v2\/types\/product"}],"replies":[{"embeddable":true,"href":"https:\/\/www.studiolongboard.com\/es\/wp-json\/wp\/v2\/comments?post=9734"}],"wp:featuredmedia":[{"embeddable":true,"href":"https:\/\/www.studiolongboard.com\/es\/wp-json\/wp\/v2\/media\/9722"}],"wp:attachment":[{"href":"https:\/\/www.studiolongboard.com\/es\/wp-json\/wp\/v2\/media?parent=9734"}],"wp:term":[{"taxonomy":"product_brand","embeddable":true,"href":"https:\/\/www.studiolongboard.com\/es\/wp-json\/wp\/v2\/product_brand?post=9734"},{"taxonomy":"product_cat","embeddable":true,"href":"https:\/\/www.studiolongboard.com\/es\/wp-json\/wp\/v2\/product_cat?post=9734"},{"taxonomy":"product_tag","embeddable":true,"href":"https:\/\/www.studiolongboard.com\/es\/wp-json\/wp\/v2\/product_tag?post=9734"}],"curies":[{"name":"wp","href":"https:\/\/api.w.org\/{rel}","templated":true}]}}