{"id":9640,"date":"2020-03-18T15:23:30","date_gmt":"2020-03-18T14:23:30","guid":{"rendered":"https:\/\/www.studiolongboard.com\/?post_type=product&#038;p=9640"},"modified":"2023-12-06T15:38:55","modified_gmt":"2023-12-06T14:38:55","slug":"gutschein-ueber-25-e","status":"publish","type":"product","link":"https:\/\/www.studiolongboard.com\/es\/shop\/accessories\/gutscheine\/gutschein-ueber-25-e\/","title":{"rendered":"Gutschein \u00fcber 25 \u20ac"},"content":{"rendered":"<h2>Gutschein \u00fcber 25 \u20ac<\/h2>\n<p>Diesen Gutschein kannst du sowohl beim Kauf von Produkten aus unserem <a href=\"https:\/\/www.studiolongboard.com\/es\/tienda\/\">Onlineshop<\/a> oder bei der Buchung von <a href=\"https:\/\/www.studiolongboard.com\/es\/longboardkurse\/\">Talleres de patinaje<\/a>, <a href=\"https:\/\/www.studiolongboard.com\/es\/product-2\/utilizacion-de-las-salas-de-ensayo\/\">Proberaumnutzungen<\/a> und allen <a href=\"https:\/\/www.studiolongboard.com\/es\/product-category\/events\/servicios-de-estudio-de-grabacion\/\">Tonstudio-Dienstleistungen<\/a> einl\u00f6sen.<\/p>\n<p>Nach dem Kauf bekommst du von uns einen Gutschein per Post zugeschickt. Der Gutschein enth\u00e4lt einen Gutschein-Code, den du auch beim Online-Kauf ganz einfach einl\u00f6sen kannst.<\/p>\n<p>&nbsp;<\/p>","protected":false},"excerpt":{"rendered":"<p>Gutschein \u00fcber 25 \u20ac Diesen Gutschein kannst du sowohl beim Kauf von Produkten aus unserem Onlineshop oder bei der Buchung von Skate-Workshops, Proberaumnutzungen und allen Tonstudio-Dienstleistungen einl\u00f6sen. Nach dem Kauf bekommst du von uns einen Gutschein per Post zugeschickt. Der Gutschein enth\u00e4lt einen Gutschein-Code, den du auch beim Online-Kauf ganz einfach einl\u00f6sen kannst. &nbsp;<\/p>","protected":false},"featured_media":9641,"comment_status":"closed","ping_status":"closed","template":"","meta":{"jetpack_post_was_ever_published":false,"jetpack_publicize_message":"","jetpack_publicize_feature_enabled":true,"jetpack_social_post_already_shared":true,"jetpack_social_options":{"image_generator_settings":{"template":"highway","default_image_id":0,"font":"","enabled":false},"version":2}},"product_brand":[],"product_cat":[8639],"product_tag":[1389],"class_list":{"0":"post-9640","1":"product","2":"type-product","3":"status-publish","4":"has-post-thumbnail","6":"product_cat-gutscheine","7":"product_tag-gutschein","8":"product_shipping_class-paket-m","10":"first","11":"instock","12":"taxable","13":"shipping-taxable","14":"purchasable","15":"product-type-simple"},"composite_virtual":false,"composite_layout":"","composite_add_to_cart_form_location":"","composite_editable_in_cart":false,"composite_sold_individually_context":"","composite_shop_price_calc":"","composite_components":[],"composite_scenarios":[],"booking_location":null,"booking_location_type":null,"booking_duration":null,"booking_duration_unit":null,"booking_buffer":null,"booking_cost":null,"booking_resources":null,"jetpack_publicize_connections":[],"jetpack_sharing_enabled":true,"_links":{"self":[{"href":"https:\/\/www.studiolongboard.com\/es\/wp-json\/wp\/v2\/product\/9640","targetHints":{"allow":["GET"]}}],"collection":[{"href":"https:\/\/www.studiolongboard.com\/es\/wp-json\/wp\/v2\/product"}],"about":[{"href":"https:\/\/www.studiolongboard.com\/es\/wp-json\/wp\/v2\/types\/product"}],"replies":[{"embeddable":true,"href":"https:\/\/www.studiolongboard.com\/es\/wp-json\/wp\/v2\/comments?post=9640"}],"wp:featuredmedia":[{"embeddable":true,"href":"https:\/\/www.studiolongboard.com\/es\/wp-json\/wp\/v2\/media\/9641"}],"wp:attachment":[{"href":"https:\/\/www.studiolongboard.com\/es\/wp-json\/wp\/v2\/media?parent=9640"}],"wp:term":[{"taxonomy":"product_brand","embeddable":true,"href":"https:\/\/www.studiolongboard.com\/es\/wp-json\/wp\/v2\/product_brand?post=9640"},{"taxonomy":"product_cat","embeddable":true,"href":"https:\/\/www.studiolongboard.com\/es\/wp-json\/wp\/v2\/product_cat?post=9640"},{"taxonomy":"product_tag","embeddable":true,"href":"https:\/\/www.studiolongboard.com\/es\/wp-json\/wp\/v2\/product_tag?post=9640"}],"curies":[{"name":"wp","href":"https:\/\/api.w.org\/{rel}","templated":true}]}}