{"id":9609,"date":"2020-03-11T14:38:28","date_gmt":"2020-03-11T13:38:28","guid":{"rendered":"https:\/\/www.studiolongboard.com\/?post_type=product&#038;p=9609"},"modified":"2025-12-31T14:16:21","modified_gmt":"2025-12-31T13:16:21","slug":"timber-boards-el-toro","status":"publish","type":"product","link":"https:\/\/www.studiolongboard.com\/es\/shop\/longboards\/longboard-decks\/dance-freestyle-decks\/timber-boards-el-toro\/","title":{"rendered":"TIMBER BOARDS El Toro 2k22 Deck"},"content":{"rendered":"<h2>TIMBER BOARDS El Toro 2k22 Deck<\/h2>\n<p>TIMBER BOARDS El Toro 2k22 Deck hat einen subtilen Micro-Drop direkt hinter den Schrauben. Ein mehrstufiger Konkave gibt Dir die optimale Kontrolle in alle Richtungen. Ob Kickflips, Heelflips, Ollies oder was auch immer du in deiner grenzenlosen Vorstellungskraft heraufbeschw\u00f6ren m\u00f6chtest, dieses Longboard-Deck\u00a0wird vorhersehbar, stark, vertrauensw\u00fcrdig und vor Allem monstr\u00f6s sein.<br \/>\nDie 13-16 cm lange Kicks, abh\u00e4ngig von der gew\u00e4hlten Wheelbase, enthalten Kickplates.\u00a0Es ist eine zus\u00e4tzliche Schicht Bambus die f\u00fcr einen st\u00e4rkeren Pop und l\u00e4nger haltende Tail bzw Nose sorgt. El Toro hei\u00dft nicht umsonst so, denn er ist stark wie ein Bulle. Die optimale Kombination zwischen Geweben aus Glas- und Kohlefaser macht das Deck sch\u00f6n steif.<\/p>\n<p>Abmessungen:<br \/>\nL\u00e4nge: 99.5 cm, 39.17&#8243;<br \/>\nBreite: 23.2 cm, 9.13&#8243;<br \/>\nWheelbase: 54.5 cm \u2013 57.5 cm \u2013 60.5 cm,<br \/>\n21.46&#8243;- 22.64&#8243; \u2013 23.82&#8243;<\/p>\n<p>New for 2022:<\/p>\n<p>&#8211; Better and sharper graphic, more defined and brighter colours with higher contrast.<br \/>\n&#8211; New pressing method and a tweaked lay-up with a more even distribution of forces which results in a more balanced and stronger deck.<br \/>\n&#8211; Abrasion resistant top finish to keep that color looking good.<br \/>\n&#8211; Dancergrip (clear) as a standard on all 2K22 decks. Can be combined with regular too as it will still stick as usual.<\/p>\n<p>Grafik von\u00a0Lance Schmale<\/p>","protected":false},"excerpt":{"rendered":"<p>TIMBER BOARDS El Toro 2k22 Deck TIMBER BOARDS El Toro 2k22 Deck hat einen subtilen Micro-Drop direkt hinter den Schrauben. Ein mehrstufiger Konkave gibt Dir die optimale Kontrolle in alle Richtungen. Ob Kickflips, Heelflips, Ollies oder was auch immer du in deiner grenzenlosen Vorstellungskraft heraufbeschw\u00f6ren m\u00f6chtest, dieses Longboard-Deck\u00a0wird vorhersehbar, stark, vertrauensw\u00fcrdig und vor Allem monstr\u00f6s [&#8230;]\n","protected":false},"featured_media":23215,"comment_status":"open","ping_status":"closed","template":"","meta":{"jetpack_post_was_ever_published":false,"jetpack_publicize_message":"","jetpack_publicize_feature_enabled":true,"jetpack_social_post_already_shared":true,"jetpack_social_options":{"image_generator_settings":{"template":"highway","default_image_id":0,"font":"","enabled":false},"version":2}},"product_brand":[],"product_cat":[313,8789],"product_tag":[],"class_list":{"0":"post-9609","1":"product","2":"type-product","3":"status-publish","4":"has-post-thumbnail","6":"product_cat-longboard-decks","7":"product_cat-dance-freestyle-decks","8":"product_shipping_class-paket","10":"first","11":"instock","12":"taxable","13":"shipping-taxable","14":"purchasable","15":"product-type-simple"},"composite_virtual":false,"composite_layout":"","composite_add_to_cart_form_location":"","composite_editable_in_cart":false,"composite_sold_individually_context":"","composite_shop_price_calc":"","composite_components":[],"composite_scenarios":[],"booking_location":null,"booking_location_type":null,"booking_duration":null,"booking_duration_unit":null,"booking_buffer":null,"booking_cost":null,"booking_resources":null,"jetpack_publicize_connections":[],"jetpack_sharing_enabled":true,"_links":{"self":[{"href":"https:\/\/www.studiolongboard.com\/es\/wp-json\/wp\/v2\/product\/9609","targetHints":{"allow":["GET"]}}],"collection":[{"href":"https:\/\/www.studiolongboard.com\/es\/wp-json\/wp\/v2\/product"}],"about":[{"href":"https:\/\/www.studiolongboard.com\/es\/wp-json\/wp\/v2\/types\/product"}],"replies":[{"embeddable":true,"href":"https:\/\/www.studiolongboard.com\/es\/wp-json\/wp\/v2\/comments?post=9609"}],"wp:featuredmedia":[{"embeddable":true,"href":"https:\/\/www.studiolongboard.com\/es\/wp-json\/wp\/v2\/media\/23215"}],"wp:attachment":[{"href":"https:\/\/www.studiolongboard.com\/es\/wp-json\/wp\/v2\/media?parent=9609"}],"wp:term":[{"taxonomy":"product_brand","embeddable":true,"href":"https:\/\/www.studiolongboard.com\/es\/wp-json\/wp\/v2\/product_brand?post=9609"},{"taxonomy":"product_cat","embeddable":true,"href":"https:\/\/www.studiolongboard.com\/es\/wp-json\/wp\/v2\/product_cat?post=9609"},{"taxonomy":"product_tag","embeddable":true,"href":"https:\/\/www.studiolongboard.com\/es\/wp-json\/wp\/v2\/product_tag?post=9609"}],"curies":[{"name":"wp","href":"https:\/\/api.w.org\/{rel}","templated":true}]}}