{"id":9558,"date":"2020-03-05T18:39:57","date_gmt":"2020-03-05T17:39:57","guid":{"rendered":"https:\/\/www.studiolongboard.com\/?post_type=product&#038;p=9558"},"modified":"2026-03-17T20:12:22","modified_gmt":"2026-03-17T19:12:22","slug":"zak-maytum-freeride-bushings-85a","status":"publish","type":"product","link":"https:\/\/www.studiolongboard.com\/es\/shop\/accessories\/bushings-pivot-cups\/zak-maytum-freeride-bushings-85a\/","title":{"rendered":"Zak Maytum Freeride bushings 85a"},"content":{"rendered":"<h2>Zak Maytum Freeride bushings 85a<\/h2>\n<p>Zak Maytum Freeride bushings 85a neon yellow sind stabiler als ein Barrel und weniger einschr\u00e4nkend als der Eliminator Shape.\u00a0Sie \u00fcberzeugen durch einen breiten, stufigen Shape der in 2 Richtungen verbaut werden kann.\u00a0F\u00fcr den extra Hauch Stabilit\u00e4t und eine definierte Mitte das breitere Ende Richtung Hanger verbauen.<br \/>\nF\u00fcr tiefe Turns und dem extra an Rebound das d\u00fcnnere Ende richtung Hanger.<\/p>\n<p>Perfekt f\u00fcr die fettesten Slides.<\/p>\n<p>Produziert in den USA<\/p>\n<p>Die Freeride bushings sind im HPF (High Performance Urethane) Urethane gegossen und in folgenden H\u00e4rten lieferbar:<\/p>\n<p>78a navy blue<br \/>\n81a orange<br \/>\n85a neon yellow<br \/>\n87a purple<br \/>\n90a red<br \/>\n93a green<br \/>\n95a glow in the dark<br \/>\n97a pink<\/p>\n<p>Wegen Problemen mit Namensrechten in BRD musste der Name Venom in Zak Maytum Skate Products ge\u00e4ndert werden.<\/p>","protected":false},"excerpt":{"rendered":"<p>Zak Maytum Freeride bushings 85a Zak Maytum Freeride bushings 85a neon yellow sind stabiler als ein Barrel und weniger einschr\u00e4nkend als der Eliminator Shape.\u00a0Sie \u00fcberzeugen durch einen breiten, stufigen Shape der in 2 Richtungen verbaut werden kann.\u00a0F\u00fcr den extra Hauch Stabilit\u00e4t und eine definierte Mitte das breitere Ende Richtung Hanger verbauen. F\u00fcr tiefe Turns und [&#8230;]\n","protected":false},"featured_media":9556,"comment_status":"open","ping_status":"closed","template":"","meta":{"jetpack_post_was_ever_published":false,"jetpack_publicize_message":"","jetpack_publicize_feature_enabled":true,"jetpack_social_post_already_shared":true,"jetpack_social_options":{"image_generator_settings":{"template":"highway","default_image_id":0,"font":"","enabled":false},"version":2}},"product_brand":[],"product_cat":[320,3208],"product_tag":[780,3209,3633],"class_list":{"0":"post-9558","1":"product","2":"type-product","3":"status-publish","4":"has-post-thumbnail","6":"product_cat-accessories","7":"product_cat-bushings-pivot-cups","8":"product_tag-bushings","9":"product_tag-lenkgummies","10":"product_tag-venom","11":"product_shipping_class-paket-m","13":"first","14":"instock","15":"taxable","16":"shipping-taxable","17":"purchasable","18":"product-type-simple"},"composite_virtual":false,"composite_layout":"","composite_add_to_cart_form_location":"","composite_editable_in_cart":false,"composite_sold_individually_context":"","composite_shop_price_calc":"","composite_components":[],"composite_scenarios":[],"booking_location":null,"booking_location_type":null,"booking_duration":null,"booking_duration_unit":null,"booking_buffer":null,"booking_cost":null,"booking_resources":null,"jetpack_publicize_connections":[],"jetpack_sharing_enabled":true,"_links":{"self":[{"href":"https:\/\/www.studiolongboard.com\/es\/wp-json\/wp\/v2\/product\/9558","targetHints":{"allow":["GET"]}}],"collection":[{"href":"https:\/\/www.studiolongboard.com\/es\/wp-json\/wp\/v2\/product"}],"about":[{"href":"https:\/\/www.studiolongboard.com\/es\/wp-json\/wp\/v2\/types\/product"}],"replies":[{"embeddable":true,"href":"https:\/\/www.studiolongboard.com\/es\/wp-json\/wp\/v2\/comments?post=9558"}],"wp:featuredmedia":[{"embeddable":true,"href":"https:\/\/www.studiolongboard.com\/es\/wp-json\/wp\/v2\/media\/9556"}],"wp:attachment":[{"href":"https:\/\/www.studiolongboard.com\/es\/wp-json\/wp\/v2\/media?parent=9558"}],"wp:term":[{"taxonomy":"product_brand","embeddable":true,"href":"https:\/\/www.studiolongboard.com\/es\/wp-json\/wp\/v2\/product_brand?post=9558"},{"taxonomy":"product_cat","embeddable":true,"href":"https:\/\/www.studiolongboard.com\/es\/wp-json\/wp\/v2\/product_cat?post=9558"},{"taxonomy":"product_tag","embeddable":true,"href":"https:\/\/www.studiolongboard.com\/es\/wp-json\/wp\/v2\/product_tag?post=9558"}],"curies":[{"name":"wp","href":"https:\/\/api.w.org\/{rel}","templated":true}]}}