{"id":9553,"date":"2020-03-05T18:28:27","date_gmt":"2020-03-05T17:28:27","guid":{"rendered":"https:\/\/www.studiolongboard.com\/?post_type=product&#038;p=9553"},"modified":"2026-01-15T20:24:00","modified_gmt":"2026-01-15T19:24:00","slug":"zak-maytum-shr-freeride-bushings-88a","status":"publish","type":"product","link":"https:\/\/www.studiolongboard.com\/es\/shop\/accessories\/bushings-pivot-cups\/zak-maytum-shr-freeride-bushings-88a\/","title":{"rendered":"Bujes Zak Maytum SHR Freeride 88a"},"content":{"rendered":"<h2>Bujes Zak Maytum SHR Freeride 88a<\/h2>\n<p>SHR = Super High Rebound<br \/>\n88a Seafoam Green<\/p>\n<p>Verkauf als Paar. (2x St\u00fcck)<\/p>\n<p>Das SHR-Urethan hat deutlich mehr R\u00fcckstellkraft als das herk\u00f6mmliche HPF-Urethan. Dies macht die Achse lebendiger und agiler.<br \/>\nFreeride Bushings bieten mehr Stabilit\u00e4t als Barrel Bushings und begrenzen weniger als die Eliminator Bushings.<\/p>\n<p>F\u00fcr den extra Hauch Stabilit\u00e4t und eine definierte Mitte sollte man das breitere Ende Richtung Hanger verbauen.<br \/>\nF\u00fcr tiefe Turns und dem extra an Rebound das d\u00fcnnere Ende Richtung Hanger.<\/p>\n<p>Produziert in den USA<\/p>\n<p>Die Freeride bushings sind im SHR (Super High Rebound) Urethane gegossen und in folgenden H\u00e4rten lieferbar:<\/p>\n<p>80A Olive Green<br \/>\n83A Pastel Yellow<br \/>\n86A Pastel Blue<br \/>\n88A Seafoam Green<br \/>\n91A Blood Red<br \/>\n94A White<br \/>\n98A Grey<\/p>\n<p>Wegen Problemen mit Namensrechten in BRD musste der Name Venom in Zak Maytum Skate Products ge\u00e4ndert werden.<\/p>","protected":false},"excerpt":{"rendered":"<p>Zak Maytum SHR Freeride bushings 88a SHR = Super High Rebound 88a Seafoam Green Verkauf als Paar. (2x St\u00fcck) Das SHR-Urethan hat deutlich mehr R\u00fcckstellkraft als das herk\u00f6mmliche HPF-Urethan. Dies macht die Achse lebendiger und agiler. Freeride Bushings bieten mehr Stabilit\u00e4t als Barrel Bushings und begrenzen weniger als die Eliminator Bushings. F\u00fcr den extra Hauch [&#8230;]\n","protected":false},"featured_media":9554,"comment_status":"open","ping_status":"closed","template":"","meta":{"jetpack_post_was_ever_published":false,"jetpack_publicize_message":"","jetpack_publicize_feature_enabled":true,"jetpack_social_post_already_shared":true,"jetpack_social_options":{"image_generator_settings":{"template":"highway","default_image_id":0,"font":"","enabled":false},"version":2}},"product_brand":[9134],"product_cat":[3208,320],"product_tag":[780,3209,3633],"class_list":{"0":"post-9553","1":"product","2":"type-product","3":"status-publish","4":"has-post-thumbnail","6":"product_brand-venom","7":"product_cat-bushings-pivot-cups","8":"product_cat-accessories","9":"product_tag-bushings","10":"product_tag-lenkgummies","11":"product_tag-venom","12":"product_shipping_class-paket-m","14":"first","15":"instock","16":"taxable","17":"shipping-taxable","18":"purchasable","19":"product-type-simple"},"composite_virtual":false,"composite_layout":"","composite_add_to_cart_form_location":"","composite_editable_in_cart":false,"composite_sold_individually_context":"","composite_shop_price_calc":"","composite_components":[],"composite_scenarios":[],"booking_location":null,"booking_location_type":null,"booking_duration":null,"booking_duration_unit":null,"booking_buffer":null,"booking_cost":null,"booking_resources":null,"jetpack_publicize_connections":[],"jetpack_sharing_enabled":true,"_links":{"self":[{"href":"https:\/\/www.studiolongboard.com\/es\/wp-json\/wp\/v2\/product\/9553","targetHints":{"allow":["GET"]}}],"collection":[{"href":"https:\/\/www.studiolongboard.com\/es\/wp-json\/wp\/v2\/product"}],"about":[{"href":"https:\/\/www.studiolongboard.com\/es\/wp-json\/wp\/v2\/types\/product"}],"replies":[{"embeddable":true,"href":"https:\/\/www.studiolongboard.com\/es\/wp-json\/wp\/v2\/comments?post=9553"}],"wp:featuredmedia":[{"embeddable":true,"href":"https:\/\/www.studiolongboard.com\/es\/wp-json\/wp\/v2\/media\/9554"}],"wp:attachment":[{"href":"https:\/\/www.studiolongboard.com\/es\/wp-json\/wp\/v2\/media?parent=9553"}],"wp:term":[{"taxonomy":"product_brand","embeddable":true,"href":"https:\/\/www.studiolongboard.com\/es\/wp-json\/wp\/v2\/product_brand?post=9553"},{"taxonomy":"product_cat","embeddable":true,"href":"https:\/\/www.studiolongboard.com\/es\/wp-json\/wp\/v2\/product_cat?post=9553"},{"taxonomy":"product_tag","embeddable":true,"href":"https:\/\/www.studiolongboard.com\/es\/wp-json\/wp\/v2\/product_tag?post=9553"}],"curies":[{"name":"wp","href":"https:\/\/api.w.org\/{rel}","templated":true}]}}