{"id":9004,"date":"2020-01-14T14:51:52","date_gmt":"2020-01-14T13:51:52","guid":{"rendered":"https:\/\/www.studiolongboard.com\/?post_type=product&#038;p=9004"},"modified":"2026-04-14T18:07:02","modified_gmt":"2026-04-14T16:07:02","slug":"orangatang-kegel-80mm-83a-purple","status":"publish","type":"product","link":"https:\/\/www.studiolongboard.com\/es\/shop\/longboards\/longboard-wheels\/orangatang-kegel-80mm-83a-purple\/","title":{"rendered":"Cono Orangatang 80mm 83a Morado"},"content":{"rendered":"<h2 class=\"fn product-title\">Cono Orangatang 80mm 83a Morado<\/h2>\n<p>Die neue Orangatang Kegel Rolle ist dein Eintritt in die Welt des Highspeed Downhills. Die Gr\u00f6sse von 80mm katapultiert Dich in neue Dimensionen der Geschwindigkeit und die Breite von 56mm stellt die perfekte Balance zwischen Slide und Grip da. Die ausladende Lippe mit einem geraden Profil gibt genug Grip und wird sich gleichm\u00e4ssig Absliden&#8220;\u00a6und das bis zum Kern der 46mm gro\u00df ist. Der Kern ist wie alle Otang Kerne extra Stabil und h\u00e4lt jedem Man\u00f6ver stand.<\/p>\n<p>Die Kegel Rolle wird in der Otang Happy Urethan Formel gegossen. Dieses Urethan hat sich \u00fcber die Jahre bew\u00e4hrt und findet sich bereits in der 75mm In Heat und der 70mm 4 President Rolle wieder. Butter Slides und Grip wenn ben\u00f6tigt, dazu eine perfekte Vibrationsd\u00e4mpfung: Willkommen in der Welt des Highspeed Downhills!<\/p>\n<p>80mm Durchmesser \/ 56mm Breite \/ 56mm Kontaktfl\u00e4che \/ Offset \/ 83a<\/p>\n<p><strong>Preis f\u00fcr 4 Rollen<\/strong><\/p>\n<p>&nbsp;<\/p>\n<p><span class=\"embed-youtube\" style=\"text-align:center; display: block;\"><iframe loading=\"lazy\" class=\"youtube-player\" width=\"1020\" height=\"574\" src=\"https:\/\/www.youtube.com\/embed\/PrZ9eEhn8K8?version=3&#038;rel=1&#038;showsearch=0&#038;showinfo=1&#038;iv_load_policy=1&#038;fs=1&#038;hl=es-ES&#038;autohide=2&#038;wmode=transparent\" allowfullscreen=\"true\" style=\"border:0;\" sandbox=\"allow-scripts allow-same-origin allow-popups allow-presentation allow-popups-to-escape-sandbox\"><\/iframe><\/span><\/p>\n<p>&nbsp;<\/p>\n<p>&nbsp;<\/p>","protected":false},"excerpt":{"rendered":"<p><img loading=\"lazy\" decoding=\"async\" class=\"size-medium wp-image-2268 alignnone\" src=\"https:\/\/www.studiolongboard.com\/wp-content\/uploads\/2016\/06\/orangatangorange.1464318280-e1466617796594-300x99.jpg\" alt=\"\" width=\"300\" height=\"99\" \/><\/p>\n<p><img loading=\"lazy\" decoding=\"async\" class=\"size-medium wp-image-4922 alignnone\" src=\"https:\/\/www.studiolongboard.com\/wp-content\/uploads\/2017\/08\/de-pp_plus-logo-quer_ohne_PUI_540x60px-300x33.png\" alt=\"\" width=\"300\" height=\"33\" \/><\/p>","protected":false},"featured_media":9005,"comment_status":"open","ping_status":"closed","template":"","meta":{"jetpack_post_was_ever_published":false,"jetpack_publicize_message":"","jetpack_publicize_feature_enabled":true,"jetpack_social_post_already_shared":true,"jetpack_social_options":{"image_generator_settings":{"template":"highway","default_image_id":0,"font":"","enabled":false},"version":2}},"product_brand":[],"product_cat":[317,311],"product_tag":[773,328,4247,343],"class_list":{"0":"post-9004","1":"product","2":"type-product","3":"status-publish","4":"has-post-thumbnail","6":"product_cat-longboard-wheels","7":"product_cat-longboards","8":"product_tag-griprolle","9":"product_tag-freeride","10":"product_tag-long-distance","11":"product_tag-downhill","12":"product_shipping_class-paket-m","14":"first","15":"instock","16":"taxable","17":"shipping-taxable","18":"purchasable","19":"product-type-simple"},"composite_virtual":false,"composite_layout":"","composite_add_to_cart_form_location":"","composite_editable_in_cart":false,"composite_sold_individually_context":"","composite_shop_price_calc":"","composite_components":[],"composite_scenarios":[],"booking_location":null,"booking_location_type":null,"booking_duration":null,"booking_duration_unit":null,"booking_buffer":null,"booking_cost":null,"booking_resources":null,"jetpack_publicize_connections":[],"jetpack_sharing_enabled":true,"_links":{"self":[{"href":"https:\/\/www.studiolongboard.com\/es\/wp-json\/wp\/v2\/product\/9004","targetHints":{"allow":["GET"]}}],"collection":[{"href":"https:\/\/www.studiolongboard.com\/es\/wp-json\/wp\/v2\/product"}],"about":[{"href":"https:\/\/www.studiolongboard.com\/es\/wp-json\/wp\/v2\/types\/product"}],"replies":[{"embeddable":true,"href":"https:\/\/www.studiolongboard.com\/es\/wp-json\/wp\/v2\/comments?post=9004"}],"wp:featuredmedia":[{"embeddable":true,"href":"https:\/\/www.studiolongboard.com\/es\/wp-json\/wp\/v2\/media\/9005"}],"wp:attachment":[{"href":"https:\/\/www.studiolongboard.com\/es\/wp-json\/wp\/v2\/media?parent=9004"}],"wp:term":[{"taxonomy":"product_brand","embeddable":true,"href":"https:\/\/www.studiolongboard.com\/es\/wp-json\/wp\/v2\/product_brand?post=9004"},{"taxonomy":"product_cat","embeddable":true,"href":"https:\/\/www.studiolongboard.com\/es\/wp-json\/wp\/v2\/product_cat?post=9004"},{"taxonomy":"product_tag","embeddable":true,"href":"https:\/\/www.studiolongboard.com\/es\/wp-json\/wp\/v2\/product_tag?post=9004"}],"curies":[{"name":"wp","href":"https:\/\/api.w.org\/{rel}","templated":true}]}}