{"id":8812,"date":"2019-12-31T13:06:33","date_gmt":"2019-12-31T12:06:33","guid":{"rendered":"https:\/\/www.studiolongboard.com\/?post_type=product&#038;p=8812"},"modified":"2026-03-21T10:25:19","modified_gmt":"2026-03-21T09:25:19","slug":"bolzen-schrauben-kreuz-senkkopf","status":"publish","type":"product","link":"https:\/\/www.studiolongboard.com\/es\/shop\/accessories\/hardware\/bolzen-schrauben-kreuz-senkkopf\/","title":{"rendered":"Tornillos BOLZEN cabeza avellanada en cruz"},"content":{"rendered":"<h2>Tornillos BOLZEN cabeza avellanada en cruz<\/h2>\n<p>8 Schrauben plus Muttern.<br \/>\nF\u00fcr US Skatetools &#8211; keine DIN Schrauben!<\/p>\n<p><strong>Bitte Gr\u00f6sse w\u00e4hlen:<\/strong><\/p>\n<p>1 inch \/ ca 2.5 cm<\/p>\n<p>1.25 inch \/ ca 3.2 cm<\/p>\n<p>1.5 inch \/ ca 3.8 cm<\/p>\n<p>1.75 inch \/ ca 4.45 cm<\/p>\n<p>2 inch \/ ca 5.1 cm<\/p>\n<p>2.5 inch \/ ca 6.35 cm<\/p>\n<p>3 inch \/ ca 7.6 cm<\/p>","protected":false},"excerpt":{"rendered":"<p>BOLZEN Schrauben Kreuz Senkkopf 8 Schrauben plus Muttern. F\u00fcr US Skatetools &#8211; keine DIN Schrauben! Bitte Gr\u00f6sse w\u00e4hlen: 1 inch \/ ca 2.5 cm 1.25 inch \/ ca 3.2 cm 1.5 inch \/ ca 3.8 cm 1.75 inch \/ ca 4.45 cm 2 inch \/ ca 5.1 cm 2.5 inch \/ ca 6.35 cm 3 [&#8230;]\n","protected":false},"featured_media":8814,"comment_status":"closed","ping_status":"closed","template":"","meta":{"jetpack_post_was_ever_published":false,"jetpack_publicize_message":"","jetpack_publicize_feature_enabled":true,"jetpack_social_post_already_shared":true,"jetpack_social_options":{"image_generator_settings":{"template":"highway","default_image_id":0,"font":"","enabled":false},"version":2}},"product_brand":[9369],"product_cat":[532,320],"product_tag":[4616],"class_list":{"0":"post-8812","1":"product","2":"type-product","3":"status-publish","4":"has-post-thumbnail","6":"product_brand-bolzen","7":"product_cat-hardware","8":"product_cat-accessories","9":"product_tag-schrauben-set","10":"product_shipping_class-paket-m","12":"first","13":"instock","14":"taxable","15":"shipping-taxable","16":"purchasable","17":"product-type-variable"},"composite_virtual":false,"composite_layout":"","composite_add_to_cart_form_location":"","composite_editable_in_cart":false,"composite_sold_individually_context":"","composite_shop_price_calc":"","composite_components":[],"composite_scenarios":[],"booking_location":null,"booking_location_type":null,"booking_duration":null,"booking_duration_unit":null,"booking_buffer":null,"booking_cost":null,"booking_resources":null,"jetpack_publicize_connections":[],"jetpack_sharing_enabled":true,"_links":{"self":[{"href":"https:\/\/www.studiolongboard.com\/es\/wp-json\/wp\/v2\/product\/8812","targetHints":{"allow":["GET"]}}],"collection":[{"href":"https:\/\/www.studiolongboard.com\/es\/wp-json\/wp\/v2\/product"}],"about":[{"href":"https:\/\/www.studiolongboard.com\/es\/wp-json\/wp\/v2\/types\/product"}],"replies":[{"embeddable":true,"href":"https:\/\/www.studiolongboard.com\/es\/wp-json\/wp\/v2\/comments?post=8812"}],"wp:featuredmedia":[{"embeddable":true,"href":"https:\/\/www.studiolongboard.com\/es\/wp-json\/wp\/v2\/media\/8814"}],"wp:attachment":[{"href":"https:\/\/www.studiolongboard.com\/es\/wp-json\/wp\/v2\/media?parent=8812"}],"wp:term":[{"taxonomy":"product_brand","embeddable":true,"href":"https:\/\/www.studiolongboard.com\/es\/wp-json\/wp\/v2\/product_brand?post=8812"},{"taxonomy":"product_cat","embeddable":true,"href":"https:\/\/www.studiolongboard.com\/es\/wp-json\/wp\/v2\/product_cat?post=8812"},{"taxonomy":"product_tag","embeddable":true,"href":"https:\/\/www.studiolongboard.com\/es\/wp-json\/wp\/v2\/product_tag?post=8812"}],"curies":[{"name":"wp","href":"https:\/\/api.w.org\/{rel}","templated":true}]}}