{"id":8568,"date":"2019-12-16T14:24:52","date_gmt":"2019-12-16T13:24:52","guid":{"rendered":"https:\/\/www.studiolongboard.com\/?post_type=product&#038;p=8568"},"modified":"2026-04-01T15:09:45","modified_gmt":"2026-04-01T13:09:45","slug":"pogo-schneidebrett","status":"publish","type":"product","link":"https:\/\/www.studiolongboard.com\/es\/shop\/accessories\/pogo-schneidebrett\/","title":{"rendered":"Tabla de cortar POGO"},"content":{"rendered":"<h2>Tabla de cortar POGO<\/h2>\n<p>Das POGO Schneidebrett begleitet dich \u00fcberall hin, ganz egal was du damit vorhast.<br \/>\nOb als &#8222;Vesperbrettle&#8220; f\u00fcr deinem Camper, als Unterlage f\u00fcr eine gute Brotzeit auf dem Gipfel,<br \/>\nam Strand,&#8230;oder auch einfach f\u00fcr Zuhause.<\/p>\n<p>Mit seinem klassischen Fish Surfboard-Shape und dem mehrfarbigen Holzdesign kann ab jetzt mit der Extra Portion Style geschnippelt werden.<br \/>\nDie Neuauflage bietet robustes Bambusholz mit Stringern in verschiedenen Farbabstufungen und ein Lasercut POGO Logo.<\/p>\n<p>&#8211; Holz ist ein nat\u00fcrlicher Werkstoff<br \/>\n&#8211; Farbliche Abweichungen sind m\u00f6glich<\/p>\n<p>Ma\u00dfe: 46x20x1,8cm<\/p>","protected":false},"excerpt":{"rendered":"<p>POGO Schneidebrett Das POGO Schneidebrett begleitet dich \u00fcberall hin, ganz egal was du damit vorhast. Ob als &#8222;Vesperbrettle&#8220; f\u00fcr deinem Camper, als Unterlage f\u00fcr eine gute Brotzeit auf dem Gipfel, am Strand,&#8230;oder auch einfach f\u00fcr Zuhause. Mit seinem klassischen Fish Surfboard-Shape und dem mehrfarbigen Holzdesign kann ab jetzt mit der Extra Portion Style geschnippelt werden. [&#8230;]\n","protected":false},"featured_media":8569,"comment_status":"open","ping_status":"closed","template":"","meta":{"jetpack_post_was_ever_published":false,"jetpack_publicize_message":"","jetpack_publicize_feature_enabled":true,"jetpack_social_post_already_shared":true,"jetpack_social_options":{"image_generator_settings":{"template":"highway","default_image_id":0,"font":"","enabled":false},"version":2}},"product_brand":[],"product_cat":[320],"product_tag":[4477],"class_list":{"0":"post-8568","1":"product","2":"type-product","3":"status-publish","4":"has-post-thumbnail","6":"product_cat-accessories","7":"product_tag-schneidebrett","8":"product_shipping_class-paket-m","10":"first","11":"outofstock","12":"taxable","13":"shipping-taxable","14":"purchasable","15":"product-type-simple"},"composite_virtual":false,"composite_layout":"","composite_add_to_cart_form_location":"","composite_editable_in_cart":false,"composite_sold_individually_context":"","composite_shop_price_calc":"","composite_components":[],"composite_scenarios":[],"booking_location":null,"booking_location_type":null,"booking_duration":null,"booking_duration_unit":null,"booking_buffer":null,"booking_cost":null,"booking_resources":null,"jetpack_publicize_connections":[],"jetpack_sharing_enabled":true,"_links":{"self":[{"href":"https:\/\/www.studiolongboard.com\/es\/wp-json\/wp\/v2\/product\/8568","targetHints":{"allow":["GET"]}}],"collection":[{"href":"https:\/\/www.studiolongboard.com\/es\/wp-json\/wp\/v2\/product"}],"about":[{"href":"https:\/\/www.studiolongboard.com\/es\/wp-json\/wp\/v2\/types\/product"}],"replies":[{"embeddable":true,"href":"https:\/\/www.studiolongboard.com\/es\/wp-json\/wp\/v2\/comments?post=8568"}],"wp:featuredmedia":[{"embeddable":true,"href":"https:\/\/www.studiolongboard.com\/es\/wp-json\/wp\/v2\/media\/8569"}],"wp:attachment":[{"href":"https:\/\/www.studiolongboard.com\/es\/wp-json\/wp\/v2\/media?parent=8568"}],"wp:term":[{"taxonomy":"product_brand","embeddable":true,"href":"https:\/\/www.studiolongboard.com\/es\/wp-json\/wp\/v2\/product_brand?post=8568"},{"taxonomy":"product_cat","embeddable":true,"href":"https:\/\/www.studiolongboard.com\/es\/wp-json\/wp\/v2\/product_cat?post=8568"},{"taxonomy":"product_tag","embeddable":true,"href":"https:\/\/www.studiolongboard.com\/es\/wp-json\/wp\/v2\/product_tag?post=8568"}],"curies":[{"name":"wp","href":"https:\/\/api.w.org\/{rel}","templated":true}]}}