{"id":7751,"date":"2019-09-06T12:07:35","date_gmt":"2019-09-06T10:07:35","guid":{"rendered":"https:\/\/www.studiolongboard.com\/?post_type=product&#038;p=7751"},"modified":"2024-09-05T16:27:53","modified_gmt":"2024-09-05T14:27:53","slug":"landyachtz-rally-cat","status":"publish","type":"product","link":"https:\/\/www.studiolongboard.com\/es\/shop\/skateboards\/komplett-skateboards\/landyachtz-rally-cat\/","title":{"rendered":"LANDYACHTZ Rally Cat Kimono 35&#8243;"},"content":{"rendered":"<h2>LANDYACHTZ Rally Cat Kimono 35&#8243;<\/h2>\n<p>LANDYACHTZ Rally Cat Kimono 35&#8243; ist ein Hybrid-Board. Es steckt von allen Longboard und Skateboard-Disziplinen etwas an technischen Details drin. Es ist nicht nur ein (Mini)-Cruiser oder ein Skateboard, durch den tiefen Rocker\/Drop l\u00e4sst es sich angenehm pushen wie ein gedropptes Board, ausserdem l\u00e4sst es sich super Sliden und ist dadurch Freeride-f\u00e4hig. Eine Allzweckwaffe! Fast, es l\u00e4sst sich vielleicht nicht so gut drauf dancen \ud83d\ude09<\/p>\n<p><em>Twice the kicks but all the same flare, the Rally Cat has been overhauled to include a more functional nose and slightly tighter packaging for added agility and performance in tight, sketchy situations. The flares keep your feet super locked when skating faster and sliding, while the aggressive rocker gives you a nice comfortable, low platform for pushing and carving.<\/em><\/p>\n<p>Length: 88.9cm \/ 35&#8243;<br \/>\nWidth: 22.6cm \/ 8.9&#8243;<\/p>\n<p>Configurar<br \/>\nTrucks: Polar Bear 155mm Black<br \/>\nWheels: 63mm 78a EZ Ocean Teal<\/p>","protected":false},"excerpt":{"rendered":"<p>LANDYACHTZ Rally Cat Kimono 35&#8243; LANDYACHTZ Rally Cat Kimono 35&#8243; ist ein Hybrid-Board. Es steckt von allen Longboard und Skateboard-Disziplinen etwas an technischen Details drin. Es ist nicht nur ein (Mini)-Cruiser oder ein Skateboard, durch den tiefen Rocker\/Drop l\u00e4sst es sich angenehm pushen wie ein gedropptes Board, ausserdem l\u00e4sst es sich super Sliden und ist [&#8230;]\n","protected":false},"featured_media":20249,"comment_status":"closed","ping_status":"closed","template":"","meta":{"jetpack_post_was_ever_published":false,"jetpack_publicize_message":"","jetpack_publicize_feature_enabled":true,"jetpack_social_post_already_shared":true,"jetpack_social_options":{"image_generator_settings":{"template":"highway","default_image_id":0,"font":"","enabled":false},"version":2}},"product_brand":[],"product_cat":[311,312,319,310],"product_tag":[366,439],"class_list":{"0":"post-7751","1":"product","2":"type-product","3":"status-publish","4":"has-post-thumbnail","6":"product_cat-longboards","7":"product_cat-skateboards","8":"product_cat-komplett-skateboards","9":"product_cat-komplett-longboards","10":"product_tag-drop-down","11":"product_tag-rocker","12":"product_shipping_class-paket","14":"first","15":"outofstock","16":"taxable","17":"shipping-taxable","18":"purchasable","19":"product-type-simple"},"composite_virtual":false,"composite_layout":"","composite_add_to_cart_form_location":"","composite_editable_in_cart":false,"composite_sold_individually_context":"","composite_shop_price_calc":"","composite_components":[],"composite_scenarios":[],"booking_location":null,"booking_location_type":null,"booking_duration":null,"booking_duration_unit":null,"booking_buffer":null,"booking_cost":null,"booking_resources":null,"jetpack_publicize_connections":[],"jetpack_sharing_enabled":true,"_links":{"self":[{"href":"https:\/\/www.studiolongboard.com\/es\/wp-json\/wp\/v2\/product\/7751","targetHints":{"allow":["GET"]}}],"collection":[{"href":"https:\/\/www.studiolongboard.com\/es\/wp-json\/wp\/v2\/product"}],"about":[{"href":"https:\/\/www.studiolongboard.com\/es\/wp-json\/wp\/v2\/types\/product"}],"replies":[{"embeddable":true,"href":"https:\/\/www.studiolongboard.com\/es\/wp-json\/wp\/v2\/comments?post=7751"}],"wp:featuredmedia":[{"embeddable":true,"href":"https:\/\/www.studiolongboard.com\/es\/wp-json\/wp\/v2\/media\/20249"}],"wp:attachment":[{"href":"https:\/\/www.studiolongboard.com\/es\/wp-json\/wp\/v2\/media?parent=7751"}],"wp:term":[{"taxonomy":"product_brand","embeddable":true,"href":"https:\/\/www.studiolongboard.com\/es\/wp-json\/wp\/v2\/product_brand?post=7751"},{"taxonomy":"product_cat","embeddable":true,"href":"https:\/\/www.studiolongboard.com\/es\/wp-json\/wp\/v2\/product_cat?post=7751"},{"taxonomy":"product_tag","embeddable":true,"href":"https:\/\/www.studiolongboard.com\/es\/wp-json\/wp\/v2\/product_tag?post=7751"}],"curies":[{"name":"wp","href":"https:\/\/api.w.org\/{rel}","templated":true}]}}