{"id":7725,"date":"2019-08-29T13:31:43","date_gmt":"2019-08-29T11:31:43","guid":{"rendered":"https:\/\/www.studiolongboard.com\/?post_type=product&#038;p=7725"},"modified":"2025-12-31T14:16:51","modified_gmt":"2025-12-31T13:16:51","slug":"g-truck-surfskate-achse-set-165mm","status":"publish","type":"product","link":"https:\/\/www.studiolongboard.com\/es\/shop\/longboards\/longboard-trucks\/g-truck-surfskate-achse-set-165mm\/","title":{"rendered":"G-TRUCK Surfskate Achse Set 165mm"},"content":{"rendered":"<h2>G-TRUCK Surfskate Achse Set 165mm<\/h2>\n<p>G-TRUCK Surfskate Achse Set 165mm<\/p>\n<p>G*Truck Surfskate Achse wurde von uns ausgiebig getestet und ist absolut empfehlenswert. Nicht nur der Preis ist super, die Achse ist so wie man sich den idealen Surftrainer vorstellt. Durchaus vergleichbar mit Carver CX Achsen. Durch den extrem steilen Lenkwinkel der vorderen Achse kommt das Fahrgef\u00fchl dem des Wellenreitens unglaublich nah. Dank der verschiedenen Bushings ist auch den Surfskate-Neulingen unter euch absoluter Spa\u00df garantiert, denn in der Achse befinden sich die G-Truck high rebound Buhings mit einer H\u00e4rte von 90A. F\u00fcr diejenigen, die es gerne wesentlich extremer haben m\u00f6chten, gibt es noch ein zus\u00e4tzliches Bushing-Set mit besonderem Shape oben drauf (78A). Smoother l\u00e4sst es sich wirklich nicht lenken!<\/p>\n<p>Im Set sind enthalten:<\/p>\n<p>&#8211; eine G*Truck Vorderachse und eine G*Truck Hinterachse<\/p>\n<p>&#8211; 2 G*Truck Riser Pads<\/p>\n<p>&#8211; 2 G*Truck Bushings mit besonderem Shape f\u00fcr noch krassere Turns (78A)<\/p>\n<p>&#8211; 1 Set goldene Schrauben<\/p>","protected":false},"excerpt":{"rendered":"<p>G-TRUCK Surfskate Achse Set 165mm G-TRUCK Surfskate Achse Set 165mm G*Truck Surfskate Achse wurde von uns ausgiebig getestet und ist absolut empfehlenswert. Nicht nur der Preis ist super, die Achse ist so wie man sich den idealen Surftrainer vorstellt. Durchaus vergleichbar mit Carver CX Achsen. Durch den extrem steilen Lenkwinkel der vorderen Achse kommt das [&#8230;]\n","protected":false},"featured_media":18113,"comment_status":"open","ping_status":"closed","template":"","meta":{"jetpack_post_was_ever_published":false,"jetpack_publicize_message":"","jetpack_publicize_feature_enabled":true,"jetpack_social_post_already_shared":true,"jetpack_social_options":{"image_generator_settings":{"template":"highway","default_image_id":0,"font":"","enabled":false},"version":2}},"product_brand":[],"product_cat":[318,531,8795],"product_tag":[331],"class_list":{"0":"post-7725","1":"product","2":"type-product","3":"status-publish","4":"has-post-thumbnail","6":"product_cat-longboard-trucks","7":"product_cat-surfskates","8":"product_cat-surfskate-trucks","9":"product_tag-surfskate","10":"product_shipping_class-paket","12":"first","13":"instock","14":"taxable","15":"shipping-taxable","16":"purchasable","17":"product-type-simple"},"composite_virtual":false,"composite_layout":"","composite_add_to_cart_form_location":"","composite_editable_in_cart":false,"composite_sold_individually_context":"","composite_shop_price_calc":"","composite_components":[],"composite_scenarios":[],"booking_location":null,"booking_location_type":null,"booking_duration":null,"booking_duration_unit":null,"booking_buffer":null,"booking_cost":null,"booking_resources":null,"jetpack_publicize_connections":[],"jetpack_sharing_enabled":true,"_links":{"self":[{"href":"https:\/\/www.studiolongboard.com\/es\/wp-json\/wp\/v2\/product\/7725","targetHints":{"allow":["GET"]}}],"collection":[{"href":"https:\/\/www.studiolongboard.com\/es\/wp-json\/wp\/v2\/product"}],"about":[{"href":"https:\/\/www.studiolongboard.com\/es\/wp-json\/wp\/v2\/types\/product"}],"replies":[{"embeddable":true,"href":"https:\/\/www.studiolongboard.com\/es\/wp-json\/wp\/v2\/comments?post=7725"}],"wp:featuredmedia":[{"embeddable":true,"href":"https:\/\/www.studiolongboard.com\/es\/wp-json\/wp\/v2\/media\/18113"}],"wp:attachment":[{"href":"https:\/\/www.studiolongboard.com\/es\/wp-json\/wp\/v2\/media?parent=7725"}],"wp:term":[{"taxonomy":"product_brand","embeddable":true,"href":"https:\/\/www.studiolongboard.com\/es\/wp-json\/wp\/v2\/product_brand?post=7725"},{"taxonomy":"product_cat","embeddable":true,"href":"https:\/\/www.studiolongboard.com\/es\/wp-json\/wp\/v2\/product_cat?post=7725"},{"taxonomy":"product_tag","embeddable":true,"href":"https:\/\/www.studiolongboard.com\/es\/wp-json\/wp\/v2\/product_tag?post=7725"}],"curies":[{"name":"wp","href":"https:\/\/api.w.org\/{rel}","templated":true}]}}