{"id":7700,"date":"2019-08-28T11:45:14","date_gmt":"2019-08-28T09:45:14","guid":{"rendered":"https:\/\/www.studiolongboard.com\/?post_type=product&#038;p=7700"},"modified":"2025-11-14T17:27:20","modified_gmt":"2025-11-14T16:27:20","slug":"orangatang-stimulus-70mm-77a","status":"publish","type":"product","link":"https:\/\/www.studiolongboard.com\/es\/shop\/longboards\/longboard-wheels\/orangatang-stimulus-70mm-77a\/","title":{"rendered":"Orangatang Stimulus Wheels"},"content":{"rendered":"<h2>Orangatang Stimulus Wheels<\/h2>\n<p>Orangatang Stimulus Wheels 70mm kombinieren einen Offset Lagersitz mit einer relativ breiten Kontaktfl\u00e4che von 42 mm.<br \/>\nDie abgerundeten Seiten sorgen f\u00fcr die perfekte Mischung aus eingeslideter Race und rutschiger Freeride Rolle.<br \/>\nDie angerauhte Oberfl\u00e4che l\u00e4sst dich sofort los sliden, und das direkt bei der ersten Fahrt.<br \/>\nSlides, Cruisen, Tricks und Dancen&#8230;perfekt f\u00fcr die Stimulus.<\/p>\n<p>Verkauf im 4er Set.<\/p>\n<p>Durchmesser: 70mm<br \/>\nBreite: 49mm<br \/>\nKontaktfl\u00e4che: 42mm<br \/>\nH\u00e4rten: 77a, 80a, 83a, 86a<br \/>\nAsiento del rodamiento: Desplazado<br \/>\nF\u00f3rmula: Happy Thane<br \/>\nN\u00facleo: uretano de alta resistencia, gran rigidez y resistente al calor<\/p>\n<p>&nbsp;<\/p>\n<p><span class=\"embed-youtube\" style=\"text-align:center; display: block;\"><iframe loading=\"lazy\" class=\"youtube-player\" width=\"1020\" height=\"574\" src=\"https:\/\/www.youtube.com\/embed\/Y4qzD5nGCSs?version=3&#038;rel=1&#038;showsearch=0&#038;showinfo=1&#038;iv_load_policy=1&#038;fs=1&#038;hl=es-ES&#038;autohide=2&#038;wmode=transparent\" allowfullscreen=\"true\" style=\"border:0;\" sandbox=\"allow-scripts allow-same-origin allow-popups allow-presentation allow-popups-to-escape-sandbox\"><\/iframe><\/span><\/p>","protected":false},"excerpt":{"rendered":"<p>Orangatang Stimulus Wheels Orangatang Stimulus Wheels 70mm kombinieren einen Offset Lagersitz mit einer relativ breiten Kontaktfl\u00e4che von 42 mm. Die abgerundeten Seiten sorgen f\u00fcr die perfekte Mischung aus eingeslideter Race und rutschiger Freeride Rolle. Die angerauhte Oberfl\u00e4che l\u00e4sst dich sofort los sliden, und das direkt bei der ersten Fahrt. Slides, Cruisen, Tricks und Dancen&#8230;perfekt f\u00fcr [&#8230;]\n","protected":false},"featured_media":17032,"comment_status":"open","ping_status":"closed","template":"","meta":{"jetpack_post_was_ever_published":false,"jetpack_publicize_message":"","jetpack_publicize_feature_enabled":true,"jetpack_social_post_already_shared":true,"jetpack_social_options":{"image_generator_settings":{"template":"highway","default_image_id":0,"font":"","enabled":false},"version":2}},"product_brand":[],"product_cat":[311,317],"product_tag":[380,381,383,3618],"class_list":{"0":"post-7700","1":"product","2":"type-product","3":"status-publish","4":"has-post-thumbnail","6":"product_cat-longboards","7":"product_cat-longboard-wheels","8":"product_tag-80a","9":"product_tag-83a","10":"product_tag-77a","11":"product_tag-stimulus","12":"product_shipping_class-paket","14":"first","15":"outofstock","16":"taxable","17":"shipping-taxable","18":"purchasable","19":"product-type-variable","20":"has-default-attributes"},"composite_virtual":false,"composite_layout":"","composite_add_to_cart_form_location":"","composite_editable_in_cart":false,"composite_sold_individually_context":"","composite_shop_price_calc":"","composite_components":[],"composite_scenarios":[],"booking_location":null,"booking_location_type":null,"booking_duration":null,"booking_duration_unit":null,"booking_buffer":null,"booking_cost":null,"booking_resources":null,"jetpack_publicize_connections":[],"jetpack_sharing_enabled":true,"_links":{"self":[{"href":"https:\/\/www.studiolongboard.com\/es\/wp-json\/wp\/v2\/product\/7700","targetHints":{"allow":["GET"]}}],"collection":[{"href":"https:\/\/www.studiolongboard.com\/es\/wp-json\/wp\/v2\/product"}],"about":[{"href":"https:\/\/www.studiolongboard.com\/es\/wp-json\/wp\/v2\/types\/product"}],"replies":[{"embeddable":true,"href":"https:\/\/www.studiolongboard.com\/es\/wp-json\/wp\/v2\/comments?post=7700"}],"wp:featuredmedia":[{"embeddable":true,"href":"https:\/\/www.studiolongboard.com\/es\/wp-json\/wp\/v2\/media\/17032"}],"wp:attachment":[{"href":"https:\/\/www.studiolongboard.com\/es\/wp-json\/wp\/v2\/media?parent=7700"}],"wp:term":[{"taxonomy":"product_brand","embeddable":true,"href":"https:\/\/www.studiolongboard.com\/es\/wp-json\/wp\/v2\/product_brand?post=7700"},{"taxonomy":"product_cat","embeddable":true,"href":"https:\/\/www.studiolongboard.com\/es\/wp-json\/wp\/v2\/product_cat?post=7700"},{"taxonomy":"product_tag","embeddable":true,"href":"https:\/\/www.studiolongboard.com\/es\/wp-json\/wp\/v2\/product_tag?post=7700"}],"curies":[{"name":"wp","href":"https:\/\/api.w.org\/{rel}","templated":true}]}}