{"id":7517,"date":"2019-07-29T18:52:10","date_gmt":"2019-07-29T16:52:10","guid":{"rendered":"https:\/\/www.studiolongboard.com\/?post_type=product&#038;p=7517"},"modified":"2024-11-25T20:52:39","modified_gmt":"2024-11-25T19:52:39","slug":"loaded-race-slide-handschuhe","status":"publish","type":"product","link":"https:\/\/www.studiolongboard.com\/es\/shop\/protection\/handschuhe\/loaded-race-slide-handschuhe\/","title":{"rendered":"Loaded Race Slide Handschuhe"},"content":{"rendered":"<h2>Loaded Race Slide Handschuhe<\/h2>\n<p>Loaded Race Slide Handschuhe<\/p>\n<p>Loaded Race Slide Handschuhe V2 sind die edle Leder-Carbon Variante der beliebten Loaded Slide Handschuhe. Die meist sehr empfindlichen Fingerspitzen sind mit Carbon verst\u00e4rkt &#8211; das ist nicht nur gut f\u00fcr die Haltbarkeit des Handschuhs sondern auch gut f\u00fcr die H\u00e4nde. Die Pucks sind besonders gut haltbar. Ein absoluter Tipp in Sachen Slide Gloves!<\/p>\n<p>Erh\u00e4ltlich in zwei Gr\u00f6\u00dfen S\/M und L\/XL (fallen etwas kleiner aus)<\/p>","protected":false},"excerpt":{"rendered":"<p>Loaded Race Slide Handschuhe Loaded Race Slide Handschuhe Loaded Race Slide Handschuhe V2 sind die edle Leder-Carbon Variante der beliebten Loaded Slide Handschuhe. Die meist sehr empfindlichen Fingerspitzen sind mit Carbon verst\u00e4rkt &#8211; das ist nicht nur gut f\u00fcr die Haltbarkeit des Handschuhs sondern auch gut f\u00fcr die H\u00e4nde. Die Pucks sind besonders gut haltbar. [&#8230;]\n","protected":false},"featured_media":7520,"comment_status":"open","ping_status":"closed","template":"","meta":{"jetpack_post_was_ever_published":false,"jetpack_publicize_message":"","jetpack_publicize_feature_enabled":true,"jetpack_social_post_already_shared":true,"jetpack_social_options":{"image_generator_settings":{"template":"highway","default_image_id":0,"font":"","enabled":false},"version":2}},"product_brand":[],"product_cat":[530,320,505],"product_tag":[1137,506,507],"class_list":{"0":"post-7517","1":"product","2":"type-product","3":"status-publish","4":"has-post-thumbnail","6":"product_cat-handschuhe","7":"product_cat-accessories","8":"product_cat-protection","9":"product_tag-slide","10":"product_tag-slidehandschuhe","11":"product_tag-slide-gloves","12":"product_shipping_class-paket-m","14":"first","15":"outofstock","16":"taxable","17":"shipping-taxable","18":"product-type-variable"},"composite_virtual":false,"composite_layout":"","composite_add_to_cart_form_location":"","composite_editable_in_cart":false,"composite_sold_individually_context":"","composite_shop_price_calc":"","composite_components":[],"composite_scenarios":[],"booking_location":null,"booking_location_type":null,"booking_duration":null,"booking_duration_unit":null,"booking_buffer":null,"booking_cost":null,"booking_resources":null,"jetpack_publicize_connections":[],"jetpack_sharing_enabled":true,"_links":{"self":[{"href":"https:\/\/www.studiolongboard.com\/es\/wp-json\/wp\/v2\/product\/7517","targetHints":{"allow":["GET"]}}],"collection":[{"href":"https:\/\/www.studiolongboard.com\/es\/wp-json\/wp\/v2\/product"}],"about":[{"href":"https:\/\/www.studiolongboard.com\/es\/wp-json\/wp\/v2\/types\/product"}],"replies":[{"embeddable":true,"href":"https:\/\/www.studiolongboard.com\/es\/wp-json\/wp\/v2\/comments?post=7517"}],"wp:featuredmedia":[{"embeddable":true,"href":"https:\/\/www.studiolongboard.com\/es\/wp-json\/wp\/v2\/media\/7520"}],"wp:attachment":[{"href":"https:\/\/www.studiolongboard.com\/es\/wp-json\/wp\/v2\/media?parent=7517"}],"wp:term":[{"taxonomy":"product_brand","embeddable":true,"href":"https:\/\/www.studiolongboard.com\/es\/wp-json\/wp\/v2\/product_brand?post=7517"},{"taxonomy":"product_cat","embeddable":true,"href":"https:\/\/www.studiolongboard.com\/es\/wp-json\/wp\/v2\/product_cat?post=7517"},{"taxonomy":"product_tag","embeddable":true,"href":"https:\/\/www.studiolongboard.com\/es\/wp-json\/wp\/v2\/product_tag?post=7517"}],"curies":[{"name":"wp","href":"https:\/\/api.w.org\/{rel}","templated":true}]}}