{"id":7106,"date":"2019-06-03T17:33:13","date_gmt":"2019-06-03T15:33:13","guid":{"rendered":"https:\/\/www.studiolongboard.com\/?post_type=product&#038;p=7106"},"modified":"2025-07-11T14:26:15","modified_gmt":"2025-07-11T12:26:15","slug":"sprachaufnahme-buchen","status":"publish","type":"product","link":"https:\/\/www.studiolongboard.com\/es\/shop\/tonstudio-dienstleistungen\/sprachaufnahme-buchen\/","title":{"rendered":"Grabaci\u00f3n de voz de libro"},"content":{"rendered":"<h2>Grabaci\u00f3n de voz de libro<\/h2>\n<p>Sprachaufnahme buchen\u00a0im Studio Longboard!<\/p>\n<p>Egal f\u00fcr welchen Zweck sie Ihre Sprachaufnahme ben\u00f6tigen, ob f\u00fcr Sie Image-Videos oder Erkl\u00e4rfilme produzieren wollen, H\u00f6rb\u00fccher umsetzen, Apps und Games vertonen m\u00f6chten, Synchronaufnahmen f\u00fcr Filme und Videoclips ben\u00f6tigen. Wir haben nicht nur das professionelle Equipment und die perfekten R\u00e4umlichkeiten sondern auch das entsprechende Know-How und Erfahrung f\u00fcr ein bestm\u00f6gliches Ergebnis.<\/p>\n<p>Wir sind unkompliziert, zuverl\u00e4ssig und schnell. Brauchen Sie eventuell auch eine\/n professionelle\/n Sprecher\/in? Kein Problem, gerne k\u00f6nnen wir auf das uns zur Verf\u00fcgung stehende Pool an Sprechern zugreifen.<\/p>\n<p>Haben Sie noch weitere Fragen? Dann melden Sie sich gerne bei uns \u00fcber das <a href=\"https:\/\/www.studiolongboard.com\/es\/kontakt\/kontaktformular\/\">Formulario de contacto<\/a>.<\/p>\n<p>Referenzen:<\/p>\n<p>H\u00f6rbuch <a href=\"https:\/\/www.studiolongboard.com\/es\/hoerbuch-wahlheimat-neuseeland\/\">&#8222;Wahlheimat Neuseeland&#8220;<\/a><\/p>","protected":false},"excerpt":{"rendered":"<p>Sprachaufnahme buchen Sprachaufnahme buchen\u00a0im Studio Longboard! Egal f\u00fcr welchen Zweck sie Ihre Sprachaufnahme ben\u00f6tigen, ob f\u00fcr Sie Image-Videos oder Erkl\u00e4rfilme produzieren wollen, H\u00f6rb\u00fccher umsetzen, Apps und Games vertonen m\u00f6chten, Synchronaufnahmen f\u00fcr Filme und Videoclips ben\u00f6tigen. Wir haben nicht nur das professionelle Equipment und die perfekten R\u00e4umlichkeiten sondern auch das entsprechende Know-How und Erfahrung f\u00fcr ein [&#8230;]\n","protected":false},"featured_media":21094,"comment_status":"closed","ping_status":"closed","template":"","meta":{"jetpack_post_was_ever_published":false,"jetpack_publicize_message":"","jetpack_publicize_feature_enabled":true,"jetpack_social_post_already_shared":true,"jetpack_social_options":{"image_generator_settings":{"template":"highway","default_image_id":0,"font":"","enabled":false},"version":2}},"product_brand":[],"product_cat":[2674],"product_tag":[8807,2665,8806],"class_list":{"0":"post-7106","1":"product","2":"type-product","3":"status-publish","4":"has-post-thumbnail","6":"product_cat-tonstudio-dienstleistungen","7":"product_tag-podcast","8":"product_tag-sprachaufnahme","9":"product_tag-sprecher","11":"first","12":"instock","13":"virtual","14":"sold-individually","15":"taxable","16":"purchasable","17":"product-type-booking"},"composite_virtual":false,"composite_layout":"","composite_add_to_cart_form_location":"","composite_editable_in_cart":false,"composite_sold_individually_context":"","composite_shop_price_calc":"","composite_components":[],"composite_scenarios":[],"booking_location":"","booking_location_type":"","booking_duration":1,"booking_duration_unit":"hour","booking_buffer":0,"booking_cost":0,"booking_resources":[6448],"jetpack_publicize_connections":[],"jetpack_sharing_enabled":true,"_links":{"self":[{"href":"https:\/\/www.studiolongboard.com\/es\/wp-json\/wp\/v2\/product\/7106","targetHints":{"allow":["GET"]}}],"collection":[{"href":"https:\/\/www.studiolongboard.com\/es\/wp-json\/wp\/v2\/product"}],"about":[{"href":"https:\/\/www.studiolongboard.com\/es\/wp-json\/wp\/v2\/types\/product"}],"replies":[{"embeddable":true,"href":"https:\/\/www.studiolongboard.com\/es\/wp-json\/wp\/v2\/comments?post=7106"}],"wp:featuredmedia":[{"embeddable":true,"href":"https:\/\/www.studiolongboard.com\/es\/wp-json\/wp\/v2\/media\/21094"}],"wp:attachment":[{"href":"https:\/\/www.studiolongboard.com\/es\/wp-json\/wp\/v2\/media?parent=7106"}],"wp:term":[{"taxonomy":"product_brand","embeddable":true,"href":"https:\/\/www.studiolongboard.com\/es\/wp-json\/wp\/v2\/product_brand?post=7106"},{"taxonomy":"product_cat","embeddable":true,"href":"https:\/\/www.studiolongboard.com\/es\/wp-json\/wp\/v2\/product_cat?post=7106"},{"taxonomy":"product_tag","embeddable":true,"href":"https:\/\/www.studiolongboard.com\/es\/wp-json\/wp\/v2\/product_tag?post=7106"}],"curies":[{"name":"wp","href":"https:\/\/api.w.org\/{rel}","templated":true}]}}