{"id":6728,"date":"2019-03-13T14:51:03","date_gmt":"2019-03-13T13:51:03","guid":{"rendered":"https:\/\/www.studiolongboard.com\/?post_type=product&#038;p=6728"},"modified":"2025-07-08T13:10:06","modified_gmt":"2025-07-08T11:10:06","slug":"aufnahmeraum-mieten","status":"publish","type":"product","link":"https:\/\/www.studiolongboard.com\/es\/shop\/tonstudio-dienstleistungen\/aufnahmeraum-mieten\/","title":{"rendered":"Reservar sala de grabaci\u00f3n\/sala de ensayo por d\u00edas"},"content":{"rendered":"<h2>Reservar sala de grabaci\u00f3n\/sala de ensayo por d\u00edas<\/h2>\n<p>Aufnahmeraum\/Proberaum tageweise buchen in Hamburg Altona. Ihr sucht einen isolierten Aufnahmeraum, wo ihr ungest\u00f6rt \u00fcben oder in Eigenregie aufnehmen k\u00f6nnt oder mehrere Tage am St\u00fcck euer Set proben wollt. Der Aufnahmeraum unseres Tonstudios bietet mit ca 30 qm optimale Arbeitsbedingungen. \u00a0Hier k\u00f6nnt ihr unseren Aufnahmeraum f\u00fcr solche Zwecke tageweise buchen. Standardzeiten sind von 10:00 bis 20:00 Uhr. Andere Uhrzeiten k\u00f6nnen nach Bedarf mit uns vereinbart werden.<\/p>\n<p>Folgende Backline steht euch dabei zur Verf\u00fcgung:<\/p>\n<ul>\n<li>Drum Set \u2013\u00a0SONOR Performer<\/li>\n<li>Bassverst\u00e4rker \u2013\u00a0SWR mit Trace Eliot Box 4\u00d710\u2033<\/li>\n<li>Gitarrenverst\u00e4rker \u2013 Marshall JCM 900 mit Crate Box 4\u00d712\u2033<\/li>\n<li>Gitarrenverst\u00e4rker \u2013 Petersburg P100 mit Deichsound Box 2\u00d712\u2033<\/li>\n<li>Teclado Yamaha DX7<\/li>\n<li>Stagepiano Alesis Recital Pro<\/li>\n<li>Digitalmischpult \u2013 YAMAHA LS9-16<\/li>\n<li>Tops \u2013 Kling &amp; Freitag \u00a0(2x 300 Watt)<\/li>\n<li>B\u00e4sse \u2013 Kling &amp; Freitag SW 115 E (2x 750 Watt)<\/li>\n<\/ul>\n<p>Solltet ihr zus\u00e4tzlich Mikrofone, Kabel und weiteres Aufnahmeequipment ben\u00f6tigen, k\u00f6nnt ihr selbstverst\u00e4ndlich gegen einen geringen Aufpreis bei uns buchen. Sprecht uns deswegen gerne fr\u00fchzeitig an.<\/p>\n<p>Die Nutzung des Aufnahmeraums erfolgt nach einer Einweisung durch unseren Haustechniker. Sollten Probleme oder Fragen bei der Nutzung entstehen, sind wir f\u00fcr euch da und helfen wo wir k\u00f6nnen.<\/p>\n<p>Nuestro estudio de grabaci\u00f3n se encuentra en Leverkusenstr. 13 Casa F. Dependiendo de la hora del d\u00eda, hay plazas de aparcamiento disponibles directamente delante del estudio. Tambi\u00e9n puede conducir hasta la puerta principal para cargar y descargar.<\/p>\n<p>Die Buchung kann nur 5 Tage vor dem Termin kostenlos storniert oder verschoben werden. Bei einer Stornierung mit weniger als 5 Tagen vor dem Termin behalten wir 50 % des Buchungspreises. siehe auch <a href=\"https:\/\/www.studiolongboard.com\/es\/agb-tonstudio\/\">Estudio de grabaci\u00f3n AGB<\/a><\/p>\n<p>Lea tambi\u00e9n el <a href=\"https:\/\/www.studiolongboard.com\/wp-content\/uploads\/2025\/01\/Proberaum-Nutzungsregeln.pdf\">Normas de uso de las salas de ensayo<\/a>. Cuando utilice la sala por primera vez, le pedimos que firme las normas despu\u00e9s de la sesi\u00f3n informativa t\u00e9cnica.<\/p>\n<p>Solltet ihr noch Fragen haben, schreibt uns gerne \u00fcber das <a href=\"https:\/\/www.studiolongboard.com\/es\/kontakt\/kontaktformular\/\">Formulario de contacto<\/a>.<\/p>\n<p>&nbsp;<\/p>\n<p>Fotos von <a href=\"http:\/\/moncefdellandrea.com\">Moncef Dellandrea<\/a><\/p>","protected":false},"excerpt":{"rendered":"<p>El precio se reduce un 15% a partir del 2\u00ba d\u00eda de la reserva<\/p>","protected":false},"featured_media":3945,"comment_status":"open","ping_status":"closed","template":"","meta":{"jetpack_post_was_ever_published":false,"jetpack_publicize_message":"","jetpack_publicize_feature_enabled":true,"jetpack_social_post_already_shared":true,"jetpack_social_options":{"image_generator_settings":{"template":"highway","default_image_id":0,"font":"","enabled":false},"version":2}},"product_brand":[],"product_cat":[2674],"product_tag":[2215,2216,2217,2218,2219,2220,2221,2222],"class_list":{"0":"post-6728","1":"product","2":"type-product","3":"status-publish","4":"has-post-thumbnail","6":"product_cat-tonstudio-dienstleistungen","7":"product_tag-aufnahmeraum","8":"product_tag-tonstudio","9":"product_tag-proben","10":"product_tag-rehearsal","11":"product_tag-aufnahmen","12":"product_tag-mieten","13":"product_tag-rent","14":"product_tag-studio","16":"first","17":"instock","18":"virtual","19":"sold-individually","20":"taxable","21":"purchasable","22":"product-type-booking"},"composite_virtual":false,"composite_layout":"","composite_add_to_cart_form_location":"","composite_editable_in_cart":false,"composite_sold_individually_context":"","composite_shop_price_calc":"","composite_components":[],"composite_scenarios":[],"booking_location":"","booking_location_type":"","booking_duration":1,"booking_duration_unit":"day","booking_buffer":0,"booking_cost":0,"booking_resources":[6448],"jetpack_publicize_connections":[],"jetpack_sharing_enabled":true,"_links":{"self":[{"href":"https:\/\/www.studiolongboard.com\/es\/wp-json\/wp\/v2\/product\/6728","targetHints":{"allow":["GET"]}}],"collection":[{"href":"https:\/\/www.studiolongboard.com\/es\/wp-json\/wp\/v2\/product"}],"about":[{"href":"https:\/\/www.studiolongboard.com\/es\/wp-json\/wp\/v2\/types\/product"}],"replies":[{"embeddable":true,"href":"https:\/\/www.studiolongboard.com\/es\/wp-json\/wp\/v2\/comments?post=6728"}],"wp:featuredmedia":[{"embeddable":true,"href":"https:\/\/www.studiolongboard.com\/es\/wp-json\/wp\/v2\/media\/3945"}],"wp:attachment":[{"href":"https:\/\/www.studiolongboard.com\/es\/wp-json\/wp\/v2\/media?parent=6728"}],"wp:term":[{"taxonomy":"product_brand","embeddable":true,"href":"https:\/\/www.studiolongboard.com\/es\/wp-json\/wp\/v2\/product_brand?post=6728"},{"taxonomy":"product_cat","embeddable":true,"href":"https:\/\/www.studiolongboard.com\/es\/wp-json\/wp\/v2\/product_cat?post=6728"},{"taxonomy":"product_tag","embeddable":true,"href":"https:\/\/www.studiolongboard.com\/es\/wp-json\/wp\/v2\/product_tag?post=6728"}],"curies":[{"name":"wp","href":"https:\/\/api.w.org\/{rel}","templated":true}]}}