{"id":66830,"date":"2025-12-02T19:14:19","date_gmt":"2025-12-02T18:14:19","guid":{"rendered":"https:\/\/www.studiolongboard.com\/?post_type=product&#038;p=66830"},"modified":"2025-12-06T03:26:34","modified_gmt":"2025-12-06T02:26:34","slug":"kendama-record-splash-mc","status":"publish","type":"product","link":"https:\/\/www.studiolongboard.com\/es\/shop\/kendama\/kendama-record-splash-mc\/","title":{"rendered":"Kendama Record + Splash MC"},"content":{"rendered":"<h2>Kendama Record + Splash MC<\/h2>\n<p>Kendama Record + Splash MC<\/p>\n<p>Lackart: \tSticky Match Clear<\/p>\n<p>Jetzt erh\u00e4ltlich als exklusive Aqua Series \u2013 eine limitierte Neuauflage eines der beliebtesten Record-Designs.<br \/>\nNur eine kleine St\u00fcckzahl wurde produziert, wodurch dieses Drop zu einer echten Sammleredition f\u00fcr alle wird, die es beim ersten Mal verpasst haben.<\/p>\n<p>Splash &#8211; Licht brach, getroffen von einer schwebenden Tama, unz\u00e4hlige St\u00fccke flogen funkelnd durch die Luft, f\u00e4rbten ihre Umgebung mit bemerkenswerten Spritzern.<\/p>\n<p>Das legend\u00e4re Record Kendama kehrt als Record Plus zur\u00fcck. Der deutsche Kendama Meister Olaf Jaszczuk und viele der besten Kendama Pros der Welt sind \u00fcberzeugt: Der Shape, der die Kendama-Welt schon einmal revolutioniert hat, wird neue Ma\u00dfst\u00e4be setzen. Mit 14 Jahren Expertise haben die europ\u00e4ischen Kendama-Pioniere das Game in Sachen Balance auf die Spitze getrieben.<\/p>\n<p>Die Anforderung an moderne Kendamas sind enorm gestiegen \u2013 das Record Plus Design \u00fcbertrifft alle Erwartungen: Die europ\u00e4ischen Kendama-Pioniere haben die Volumen- und Gewichtsverteilung perfektioniert und sorgen damit f\u00fcr immer ausgewogene Ken Balance. Auf den ersten Blick stechen die breite Outline und das volumige Sarado mit sehr gro\u00dfen Tellern ins Auge, die f\u00fcr m\u00e4chtig viel Kontrolle beim Catchen sowie zentrale Stabilit\u00e4t und Drehfreudigkeit bei Fliptricks sorgen.<\/p>\n<p>Der kleine Teller hat einen breiteren Rand als der gro\u00dfe \u2013 ein gro\u00dfes Plus in puncto Ausgeglichenheit. So bleibt das Ken in allen Situationen im Gleichgewicht und garantiert dabei sehr gute Bird und stall Kontrolle. Das stimmige Gesamtkonzept samt der neuen Base Cup Bohrung macht das Record Plus zu einem High-Performance Kendama. Cup und stall Tricks gehen ebenso leicht von der Hand wie fl\u00fcssige stringcombosund komplexe Juggles. Aufgrund der unglaublichen guten Overall Balance lassen sich trotz der \u00fcberragenden Lunar Balance auch weiterhin smooth Slingers zocken. Die Schnur ist lang genug f\u00fcr Juggles direkt aus der Verpackung und ein High-Speed-Kugellager erm\u00f6glicht endlose Flowcombos.<\/p>\n<p>Fazit:<br \/>\nKendama Europe hat seine langj\u00e4hrige Erfahrung als Kendama-Pionier und Shaper mit dem innovativen Record Plus Shape einmal mehr ausgespielt und setzt neue Ma\u00dfst\u00e4be im Balance Game.<\/p>\n<p>Eigenschaften:<br \/>\nKenshape:<br \/>\nDas Plus Shape ist etwas gr\u00f6\u00dfer als herk\u00f6mmliche Kendamas und vermittelt dadurch noch mehr Kontrolle in der Hand.<\/p>\n<p>Saradoshape:<br \/>\nMit der Saradoform haben sich die Shaper selbst \u00fcbertroffen. Das Centervolumen kombiniert unglaubliche Drehfreudigkeit mit h\u00f6chster Flugstabilit\u00e4t und setzt neue Ma\u00dfst\u00e4be in der Kendama-Welt.<\/p>\n<p>Cups:<br \/>\nDie Cupgr\u00f6\u00dfe \u00fcbertrifft alles bisher Dagewesene und vereinfacht jegliche Arten von Catches\u2013 egal ob Cup Game, Lunars oder Stalls. Einmal ausprobiert, willst Du nie wieder auf die gro\u00dfen Teller verzichten.<\/p>\n<p>Basecup hole:<br \/>\nDie Aussparung sorgt f\u00fcr ein leichteren Basecup und verlagert das Gesamtgewicht noch mehr ins Zentrum. Dies f\u00fchrt zu einer prefekten Lunar Balance.<\/p>\n<p>Overallshape:<br \/>\nDas ideale Kendama f\u00fcr Fortgeschrittene und Pro Spieler mit High-Performance-Ambitionen. Es wird allen Anforderungen des Kendama- Spiels auf h\u00f6chstem Skill-Level gerecht.<\/p>\n<p>Kugel:<br \/>\nDie Kugel ist ein Ticken gr\u00f6\u00dfer als bei herk\u00f6mmlichen Kendamas, genauso wie die Lochbohrung und deren Eintrittswinkel. Spiken war noch nie so leicht!<\/p>\n<p>Lack:<br \/>\nJe nach Spielstil in drei Varianten erh\u00e4ltlich: Natur, Grip Lack (sehr gut f\u00fcr Balance Tricks) und Match Clear (der neueste Sticky lack mit dem wirklich alles geht). Alle Lackvarianten weisen eine sehr hohe Haltbarkeit und Langlebigkeit auf \u2013 wie Ihr es von Kendama Europe gewohnt seid.<\/p>\n<p>Schnurl\u00e4nge:<br \/>\nExtra lange Schnur, die alle Arten von Juggles, String- und Flow-Tricks erm\u00f6glicht.<\/p>\n<p>Spinner:<br \/>\nHigh Speed Micro Bearing verhindert, dass sich die Schnur aufdreht und erlaubt Dir endlose Flow Trick Combos.<\/p>\n<p>Dieses Kendama wird mit folgenden Extras geliefert:<br \/>\nEine illustrierte Gebrauchs-, und Trickanleitung<br \/>\nExtra lange Ersatzschnur, Perle &amp; Einf\u00e4delwerkzeug<br \/>\nViele l\u00e4ssige Sticker<\/p>\n<p>Farbe: natur<br \/>\nHersteller: Kendama Europe<br \/>\nAltersempfehlung: Geeignet f\u00fcr Kinder ab 7 Jahren.<br \/>\nGr\u00f6\u00dfe: Plus<br \/>\nModell: Record Plus<br \/>\nHolzart Ken: Buchenholz<br \/>\nHolzart Kugel: Buchenholz<br \/>\n<strong>Lackart: Sticky Match Clear<\/strong><br \/>\nSchnurl\u00e4nge: sechs Finger<br \/>\nBesonderheiten des Kens: base cup hole<br \/>\nBesonderheiten der Kugel : Eye-Tracking-Design, gro\u00dfes Kugelloch<br \/>\nVerpackungsgewicht: 250 g<\/p>\n<p>&nbsp;<\/p>\n<h2 data-start=\"312\" data-end=\"365\">Die drei Lack\/Finish-Arten bei Kendama Europe<\/h2>\n<div class=\"_tableContainer_1rjym_1\">\n<div class=\"group _tableWrapper_1rjym_13 flex w-fit flex-col-reverse\">\n<table class=\"w-fit min-w-(--thread-content-width)\" data-start=\"367\" data-end=\"1074\">\n<thead data-start=\"367\" data-end=\"415\">\n<tr data-start=\"367\" data-end=\"415\">\n<th data-start=\"367\" data-end=\"383\" data-col-size=\"sm\">Finish \/ Lack<\/th>\n<th data-start=\"383\" data-end=\"415\" data-col-size=\"xl\">Beschreibung \/ Eigenschaften<\/th>\n<\/tr>\n<\/thead>\n<tbody data-start=\"464\" data-end=\"1074\">\n<tr data-start=\"464\" data-end=\"632\">\n<td data-start=\"464\" data-end=\"476\" data-col-size=\"sm\"><strong data-start=\"466\" data-end=\"475\">Natur<\/strong><\/td>\n<td data-col-size=\"xl\" data-start=\"476\" data-end=\"632\">Holz bleibt (nahezu) unbehandelt \u2013 kein spezieller Grip-Lack. Oft als \u201erein nat\u00fcrlich\u201c bezeichnet (oft \u201eNatty\u201c).<\/td>\n<\/tr>\n<tr data-start=\"633\" data-end=\"840\">\n<td data-start=\"633\" data-end=\"656\" data-col-size=\"sm\"><strong data-start=\"635\" data-end=\"655\">Grip \/ Grip Lack<\/strong><\/td>\n<td data-col-size=\"xl\" data-start=\"656\" data-end=\"840\">Eine beschichtete Oberfl\u00e4che mit griffigem Lack (\u201etacky\/grippy paint\u201c), entwickelt f\u00fcr maximale Haftung bei Balance- und Stabilit\u00e4ts-Tricks.<\/td>\n<\/tr>\n<tr data-start=\"841\" data-end=\"1074\">\n<td data-start=\"841\" data-end=\"866\" data-col-size=\"sm\"><strong data-start=\"843\" data-end=\"865\">Sticky Match Clear<\/strong><\/td>\n<td data-col-size=\"xl\" data-start=\"866\" data-end=\"1074\">Der \u201eneuste Sticky-Lack\u201c, laut Kendama Europe f\u00fcr \u201ealles\u201c ausgelegt \u2014 also m\u00f6glichst vielseitig: gute Haftung, aber auch genug Gleiten f\u00fcr Flexibilit\u00e4t bei Landungen.<\/td>\n<\/tr>\n<\/tbody>\n<\/table>\n<\/div>\n<\/div>","protected":false},"excerpt":{"rendered":"<p>Kendama Record + Splash MC Kendama Record + Splash MC Lackart: Sticky Match Clear Jetzt erh\u00e4ltlich als exklusive Aqua Series \u2013 eine limitierte Neuauflage eines der beliebtesten Record-Designs. Nur eine kleine St\u00fcckzahl wurde produziert, wodurch dieses Drop zu einer echten Sammleredition f\u00fcr alle wird, die es beim ersten Mal verpasst haben. Splash &#8211; Licht brach, [&#8230;]\n","protected":false},"featured_media":66831,"comment_status":"open","ping_status":"closed","template":"","meta":{"jetpack_post_was_ever_published":false,"jetpack_publicize_message":"","jetpack_publicize_feature_enabled":true,"jetpack_social_post_already_shared":true,"jetpack_social_options":{"image_generator_settings":{"template":"highway","default_image_id":0,"font":"","enabled":false},"version":2}},"product_brand":[9183],"product_cat":[732,320],"product_tag":[9340,722,726,9339],"class_list":{"0":"post-66830","1":"product","2":"type-product","3":"status-publish","4":"has-post-thumbnail","6":"product_brand-kendama-europe","7":"product_cat-kendama","8":"product_cat-accessories","9":"product_tag-sticky-match-clear","10":"product_tag-kendama","11":"product_tag-triple-stripes","12":"product_tag-kendama-record-splash","13":"product_shipping_class-paket-m","15":"first","16":"outofstock","17":"taxable","18":"shipping-taxable","19":"purchasable","20":"product-type-simple"},"composite_virtual":false,"composite_layout":"","composite_add_to_cart_form_location":"","composite_editable_in_cart":false,"composite_sold_individually_context":"","composite_shop_price_calc":"","composite_components":[],"composite_scenarios":[],"booking_location":null,"booking_location_type":null,"booking_duration":null,"booking_duration_unit":null,"booking_buffer":null,"booking_cost":null,"booking_resources":null,"jetpack_publicize_connections":[],"jetpack_sharing_enabled":true,"_links":{"self":[{"href":"https:\/\/www.studiolongboard.com\/es\/wp-json\/wp\/v2\/product\/66830","targetHints":{"allow":["GET"]}}],"collection":[{"href":"https:\/\/www.studiolongboard.com\/es\/wp-json\/wp\/v2\/product"}],"about":[{"href":"https:\/\/www.studiolongboard.com\/es\/wp-json\/wp\/v2\/types\/product"}],"replies":[{"embeddable":true,"href":"https:\/\/www.studiolongboard.com\/es\/wp-json\/wp\/v2\/comments?post=66830"}],"wp:featuredmedia":[{"embeddable":true,"href":"https:\/\/www.studiolongboard.com\/es\/wp-json\/wp\/v2\/media\/66831"}],"wp:attachment":[{"href":"https:\/\/www.studiolongboard.com\/es\/wp-json\/wp\/v2\/media?parent=66830"}],"wp:term":[{"taxonomy":"product_brand","embeddable":true,"href":"https:\/\/www.studiolongboard.com\/es\/wp-json\/wp\/v2\/product_brand?post=66830"},{"taxonomy":"product_cat","embeddable":true,"href":"https:\/\/www.studiolongboard.com\/es\/wp-json\/wp\/v2\/product_cat?post=66830"},{"taxonomy":"product_tag","embeddable":true,"href":"https:\/\/www.studiolongboard.com\/es\/wp-json\/wp\/v2\/product_tag?post=66830"}],"curies":[{"name":"wp","href":"https:\/\/api.w.org\/{rel}","templated":true}]}}